{"id":89409,"date":"2022-09-30T21:40:44","date_gmt":"2022-09-30T21:40:44","guid":{"rendered":"https:\/\/www.3p-gmbh.de\/produkt\/machine-a-arrondir-les-angles-couteau-a-decouper-rayon-haut-bas-7mm\/"},"modified":"2022-09-30T21:40:44","modified_gmt":"2022-09-30T21:40:44","slug":"machine-a-decouper-les-coins-ronds-poinconneuse-haut-bas-rayon-7mm","status":"publish","type":"product","link":"https:\/\/www.3p-gmbh.de\/fr\/produkt\/machine-a-decouper-les-coins-ronds-poinconneuse-haut-bas-rayon-7mm\/","title":{"rendered":"Machine \u00e0 arrondir les angles Couteau \u00e0 d\u00e9couper Rayon haut-bas 7mm"},"content":{"rendered":"<div><strong>pour Karl Tr\u00e4nklein &#8211; Baier &#8211; Krause machine \u00e0 arrondir les angles<\/strong><\/div>\n<div><\/div>\n<div>Couteau \u00e0 d\u00e9couper Rayon sup\u00e9rieur\/inf\u00e9rieur 7mm<\/div>\n<div><\/div>\n<div><em>autres rayons sur demande<\/em><\/div>\n","protected":false},"excerpt":{"rendered":"<p>pour Karl Tr\u00e4nklein &#8211; Baier &#8211; Krause machine \u00e0 arrondir les angles Couteau \u00e0 d\u00e9couper Rayon sup\u00e9rieur\/inf\u00e9rieur 7mm autres rayons sur demande<\/p>\n","protected":false},"featured_media":61477,"template":"","meta":[],"product_brand":[],"product_cat":[2904,2890],"product_tag":[],"class_list":{"0":"post-89409","1":"product","2":"type-product","3":"status-publish","4":"has-post-thumbnail","6":"product_cat-poinconnage","7":"product_cat-reliure-dassortiment","8":"pa_hersteller-baier","9":"pa_hersteller-karl-traenklein","10":"pa_hersteller-krause","12":"first","13":"instock","14":"taxable","15":"shipping-taxable","16":"product-type-simple"},"jetpack_sharing_enabled":true,"_links":{"self":[{"href":"https:\/\/www.3p-gmbh.de\/fr\/wp-json\/wp\/v2\/product\/89409","targetHints":{"allow":["GET"]}}],"collection":[{"href":"https:\/\/www.3p-gmbh.de\/fr\/wp-json\/wp\/v2\/product"}],"about":[{"href":"https:\/\/www.3p-gmbh.de\/fr\/wp-json\/wp\/v2\/types\/product"}],"wp:featuredmedia":[{"embeddable":true,"href":"https:\/\/www.3p-gmbh.de\/fr\/wp-json\/wp\/v2\/media\/61477"}],"wp:attachment":[{"href":"https:\/\/www.3p-gmbh.de\/fr\/wp-json\/wp\/v2\/media?parent=89409"}],"wp:term":[{"taxonomy":"product_brand","embeddable":true,"href":"https:\/\/www.3p-gmbh.de\/fr\/wp-json\/wp\/v2\/product_brand?post=89409"},{"taxonomy":"product_cat","embeddable":true,"href":"https:\/\/www.3p-gmbh.de\/fr\/wp-json\/wp\/v2\/product_cat?post=89409"},{"taxonomy":"product_tag","embeddable":true,"href":"https:\/\/www.3p-gmbh.de\/fr\/wp-json\/wp\/v2\/product_tag?post=89409"}],"curies":[{"name":"wp","href":"https:\/\/api.w.org\/{rel}","templated":true}]}}