{"id":89405,"date":"2022-09-30T21:52:43","date_gmt":"2022-09-30T21:52:43","guid":{"rendered":"https:\/\/www.3p-gmbh.de\/produkt\/machine-demballage-en-serie-kallfass-universa-ec-avec-tunnel-de-retraction-compact-650-sec\/"},"modified":"2022-09-30T21:52:43","modified_gmt":"2022-09-30T21:52:43","slug":"shrink-wrapping-machine-series-packer-kallfass-universa-ec-with-shrink-tunnel-compact-650-sec","status":"publish","type":"product","link":"https:\/\/www.3p-gmbh.de\/fr\/produkt\/shrink-wrapping-machine-series-packer-kallfass-universa-ec-with-shrink-tunnel-compact-650-sec\/","title":{"rendered":"Machine d&#8217;emballage en s\u00e9rie Kallfass Universa EC avec tunnel de r\u00e9traction Compact 650 SEC"},"content":{"rendered":"<div><strong>Machine d&#8217;emballage en s\u00e9rie Kallfass Universa EC avec tunnel de r\u00e9traction Compact 650 SEC<\/strong><\/div>\n<div><strong>de l&rsquo;ann\u00e9e 2008<\/strong><\/div>\n<div>47 000 heures de fonctionnement \u00e0 ce jour<\/div>\n","protected":false},"excerpt":{"rendered":"<p>Machine d&#8217;emballage en s\u00e9rie Kallfass Universa EC avec tunnel de r\u00e9traction Compact 650 SEC de l&rsquo;ann\u00e9e 2008 47 000 heures de fonctionnement \u00e0 ce jour<\/p>\n","protected":false},"featured_media":61544,"template":"","meta":[],"product_brand":[],"product_cat":[3024],"product_tag":[],"class_list":{"0":"post-89405","1":"product","2":"type-product","3":"status-publish","4":"has-post-thumbnail","6":"product_cat-emballage-sous-film-et-tenseur","7":"pa_hersteller-kallfass","8":"pa_typ-compact-650-sec","9":"pa_typ-universa-ec","11":"first","12":"instock","13":"taxable","14":"shipping-taxable","15":"product-type-simple"},"jetpack_sharing_enabled":true,"_links":{"self":[{"href":"https:\/\/www.3p-gmbh.de\/fr\/wp-json\/wp\/v2\/product\/89405","targetHints":{"allow":["GET"]}}],"collection":[{"href":"https:\/\/www.3p-gmbh.de\/fr\/wp-json\/wp\/v2\/product"}],"about":[{"href":"https:\/\/www.3p-gmbh.de\/fr\/wp-json\/wp\/v2\/types\/product"}],"wp:featuredmedia":[{"embeddable":true,"href":"https:\/\/www.3p-gmbh.de\/fr\/wp-json\/wp\/v2\/media\/61544"}],"wp:attachment":[{"href":"https:\/\/www.3p-gmbh.de\/fr\/wp-json\/wp\/v2\/media?parent=89405"}],"wp:term":[{"taxonomy":"product_brand","embeddable":true,"href":"https:\/\/www.3p-gmbh.de\/fr\/wp-json\/wp\/v2\/product_brand?post=89405"},{"taxonomy":"product_cat","embeddable":true,"href":"https:\/\/www.3p-gmbh.de\/fr\/wp-json\/wp\/v2\/product_cat?post=89405"},{"taxonomy":"product_tag","embeddable":true,"href":"https:\/\/www.3p-gmbh.de\/fr\/wp-json\/wp\/v2\/product_tag?post=89405"}],"curies":[{"name":"wp","href":"https:\/\/api.w.org\/{rel}","templated":true}]}}