{"id":89398,"date":"2022-11-14T22:42:31","date_gmt":"2022-11-14T22:42:31","guid":{"rendered":"https:\/\/www.3p-gmbh.de\/produkt\/plieuse-et-agrafeuse-nagel-foldnak-4-avec-sortie-a-ecailles\/"},"modified":"2022-11-14T22:42:31","modified_gmt":"2022-11-14T22:42:31","slug":"plieuse-agrafeuse-cloueuse-foldnak-4-avec-fleche-ecailleuse","status":"publish","type":"product","link":"https:\/\/www.3p-gmbh.de\/fr\/produkt\/plieuse-agrafeuse-cloueuse-foldnak-4-avec-fleche-ecailleuse\/","title":{"rendered":"Plieuse et agrafeuse Nagel Foldnak 4 avec sortie \u00e0 \u00e9cailles"},"content":{"rendered":"<p><strong>Plieuse et agrafeuse Nagel Foldnak 4 avec sortie \u00e0 \u00e9cailles<\/strong><br \/>\npour cr\u00e9er des brochures jusqu&rsquo;\u00e0 80 pages en une seule op\u00e9ration.<\/p>\n<p>Format de placement du papier de DIN A5 \u00e0 DIN A 3- hors format<br \/>\n&#8211; avec 2 t\u00eates d&rsquo;agrafage (extensible \u00e0 4)<\/p>\n","protected":false},"excerpt":{"rendered":"<p>Plieuse et agrafeuse Nagel Foldnak 4 avec sortie \u00e0 \u00e9cailles pour cr\u00e9er des brochures jusqu&rsquo;\u00e0 80 pages en une seule op\u00e9ration. Format de placement du papier de DIN A5 \u00e0 DIN A 3- hors format &#8211; avec 2 t\u00eates d&rsquo;agrafage (extensible \u00e0 4)<\/p>\n","protected":false},"featured_media":61478,"template":"","meta":[],"product_brand":[],"product_cat":[2984],"product_tag":[],"class_list":{"0":"post-89398","1":"product","2":"type-product","3":"status-publish","4":"has-post-thumbnail","6":"product_cat-plieuses-fr","7":"pa_hersteller-ernst-nagel","8":"pa_typ-foldnak-4","10":"first","11":"instock","12":"taxable","13":"shipping-taxable","14":"product-type-simple"},"jetpack_sharing_enabled":true,"_links":{"self":[{"href":"https:\/\/www.3p-gmbh.de\/fr\/wp-json\/wp\/v2\/product\/89398","targetHints":{"allow":["GET"]}}],"collection":[{"href":"https:\/\/www.3p-gmbh.de\/fr\/wp-json\/wp\/v2\/product"}],"about":[{"href":"https:\/\/www.3p-gmbh.de\/fr\/wp-json\/wp\/v2\/types\/product"}],"wp:featuredmedia":[{"embeddable":true,"href":"https:\/\/www.3p-gmbh.de\/fr\/wp-json\/wp\/v2\/media\/61478"}],"wp:attachment":[{"href":"https:\/\/www.3p-gmbh.de\/fr\/wp-json\/wp\/v2\/media?parent=89398"}],"wp:term":[{"taxonomy":"product_brand","embeddable":true,"href":"https:\/\/www.3p-gmbh.de\/fr\/wp-json\/wp\/v2\/product_brand?post=89398"},{"taxonomy":"product_cat","embeddable":true,"href":"https:\/\/www.3p-gmbh.de\/fr\/wp-json\/wp\/v2\/product_cat?post=89398"},{"taxonomy":"product_tag","embeddable":true,"href":"https:\/\/www.3p-gmbh.de\/fr\/wp-json\/wp\/v2\/product_tag?post=89398"}],"curies":[{"name":"wp","href":"https:\/\/api.w.org\/{rel}","templated":true}]}}