{"id":89392,"date":"2022-11-21T23:26:06","date_gmt":"2022-11-21T23:26:06","guid":{"rendered":"https:\/\/www.3p-gmbh.de\/produkt\/bande-transporteuse-a-frequence-controlee-220x50cm\/"},"modified":"2022-11-21T23:26:06","modified_gmt":"2022-11-21T23:26:06","slug":"bande-transporteuse-a-frequence-controlee-220x50cm","status":"publish","type":"product","link":"https:\/\/www.3p-gmbh.de\/fr\/produkt\/bande-transporteuse-a-frequence-controlee-220x50cm\/","title":{"rendered":"Bande transporteuse \u00e0 fr\u00e9quence contr\u00f4l\u00e9e 220x50cm"},"content":{"rendered":"<p><strong>Bande transporteuse \u00e0 fr\u00e9quence contr\u00f4l\u00e9e  <\/strong><\/p>\n<p>environ 220x50cm<\/p>\n","protected":false},"excerpt":{"rendered":"<p>Bande transporteuse \u00e0 fr\u00e9quence contr\u00f4l\u00e9e environ 220x50cm<\/p>\n","protected":false},"featured_media":61521,"template":"","meta":[],"product_brand":[],"product_cat":[3040],"product_tag":[],"class_list":{"0":"post-89392","1":"product","2":"type-product","3":"status-publish","4":"has-post-thumbnail","6":"product_cat-technique-de-convoyage","8":"first","9":"instock","10":"taxable","11":"shipping-taxable","12":"product-type-simple"},"jetpack_sharing_enabled":true,"_links":{"self":[{"href":"https:\/\/www.3p-gmbh.de\/fr\/wp-json\/wp\/v2\/product\/89392","targetHints":{"allow":["GET"]}}],"collection":[{"href":"https:\/\/www.3p-gmbh.de\/fr\/wp-json\/wp\/v2\/product"}],"about":[{"href":"https:\/\/www.3p-gmbh.de\/fr\/wp-json\/wp\/v2\/types\/product"}],"wp:featuredmedia":[{"embeddable":true,"href":"https:\/\/www.3p-gmbh.de\/fr\/wp-json\/wp\/v2\/media\/61521"}],"wp:attachment":[{"href":"https:\/\/www.3p-gmbh.de\/fr\/wp-json\/wp\/v2\/media?parent=89392"}],"wp:term":[{"taxonomy":"product_brand","embeddable":true,"href":"https:\/\/www.3p-gmbh.de\/fr\/wp-json\/wp\/v2\/product_brand?post=89392"},{"taxonomy":"product_cat","embeddable":true,"href":"https:\/\/www.3p-gmbh.de\/fr\/wp-json\/wp\/v2\/product_cat?post=89392"},{"taxonomy":"product_tag","embeddable":true,"href":"https:\/\/www.3p-gmbh.de\/fr\/wp-json\/wp\/v2\/product_tag?post=89392"}],"curies":[{"name":"wp","href":"https:\/\/api.w.org\/{rel}","templated":true}]}}