{"id":89373,"date":"2022-12-12T22:36:37","date_gmt":"2022-12-12T22:36:37","guid":{"rendered":"https:\/\/www.3p-gmbh.de\/produkt\/perceuse-a-papier-multibroche-hang-114-30-4\/"},"modified":"2022-12-12T22:36:37","modified_gmt":"2022-12-12T22:36:37","slug":"perceuse-a-papier-multibroche-hang-114-30-4","status":"publish","type":"product","link":"https:\/\/www.3p-gmbh.de\/fr\/produkt\/perceuse-a-papier-multibroche-hang-114-30-4\/","title":{"rendered":"Perceuse \u00e0 papier multibroche Hang 114-30 4"},"content":{"rendered":"<p><strong>Perceuse \u00e0 papier multibroche Hang 114-30 \/4<\/strong><br \/>\n<strong>SN 101655<\/strong><br \/>\n<strong>\u00e9tat enti\u00e8rement r\u00e9vis\u00e9 en atelier<\/strong><\/p>\n<p>-avec table coulissante (avec 3 tabulateurs)<br \/>\n-avec entra\u00eenement de la broche r\u00e9glable en continu<br \/>\n-avec entra\u00eenement de l&rsquo;avance de per\u00e7age r\u00e9glable en continu<br \/>\n-4 t\u00eates de forage refroidies \u00e0 l&rsquo;air sont install\u00e9es, 5 max. sont possibles<br \/>\nPlage de per\u00e7age 3 &#8211; 14 mm<br \/>\nDistance de per\u00e7age r\u00e9glable<br \/>\n-Machine mobile sur roulettes<br \/>\n-avec moteur triphas\u00e9 380 V<br \/>\nD\u00e9clenchement par p\u00e9dale \u00e9lectrique, circuit d&rsquo;inversion<\/p>\n","protected":false},"excerpt":{"rendered":"<p>Perceuse \u00e0 papier multibroche Hang 114-30 \/4 SN 101655 \u00e9tat enti\u00e8rement r\u00e9vis\u00e9 en atelier -avec table coulissante (avec 3 tabulateurs) -avec entra\u00eenement de la broche r\u00e9glable en continu -avec entra\u00eenement de l&rsquo;avance de per\u00e7age r\u00e9glable en continu -4 t\u00eates de forage refroidies \u00e0 l&rsquo;air sont install\u00e9es, 5 max. sont possibles Plage de per\u00e7age 3 &#8211; [&hellip;]<\/p>\n","protected":false},"featured_media":61552,"template":"","meta":[],"product_brand":[],"product_cat":[2957],"product_tag":[],"class_list":{"0":"post-89373","1":"product","2":"type-product","3":"status-publish","4":"has-post-thumbnail","6":"product_cat-perceuses-a-papier","7":"pa_hersteller-hang","8":"pa_typ-114-30-4","10":"first","11":"instock","12":"taxable","13":"shipping-taxable","14":"product-type-simple"},"jetpack_sharing_enabled":true,"_links":{"self":[{"href":"https:\/\/www.3p-gmbh.de\/fr\/wp-json\/wp\/v2\/product\/89373","targetHints":{"allow":["GET"]}}],"collection":[{"href":"https:\/\/www.3p-gmbh.de\/fr\/wp-json\/wp\/v2\/product"}],"about":[{"href":"https:\/\/www.3p-gmbh.de\/fr\/wp-json\/wp\/v2\/types\/product"}],"wp:featuredmedia":[{"embeddable":true,"href":"https:\/\/www.3p-gmbh.de\/fr\/wp-json\/wp\/v2\/media\/61552"}],"wp:attachment":[{"href":"https:\/\/www.3p-gmbh.de\/fr\/wp-json\/wp\/v2\/media?parent=89373"}],"wp:term":[{"taxonomy":"product_brand","embeddable":true,"href":"https:\/\/www.3p-gmbh.de\/fr\/wp-json\/wp\/v2\/product_brand?post=89373"},{"taxonomy":"product_cat","embeddable":true,"href":"https:\/\/www.3p-gmbh.de\/fr\/wp-json\/wp\/v2\/product_cat?post=89373"},{"taxonomy":"product_tag","embeddable":true,"href":"https:\/\/www.3p-gmbh.de\/fr\/wp-json\/wp\/v2\/product_tag?post=89373"}],"curies":[{"name":"wp","href":"https:\/\/api.w.org\/{rel}","templated":true}]}}