{"id":89368,"date":"2022-12-12T22:42:47","date_gmt":"2022-12-12T22:42:47","guid":{"rendered":"https:\/\/www.3p-gmbh.de\/produkt\/plaque-chauffante-legere-en-nid-dabeille-220-volts-pour-heidelberg-oht-model-gtp\/"},"modified":"2022-12-12T22:42:47","modified_gmt":"2022-12-12T22:42:47","slug":"panneau-chauffant-fondation-alveolaire-leger-220-volts-pour-heidelberg-oht-modele-gtp","status":"publish","type":"product","link":"https:\/\/www.3p-gmbh.de\/fr\/produkt\/panneau-chauffant-fondation-alveolaire-leger-220-volts-pour-heidelberg-oht-modele-gtp\/","title":{"rendered":"Plaque chauffante l\u00e9g\u00e8re en nid d&rsquo;abeille 220 volts pour Heidelberg OHT model GTP"},"content":{"rendered":"<p><strong>l\u00e9ger, 13&#215;18&Prime; plat monophas\u00e9 220-240 volts<\/strong><br \/>\n<strong>plaque chauffante \u00e0 structure alv\u00e9olaire, adapt\u00e9e aux clich\u00e9s standard de l&rsquo;UE d&rsquo;une hauteur de 7 mm<\/strong><\/p>\n<p>qui s&rsquo;adapte directement dans la machine GTP Heidelberg, tout comme votre plaque existante<br \/>\nvoir les photos ci-jointes.<\/p>\n","protected":false},"excerpt":{"rendered":"<p>l\u00e9ger, 13&#215;18&Prime; plat monophas\u00e9 220-240 volts plaque chauffante \u00e0 structure alv\u00e9olaire, adapt\u00e9e aux clich\u00e9s standard de l&rsquo;UE d&rsquo;une hauteur de 7 mm qui s&rsquo;adapte directement dans la machine GTP Heidelberg, tout comme votre plaque existante voir les photos ci-jointes.<\/p>\n","protected":false},"featured_media":61571,"template":"","meta":[],"product_brand":[],"product_cat":[2902],"product_tag":[],"class_list":{"0":"post-89368","1":"product","2":"type-product","3":"status-publish","4":"has-post-thumbnail","6":"product_cat-accessoires-et-pieces-de-rechange-pour-machines-dimpression","8":"first","9":"instock","10":"taxable","11":"shipping-taxable","12":"product-type-simple"},"jetpack_sharing_enabled":true,"_links":{"self":[{"href":"https:\/\/www.3p-gmbh.de\/fr\/wp-json\/wp\/v2\/product\/89368","targetHints":{"allow":["GET"]}}],"collection":[{"href":"https:\/\/www.3p-gmbh.de\/fr\/wp-json\/wp\/v2\/product"}],"about":[{"href":"https:\/\/www.3p-gmbh.de\/fr\/wp-json\/wp\/v2\/types\/product"}],"wp:featuredmedia":[{"embeddable":true,"href":"https:\/\/www.3p-gmbh.de\/fr\/wp-json\/wp\/v2\/media\/61571"}],"wp:attachment":[{"href":"https:\/\/www.3p-gmbh.de\/fr\/wp-json\/wp\/v2\/media?parent=89368"}],"wp:term":[{"taxonomy":"product_brand","embeddable":true,"href":"https:\/\/www.3p-gmbh.de\/fr\/wp-json\/wp\/v2\/product_brand?post=89368"},{"taxonomy":"product_cat","embeddable":true,"href":"https:\/\/www.3p-gmbh.de\/fr\/wp-json\/wp\/v2\/product_cat?post=89368"},{"taxonomy":"product_tag","embeddable":true,"href":"https:\/\/www.3p-gmbh.de\/fr\/wp-json\/wp\/v2\/product_tag?post=89368"}],"curies":[{"name":"wp","href":"https:\/\/api.w.org\/{rel}","templated":true}]}}