{"id":89360,"date":"2022-12-20T23:57:50","date_gmt":"2022-12-20T23:57:50","guid":{"rendered":"https:\/\/www.3p-gmbh.de\/produkt\/rond-dangle-couteau-a-decouper-7-et-5mm-fraichement-affute\/"},"modified":"2023-08-22T20:24:47","modified_gmt":"2023-08-22T20:24:47","slug":"emporte-piece-rond-dangle-7-et-5mm-frais-affute","status":"publish","type":"product","link":"https:\/\/www.3p-gmbh.de\/fr\/produkt\/emporte-piece-rond-dangle-7-et-5mm-frais-affute\/","title":{"rendered":"Rond d&rsquo;angle &#8211; Couteau \u00e0 d\u00e9couper 7 et 5mm fra\u00eechement aff\u00fbt\u00e9"},"content":{"rendered":"<p><strong>Rond d&rsquo;angle &#8211; Couteau \u00e0 d\u00e9couper 7 et 5mm fra\u00eechement aff\u00fbt\u00e9<\/strong><\/p>\n","protected":false},"excerpt":{"rendered":"<p>Rond d&rsquo;angle &#8211; Couteau \u00e0 d\u00e9couper 7 et 5mm fra\u00eechement aff\u00fbt\u00e9<\/p>\n","protected":false},"featured_media":61612,"template":"","meta":[],"product_brand":[],"product_cat":[2876],"product_tag":[],"class_list":{"0":"post-89360","1":"product","2":"type-product","3":"status-publish","4":"has-post-thumbnail","6":"product_cat-equipement-datelier","8":"first","9":"instock","10":"taxable","11":"shipping-taxable","12":"product-type-simple"},"jetpack_sharing_enabled":true,"_links":{"self":[{"href":"https:\/\/www.3p-gmbh.de\/fr\/wp-json\/wp\/v2\/product\/89360","targetHints":{"allow":["GET"]}}],"collection":[{"href":"https:\/\/www.3p-gmbh.de\/fr\/wp-json\/wp\/v2\/product"}],"about":[{"href":"https:\/\/www.3p-gmbh.de\/fr\/wp-json\/wp\/v2\/types\/product"}],"wp:featuredmedia":[{"embeddable":true,"href":"https:\/\/www.3p-gmbh.de\/fr\/wp-json\/wp\/v2\/media\/61612"}],"wp:attachment":[{"href":"https:\/\/www.3p-gmbh.de\/fr\/wp-json\/wp\/v2\/media?parent=89360"}],"wp:term":[{"taxonomy":"product_brand","embeddable":true,"href":"https:\/\/www.3p-gmbh.de\/fr\/wp-json\/wp\/v2\/product_brand?post=89360"},{"taxonomy":"product_cat","embeddable":true,"href":"https:\/\/www.3p-gmbh.de\/fr\/wp-json\/wp\/v2\/product_cat?post=89360"},{"taxonomy":"product_tag","embeddable":true,"href":"https:\/\/www.3p-gmbh.de\/fr\/wp-json\/wp\/v2\/product_tag?post=89360"}],"curies":[{"name":"wp","href":"https:\/\/api.w.org\/{rel}","templated":true}]}}