{"id":89336,"date":"2023-01-04T23:13:13","date_gmt":"2023-01-04T23:13:13","guid":{"rendered":"https:\/\/www.3p-gmbh.de\/produkt\/machine-compacte-a-souder-en-angle-avec-tunnel-de-retraction-kallfass-kc-5040-450-universal\/"},"modified":"2023-01-04T23:13:13","modified_gmt":"2023-01-04T23:13:13","slug":"soudeuse-dangle-compacte-avec-tunnel-de-retraction-kallfass-kc-5040-450-universel","status":"publish","type":"product","link":"https:\/\/www.3p-gmbh.de\/fr\/produkt\/soudeuse-dangle-compacte-avec-tunnel-de-retraction-kallfass-kc-5040-450-universel\/","title":{"rendered":"Machine compacte \u00e0 souder en angle avec tunnel de r\u00e9traction Kallfass KC 5040-450 Universal"},"content":{"rendered":"<p><strong>Machine compacte \u00e0 souder en angle avec tunnel de r\u00e9traction Kallfass KC 5040-450 Universal<\/strong><br \/>\n<strong>Ann\u00e9e de construction 2006<\/strong><\/p>\n<p>Cr\u00e9\u00e9 pour une utilisation industrielle exigeante avec un tunnel de r\u00e9traction combin\u00e9 performant.<br \/>\nLes qualit\u00e9s de cette s\u00e9rie se r\u00e9v\u00e8lent justement dans le cadre d&rsquo;une utilisation continue difficile : les produits \u00e0 emballer, comme par exemple les produits imprim\u00e9s,<br \/>\nLes produits en verre dans des emballages peuvent \u00eatre conditionn\u00e9s rapidement, de mani\u00e8re \u00e9conomique et avec une qualit\u00e9 \u00e9lev\u00e9e.<br \/>\nLa technique \u00e9prouv\u00e9e de soudage par impulsions avec fil de s\u00e9paration t\u00e9flonis\u00e9 garantit un mode de travail efficace et absolument sans odeur.<\/p>\n<p>Type d&#8217;emballage : emballage manuel sur film complet<br \/>\nCapacit\u00e9 d&#8217;emballage : jusqu&rsquo;\u00e0 20 cycles\/minute<br \/>\nPlage de formats : dimensions du cadre de soudage 500 x 400 mm<\/p>\n<p>Equipement sp\u00e9cial<br \/>\nMachine sur roulettes<br \/>\nSoufflerie pour l&rsquo;ouverture du film<br \/>\nR\u00e9glage de la vitesse en continu<\/p>\n","protected":false},"excerpt":{"rendered":"<p>Machine compacte \u00e0 souder en angle avec tunnel de r\u00e9traction Kallfass KC 5040-450 Universal Ann\u00e9e de construction 2006 Cr\u00e9\u00e9 pour une utilisation industrielle exigeante avec un tunnel de r\u00e9traction combin\u00e9 performant. Les qualit\u00e9s de cette s\u00e9rie se r\u00e9v\u00e8lent justement dans le cadre d&rsquo;une utilisation continue difficile : les produits \u00e0 emballer, comme par exemple les [&hellip;]<\/p>\n","protected":false},"featured_media":61703,"template":"","meta":[],"product_brand":[],"product_cat":[3024],"product_tag":[],"class_list":{"0":"post-89336","1":"product","2":"type-product","3":"status-publish","4":"has-post-thumbnail","6":"product_cat-emballage-sous-film-et-tenseur","7":"pa_hersteller-kallfass","8":"pa_typ-kc-5040-450-universal","10":"first","11":"instock","12":"taxable","13":"shipping-taxable","14":"product-type-simple"},"jetpack_sharing_enabled":true,"_links":{"self":[{"href":"https:\/\/www.3p-gmbh.de\/fr\/wp-json\/wp\/v2\/product\/89336","targetHints":{"allow":["GET"]}}],"collection":[{"href":"https:\/\/www.3p-gmbh.de\/fr\/wp-json\/wp\/v2\/product"}],"about":[{"href":"https:\/\/www.3p-gmbh.de\/fr\/wp-json\/wp\/v2\/types\/product"}],"wp:featuredmedia":[{"embeddable":true,"href":"https:\/\/www.3p-gmbh.de\/fr\/wp-json\/wp\/v2\/media\/61703"}],"wp:attachment":[{"href":"https:\/\/www.3p-gmbh.de\/fr\/wp-json\/wp\/v2\/media?parent=89336"}],"wp:term":[{"taxonomy":"product_brand","embeddable":true,"href":"https:\/\/www.3p-gmbh.de\/fr\/wp-json\/wp\/v2\/product_brand?post=89336"},{"taxonomy":"product_cat","embeddable":true,"href":"https:\/\/www.3p-gmbh.de\/fr\/wp-json\/wp\/v2\/product_cat?post=89336"},{"taxonomy":"product_tag","embeddable":true,"href":"https:\/\/www.3p-gmbh.de\/fr\/wp-json\/wp\/v2\/product_tag?post=89336"}],"curies":[{"name":"wp","href":"https:\/\/api.w.org\/{rel}","templated":true}]}}