{"id":89328,"date":"2023-01-12T14:28:18","date_gmt":"2023-01-12T14:28:18","guid":{"rendered":"https:\/\/www.3p-gmbh.de\/produkt\/decoupeuse-electrique-neolt-power-trim-250-elektro\/"},"modified":"2023-01-12T14:28:18","modified_gmt":"2023-01-12T14:28:18","slug":"coupe-rouleau-electrique-neolt-power-trim-250-elektro","status":"publish","type":"product","link":"https:\/\/www.3p-gmbh.de\/fr\/produkt\/coupe-rouleau-electrique-neolt-power-trim-250-elektro\/","title":{"rendered":"D\u00e9coupeuse \u00e9lectrique Neolt Power Trim 250 Elektro"},"content":{"rendered":"<p><strong>D\u00e9coupeuse \u00e9lectrique Neolt Power Trim 250 Elektro<\/strong><\/p>\n<p>D\u00e9coupeuse \u00e9lectrique pour des \u00e9paisseurs de papier jusqu&rsquo;\u00e0 2,0 mm, jusqu&rsquo;\u00e0 360 cm de largeur de travail !<\/p>\n<p>Avec support, lumi\u00e8re et sac collecteur.<\/p>\n<p>Largeur de travail jusqu&rsquo;\u00e0 250 cm<br \/>\nHauteur de travail 87 cm,<\/p>\n<p>Largeur 50 cm,<\/p>\n<p>Vitesse de d\u00e9coupe 1 m\/sec,<\/p>\n<p>Alimentation \u00e9lectrique 230 V \/ 50 Hz &#8211; 110 V \/ 60 Hz,<\/p>\n<p>Hauteur avec support 101 cm.<\/p>\n","protected":false},"excerpt":{"rendered":"<p>D\u00e9coupeuse \u00e9lectrique Neolt Power Trim 250 Elektro D\u00e9coupeuse \u00e9lectrique pour des \u00e9paisseurs de papier jusqu&rsquo;\u00e0 2,0 mm, jusqu&rsquo;\u00e0 360 cm de largeur de travail ! Avec support, lumi\u00e8re et sac collecteur. Largeur de travail jusqu&rsquo;\u00e0 250 cm Hauteur de travail 87 cm, Largeur 50 cm, Vitesse de d\u00e9coupe 1 m\/sec, Alimentation \u00e9lectrique 230 V \/ [&hellip;]<\/p>\n","protected":false},"featured_media":61722,"template":"","meta":[],"product_brand":[],"product_cat":[2973],"product_tag":[],"class_list":{"0":"post-89328","1":"product","2":"type-product","3":"status-publish","4":"has-post-thumbnail","6":"product_cat-impression-numerique","7":"pa_hersteller-neolt","8":"pa_typ-power-trim-250-elektro","10":"first","11":"instock","12":"taxable","13":"shipping-taxable","14":"product-type-simple"},"jetpack_sharing_enabled":true,"_links":{"self":[{"href":"https:\/\/www.3p-gmbh.de\/fr\/wp-json\/wp\/v2\/product\/89328","targetHints":{"allow":["GET"]}}],"collection":[{"href":"https:\/\/www.3p-gmbh.de\/fr\/wp-json\/wp\/v2\/product"}],"about":[{"href":"https:\/\/www.3p-gmbh.de\/fr\/wp-json\/wp\/v2\/types\/product"}],"wp:featuredmedia":[{"embeddable":true,"href":"https:\/\/www.3p-gmbh.de\/fr\/wp-json\/wp\/v2\/media\/61722"}],"wp:attachment":[{"href":"https:\/\/www.3p-gmbh.de\/fr\/wp-json\/wp\/v2\/media?parent=89328"}],"wp:term":[{"taxonomy":"product_brand","embeddable":true,"href":"https:\/\/www.3p-gmbh.de\/fr\/wp-json\/wp\/v2\/product_brand?post=89328"},{"taxonomy":"product_cat","embeddable":true,"href":"https:\/\/www.3p-gmbh.de\/fr\/wp-json\/wp\/v2\/product_cat?post=89328"},{"taxonomy":"product_tag","embeddable":true,"href":"https:\/\/www.3p-gmbh.de\/fr\/wp-json\/wp\/v2\/product_tag?post=89328"}],"curies":[{"name":"wp","href":"https:\/\/api.w.org\/{rel}","templated":true}]}}