{"id":89310,"date":"2023-01-25T17:45:54","date_gmt":"2023-01-25T17:45:54","guid":{"rendered":"https:\/\/www.3p-gmbh.de\/produkt\/deionisation-bloc-dalimentation-de-decharge-haug-en-8-lc\/"},"modified":"2023-01-25T17:45:54","modified_gmt":"2023-01-25T17:45:54","slug":"alimentation-decharge-deionisation-haug-en-8-lc","status":"publish","type":"product","link":"https:\/\/www.3p-gmbh.de\/fr\/produkt\/alimentation-decharge-deionisation-haug-en-8-lc\/","title":{"rendered":"D\u00e9ionisation &#8211; Bloc d&rsquo;alimentation de d\u00e9charge Haug EN 8 LC"},"content":{"rendered":"<p><strong>Bloc d&rsquo;alimentation de d\u00e9charge Haug EN 8 LC &#8211; longueur de la tige env. 55cm pour \u00e9liminer les charges \u00e9lectrostatiques<br \/>\n<\/strong><strong>de 2016<\/strong><\/p>\n<p>Les blocs d&rsquo;alimentation de d\u00e9charge de la s\u00e9rie EN 8 servent \u00e0 alimenter en tension les appareils d&rsquo;ionisation.<br \/>\nLes appareils disposent de quatre connexions haute tension \u00e9tanches au gaz et sont fabriqu\u00e9s selon le type de protection IP 54, classe de protection I, conform\u00e9ment \u00e0 la norme VDE.<\/p>\n<p>Version LC avec surveillance de fonctionnement int\u00e9gr\u00e9e<br \/>\nL&rsquo;\u00e9tat d&rsquo;erreur est signal\u00e9 par une LED sur le bo\u00eetier.<\/p>\n<p><em><strong>Principe de fonctionnement<\/strong><\/em><br \/>\nLa tension du r\u00e9seau appliqu\u00e9e est transform\u00e9e en tension alternative de 7-8 kV par un transformateur haute tension.<br \/>\nLa surveillance du fonctionnement int\u00e9gr\u00e9e dans la partie secondaire signale le passage en dessous de la tension d&rsquo;utilisation de la couronne (= d\u00e9but de l&rsquo;effet des appareils d&rsquo;ionisation) par le clignotement de la LED de contr\u00f4le.<\/p>\n<p>La technologie compacte des circuits imprim\u00e9s est un gage de fiabilit\u00e9 et de confort de service.<br \/>\nBloc d&rsquo;alimentation de d\u00e9charge EN 8<\/p>\n<p>&#8211; contr\u00f4le simple et rapide du dispositif d&rsquo;ionisation<br \/>\n&#8211; des informations fiables sur le processus de fabrication (contr\u00f4le de processus et de qualit\u00e9)<br \/>\n&#8211; surveillance continue du dispositif d&rsquo;ionisation sans moyens de contr\u00f4le et de mesure suppl\u00e9mentaires<\/p>\n","protected":false},"excerpt":{"rendered":"<p>Bloc d&rsquo;alimentation de d\u00e9charge Haug EN 8 LC &#8211; longueur de la tige env. 55cm pour \u00e9liminer les charges \u00e9lectrostatiques de 2016 Les blocs d&rsquo;alimentation de d\u00e9charge de la s\u00e9rie EN 8 servent \u00e0 alimenter en tension les appareils d&rsquo;ionisation. Les appareils disposent de quatre connexions haute tension \u00e9tanches au gaz et sont fabriqu\u00e9s selon [&hellip;]<\/p>\n","protected":false},"featured_media":61726,"template":"","meta":[],"product_brand":[],"product_cat":[2886,2984],"product_tag":[],"class_list":{"0":"post-89310","1":"product","2":"type-product","3":"status-publish","4":"has-post-thumbnail","6":"product_cat-accessoires-pour-plieuses","7":"product_cat-plieuses-fr","8":"pa_hersteller-haug","9":"pa_typ-en-8-lc","11":"first","12":"instock","13":"taxable","14":"shipping-taxable","15":"product-type-simple"},"jetpack_sharing_enabled":true,"_links":{"self":[{"href":"https:\/\/www.3p-gmbh.de\/fr\/wp-json\/wp\/v2\/product\/89310","targetHints":{"allow":["GET"]}}],"collection":[{"href":"https:\/\/www.3p-gmbh.de\/fr\/wp-json\/wp\/v2\/product"}],"about":[{"href":"https:\/\/www.3p-gmbh.de\/fr\/wp-json\/wp\/v2\/types\/product"}],"wp:featuredmedia":[{"embeddable":true,"href":"https:\/\/www.3p-gmbh.de\/fr\/wp-json\/wp\/v2\/media\/61726"}],"wp:attachment":[{"href":"https:\/\/www.3p-gmbh.de\/fr\/wp-json\/wp\/v2\/media?parent=89310"}],"wp:term":[{"taxonomy":"product_brand","embeddable":true,"href":"https:\/\/www.3p-gmbh.de\/fr\/wp-json\/wp\/v2\/product_brand?post=89310"},{"taxonomy":"product_cat","embeddable":true,"href":"https:\/\/www.3p-gmbh.de\/fr\/wp-json\/wp\/v2\/product_cat?post=89310"},{"taxonomy":"product_tag","embeddable":true,"href":"https:\/\/www.3p-gmbh.de\/fr\/wp-json\/wp\/v2\/product_tag?post=89310"}],"curies":[{"name":"wp","href":"https:\/\/api.w.org\/{rel}","templated":true}]}}