{"id":89304,"date":"2023-01-25T17:59:25","date_gmt":"2023-01-25T17:59:25","guid":{"rendered":"https:\/\/www.3p-gmbh.de\/produkt\/pompe-a-vide-a-palettes-fonctionnant-a-sec-becker-dvtlf-250\/"},"modified":"2023-01-25T17:59:25","modified_gmt":"2023-01-25T17:59:25","slug":"pompe-a-vide-a-palettes-rotatives-fonctionnant-a-sec-becker-dvtlf-250","status":"publish","type":"product","link":"https:\/\/www.3p-gmbh.de\/fr\/produkt\/pompe-a-vide-a-palettes-rotatives-fonctionnant-a-sec-becker-dvtlf-250\/","title":{"rendered":"Pompe \u00e0 vide \u00e0 palettes fonctionnant \u00e0 sec Becker DVTLF 250"},"content":{"rendered":"<p><strong>Becker DVTLF 250<\/strong><br \/>\n<strong>de 2008<\/strong><\/p>\n<p>pompe \u00e0 vide \u00e0 palettes fonctionnant \u00e0 sec<\/p>\n<p>Fabricant : Becker<br \/>\nType : DVTLF 250<br \/>\nMoteur : 400V\/50Hz<br \/>\nPuissance d&rsquo;aspiration : 250m\u00b3\/h<br \/>\nPression finale : 200mbar (abs.)<br \/>\ncorrespond \u00e0 90% de vide<\/p>\n","protected":false},"excerpt":{"rendered":"<p>Becker DVTLF 250 de 2008 pompe \u00e0 vide \u00e0 palettes fonctionnant \u00e0 sec Fabricant : Becker Type : DVTLF 250 Moteur : 400V\/50Hz Puissance d&rsquo;aspiration : 250m\u00b3\/h Pression finale : 200mbar (abs.) correspond \u00e0 90% de vide<\/p>\n","protected":false},"featured_media":61749,"template":"","meta":[],"product_brand":[],"product_cat":[2934],"product_tag":[],"class_list":{"0":"post-89304","1":"product","2":"type-product","3":"status-publish","4":"has-post-thumbnail","6":"product_cat-compresseurs-pompes-a-vide","7":"pa_hersteller-becker","8":"pa_typ-dvtlf-250","10":"first","11":"instock","12":"taxable","13":"shipping-taxable","14":"product-type-simple"},"jetpack_sharing_enabled":true,"_links":{"self":[{"href":"https:\/\/www.3p-gmbh.de\/fr\/wp-json\/wp\/v2\/product\/89304","targetHints":{"allow":["GET"]}}],"collection":[{"href":"https:\/\/www.3p-gmbh.de\/fr\/wp-json\/wp\/v2\/product"}],"about":[{"href":"https:\/\/www.3p-gmbh.de\/fr\/wp-json\/wp\/v2\/types\/product"}],"wp:featuredmedia":[{"embeddable":true,"href":"https:\/\/www.3p-gmbh.de\/fr\/wp-json\/wp\/v2\/media\/61749"}],"wp:attachment":[{"href":"https:\/\/www.3p-gmbh.de\/fr\/wp-json\/wp\/v2\/media?parent=89304"}],"wp:term":[{"taxonomy":"product_brand","embeddable":true,"href":"https:\/\/www.3p-gmbh.de\/fr\/wp-json\/wp\/v2\/product_brand?post=89304"},{"taxonomy":"product_cat","embeddable":true,"href":"https:\/\/www.3p-gmbh.de\/fr\/wp-json\/wp\/v2\/product_cat?post=89304"},{"taxonomy":"product_tag","embeddable":true,"href":"https:\/\/www.3p-gmbh.de\/fr\/wp-json\/wp\/v2\/product_tag?post=89304"}],"curies":[{"name":"wp","href":"https:\/\/api.w.org\/{rel}","templated":true}]}}