{"id":89290,"date":"2023-01-25T18:11:37","date_gmt":"2023-01-25T18:11:37","guid":{"rendered":"https:\/\/www.3p-gmbh.de\/produkt\/plieuse-a-poches-mathias-baeuerle-multimaster-cas-52-4-38-2-fl-sa\/"},"modified":"2023-01-25T18:11:37","modified_gmt":"2023-01-25T18:11:37","slug":"plieuse-de-poche-mathias-baeuerle-multimaster-cas-52-4-38-2-fl-sa","status":"publish","type":"product","link":"https:\/\/www.3p-gmbh.de\/fr\/produkt\/plieuse-de-poche-mathias-baeuerle-multimaster-cas-52-4-38-2-fl-sa\/","title":{"rendered":"Plieuse \u00e0 poches Mathias B\u00e4uerle Multimaster CAS 52.4-38.2-FL SA"},"content":{"rendered":"<p><strong>Plieuse Mathias B\u00e4uerle Multimaster CAS 52.4-38.2-FL SA<\/strong><br \/>\n<strong>de 2001 peu utilis\u00e9<\/strong><\/p>\n<p>Margeur \u00e0 plat FL 52 avec s\u00e9paration des bords arri\u00e8re<br \/>\nPlieuse 1 avec 4 poches r\u00e9glables par moteur Largeur d&rsquo;entr\u00e9e 52cm<br \/>\nPlieuse 2 avec 2 poches r\u00e9glables par moteur Largeur d&rsquo;entr\u00e9e 38cm<\/p>\n<p>avec pochette \u00e0 fen\u00eatre pour pliage en Altar (ferm\u00e9 A3 possible sur Din long)<\/p>\n<p>sortie r\u00e9glable motoris\u00e9e<\/p>\n","protected":false},"excerpt":{"rendered":"<p>Plieuse Mathias B\u00e4uerle Multimaster CAS 52.4-38.2-FL SA de 2001 peu utilis\u00e9 Margeur \u00e0 plat FL 52 avec s\u00e9paration des bords arri\u00e8re Plieuse 1 avec 4 poches r\u00e9glables par moteur Largeur d&rsquo;entr\u00e9e 52cm Plieuse 2 avec 2 poches r\u00e9glables par moteur Largeur d&rsquo;entr\u00e9e 38cm avec pochette \u00e0 fen\u00eatre pour pliage en Altar (ferm\u00e9 A3 possible sur [&hellip;]<\/p>\n","protected":false},"featured_media":61761,"template":"","meta":[],"product_brand":[],"product_cat":[2984],"product_tag":[],"class_list":{"0":"post-89290","1":"product","2":"type-product","3":"status-publish","4":"has-post-thumbnail","6":"product_cat-plieuses-fr","7":"pa_hersteller-mathias-baeuerle","8":"pa_typ-cas-52-4-38-2-fl-sa","10":"first","11":"instock","12":"taxable","13":"shipping-taxable","14":"product-type-simple"},"jetpack_sharing_enabled":true,"_links":{"self":[{"href":"https:\/\/www.3p-gmbh.de\/fr\/wp-json\/wp\/v2\/product\/89290","targetHints":{"allow":["GET"]}}],"collection":[{"href":"https:\/\/www.3p-gmbh.de\/fr\/wp-json\/wp\/v2\/product"}],"about":[{"href":"https:\/\/www.3p-gmbh.de\/fr\/wp-json\/wp\/v2\/types\/product"}],"wp:featuredmedia":[{"embeddable":true,"href":"https:\/\/www.3p-gmbh.de\/fr\/wp-json\/wp\/v2\/media\/61761"}],"wp:attachment":[{"href":"https:\/\/www.3p-gmbh.de\/fr\/wp-json\/wp\/v2\/media?parent=89290"}],"wp:term":[{"taxonomy":"product_brand","embeddable":true,"href":"https:\/\/www.3p-gmbh.de\/fr\/wp-json\/wp\/v2\/product_brand?post=89290"},{"taxonomy":"product_cat","embeddable":true,"href":"https:\/\/www.3p-gmbh.de\/fr\/wp-json\/wp\/v2\/product_cat?post=89290"},{"taxonomy":"product_tag","embeddable":true,"href":"https:\/\/www.3p-gmbh.de\/fr\/wp-json\/wp\/v2\/product_tag?post=89290"}],"curies":[{"name":"wp","href":"https:\/\/api.w.org\/{rel}","templated":true}]}}