{"id":89281,"date":"2023-01-31T22:47:46","date_gmt":"2023-01-31T22:47:46","guid":{"rendered":"https:\/\/www.3p-gmbh.de\/produkt\/compresseur-ultra-silencieux-jun-air-4-25-moteur-lubrifie-avec-detendeur-junair\/"},"modified":"2023-01-31T22:47:46","modified_gmt":"2023-01-31T22:47:46","slug":"compresseur-fluide-jun-air-4-25-moteur-lubrifie-avec-reducteur-de-pression-junair","status":"publish","type":"product","link":"https:\/\/www.3p-gmbh.de\/fr\/produkt\/compresseur-fluide-jun-air-4-25-moteur-lubrifie-avec-reducteur-de-pression-junair\/","title":{"rendered":"Compresseur ultra silencieux JUN-AIR 4-25 Moteur lubrifi\u00e9 avec d\u00e9tendeur JUNAIR"},"content":{"rendered":"<p><strong>Compresseur ultra silencieux JUN-AIR 4-25 Moteur lubrifi\u00e9 avec d\u00e9tendeur \u00ab\u00a0JUNAIR\u00a0\u00bb.<\/strong><br \/>\n<strong>de 2007<\/strong><\/p>\n<p>Les compresseurs JUN-AIR lubrifi\u00e9s sont toujours la solution optimale,<br \/>\nlorsqu&rsquo;une alimentation silencieuse en air comprim\u00e9 est n\u00e9cessaire.<br \/>\nAvec 45 dB(A), le volume sonore est nettement inf\u00e9rieur au niveau sonore d&rsquo;une conversation normale.<br \/>\nUn fonctionnement silencieux, sans vibrations et une construction compacte permettent une installation directement sur le lieu de travail.<\/p>\n<p>Donn\u00e9es techniques :<br \/>\nmax. Pression 18 bar<br \/>\nCapacit\u00e9 d&rsquo;aspiration 50 l\/min<br \/>\nD\u00e9bit effectif : 32 l\/min \u00e0 8 bar<br \/>\nVolume sonore 45 dB(A)<br \/>\nFacteur de marche \/ pause 15 min \/ 15 min.<br \/>\nNombre de compresseurs 1<br \/>\nCylindre par compresseur 1<br \/>\nVolume du r\u00e9servoir sous pression 25 l<br \/>\nTemp\u00e9rature ambiante admissible +1\u00b0C \u00e0 +40\u00b0C<br \/>\nTension d&rsquo;alimentation 230 V, 50 Hz<br \/>\npuissance du moteur 0,34 kW<br \/>\nConsommation de courant 2,9 A<br \/>\nProtection thermique Int\u00e9gr\u00e9e<br \/>\npoids 29 kg<br \/>\nDimensions (L x l x H) 378 x 378 x 555<\/p>\n","protected":false},"excerpt":{"rendered":"<p>Compresseur ultra silencieux JUN-AIR 4-25 Moteur lubrifi\u00e9 avec d\u00e9tendeur \u00ab\u00a0JUNAIR\u00a0\u00bb. de 2007 Les compresseurs JUN-AIR lubrifi\u00e9s sont toujours la solution optimale, lorsqu&rsquo;une alimentation silencieuse en air comprim\u00e9 est n\u00e9cessaire. Avec 45 dB(A), le volume sonore est nettement inf\u00e9rieur au niveau sonore d&rsquo;une conversation normale. Un fonctionnement silencieux, sans vibrations et une construction compacte permettent une [&hellip;]<\/p>\n","protected":false},"featured_media":61781,"template":"","meta":[],"product_brand":[],"product_cat":[2934],"product_tag":[],"class_list":{"0":"post-89281","1":"product","2":"type-product","3":"status-publish","4":"has-post-thumbnail","6":"product_cat-compresseurs-pompes-a-vide","7":"pa_hersteller-jun-air","8":"pa_typ-4-25","10":"first","11":"instock","12":"taxable","13":"shipping-taxable","14":"product-type-simple"},"jetpack_sharing_enabled":true,"_links":{"self":[{"href":"https:\/\/www.3p-gmbh.de\/fr\/wp-json\/wp\/v2\/product\/89281","targetHints":{"allow":["GET"]}}],"collection":[{"href":"https:\/\/www.3p-gmbh.de\/fr\/wp-json\/wp\/v2\/product"}],"about":[{"href":"https:\/\/www.3p-gmbh.de\/fr\/wp-json\/wp\/v2\/types\/product"}],"wp:featuredmedia":[{"embeddable":true,"href":"https:\/\/www.3p-gmbh.de\/fr\/wp-json\/wp\/v2\/media\/61781"}],"wp:attachment":[{"href":"https:\/\/www.3p-gmbh.de\/fr\/wp-json\/wp\/v2\/media?parent=89281"}],"wp:term":[{"taxonomy":"product_brand","embeddable":true,"href":"https:\/\/www.3p-gmbh.de\/fr\/wp-json\/wp\/v2\/product_brand?post=89281"},{"taxonomy":"product_cat","embeddable":true,"href":"https:\/\/www.3p-gmbh.de\/fr\/wp-json\/wp\/v2\/product_cat?post=89281"},{"taxonomy":"product_tag","embeddable":true,"href":"https:\/\/www.3p-gmbh.de\/fr\/wp-json\/wp\/v2\/product_tag?post=89281"}],"curies":[{"name":"wp","href":"https:\/\/api.w.org\/{rel}","templated":true}]}}