{"id":89278,"date":"2023-01-31T22:44:27","date_gmt":"2023-01-31T22:44:27","guid":{"rendered":"https:\/\/www.3p-gmbh.de\/produkt\/kodak-prinergy-server-fd1-avec-logiciel-powepack-et-inside-prepress-portal-version-9-x\/"},"modified":"2023-01-31T22:44:27","modified_gmt":"2023-01-31T22:44:27","slug":"kodak-prinergy-server-fd1-avec-logiciel-powepack-et-inside-prepress-portal-version-9-x","status":"publish","type":"product","link":"https:\/\/www.3p-gmbh.de\/fr\/produkt\/kodak-prinergy-server-fd1-avec-logiciel-powepack-et-inside-prepress-portal-version-9-x\/","title":{"rendered":"Kodak Prinergy Server FD1 avec logiciel Powepack et Inside Prepress Portal version 9.X"},"content":{"rendered":"<p><strong>Kodak Prinergy Server FD1 avec logiciel Powepack et Inside Prepress Portal version 9.X<\/strong><br \/>\n\u00e0 partir de 12.2017<\/p>\n<p>nouvelle unit\u00e9 centrale dell 2017<br \/>\n1 serveur secondaire<br \/>\n1 serveur primaire<br \/>\n1 rack de disques durs<br \/>\n1 UPS<\/p>\n<p>le tout install\u00e9 dans une armoire de 19 pouces<\/p>\n","protected":false},"excerpt":{"rendered":"<p>Kodak Prinergy Server FD1 avec logiciel Powepack et Inside Prepress Portal version 9.X \u00e0 partir de 12.2017 nouvelle unit\u00e9 centrale dell 2017 1 serveur secondaire 1 serveur primaire 1 rack de disques durs 1 UPS le tout install\u00e9 dans une armoire de 19 pouces<\/p>\n","protected":false},"featured_media":61780,"template":"","meta":[],"product_brand":[],"product_cat":[3036,3013],"product_tag":[],"class_list":{"0":"post-89278","1":"product","2":"type-product","3":"status-publish","4":"has-post-thumbnail","6":"product_cat-logiciel","7":"product_cat-logiciel-de-prepresse","8":"pa_hersteller-kodak","10":"first","11":"instock","12":"taxable","13":"shipping-taxable","14":"product-type-simple"},"jetpack_sharing_enabled":true,"_links":{"self":[{"href":"https:\/\/www.3p-gmbh.de\/fr\/wp-json\/wp\/v2\/product\/89278","targetHints":{"allow":["GET"]}}],"collection":[{"href":"https:\/\/www.3p-gmbh.de\/fr\/wp-json\/wp\/v2\/product"}],"about":[{"href":"https:\/\/www.3p-gmbh.de\/fr\/wp-json\/wp\/v2\/types\/product"}],"wp:featuredmedia":[{"embeddable":true,"href":"https:\/\/www.3p-gmbh.de\/fr\/wp-json\/wp\/v2\/media\/61780"}],"wp:attachment":[{"href":"https:\/\/www.3p-gmbh.de\/fr\/wp-json\/wp\/v2\/media?parent=89278"}],"wp:term":[{"taxonomy":"product_brand","embeddable":true,"href":"https:\/\/www.3p-gmbh.de\/fr\/wp-json\/wp\/v2\/product_brand?post=89278"},{"taxonomy":"product_cat","embeddable":true,"href":"https:\/\/www.3p-gmbh.de\/fr\/wp-json\/wp\/v2\/product_cat?post=89278"},{"taxonomy":"product_tag","embeddable":true,"href":"https:\/\/www.3p-gmbh.de\/fr\/wp-json\/wp\/v2\/product_tag?post=89278"}],"curies":[{"name":"wp","href":"https:\/\/api.w.org\/{rel}","templated":true}]}}