{"id":89265,"date":"2023-01-31T22:51:03","date_gmt":"2023-01-31T22:51:03","guid":{"rendered":"https:\/\/www.3p-gmbh.de\/produkt\/renz-wbs-340-machine-de-fermeture-manuelle-pour-peignes-metalliques\/"},"modified":"2023-01-31T22:51:03","modified_gmt":"2023-01-31T22:51:03","slug":"renz-wbs-340-fermeuse-manuelle-pour-liage-peigne-de-fil","status":"publish","type":"product","link":"https:\/\/www.3p-gmbh.de\/fr\/produkt\/renz-wbs-340-fermeuse-manuelle-pour-liage-peigne-de-fil\/","title":{"rendered":"Renz WBS 340 Machine de fermeture manuelle pour peignes m\u00e9talliques"},"content":{"rendered":"<p><strong>Machine de fermeture manuelle Renz WBS pour le liage par peigne m\u00e9tallique<\/strong><\/p>\n<p>Le WBS 340 de Renz avec support de module peut \u00eatre raccord\u00e9 \u00e0 la d\u00e9coupeuse de table DTP 340 M<br \/>\n\u00eatre accroch\u00e9 pour former un syst\u00e8me de poin\u00e7onnage et de reliure performant et peu encombrant.<\/p>\n<p>Caract\u00e9ristiques de performance<\/p>\n<p>avec support de module comme appareil de reliure individuel<br \/>\nutilisable pour fermer tous les diam\u00e8tres de fils de \u00f8 3\/16&Prime; &#8211; 1 1\/2&Prime; (5,5 &#8211; 38 mm) ind\u00e9pendamment du pas<br \/>\nconvient \u00e9galement aux fermetures doubles (2 x 360 mm) gr\u00e2ce \u00e0 sa construction ouverte sur le c\u00f4t\u00e9<\/p>\n<p>facile \u00e0 accrocher \u00e0 la d\u00e9coupeuse de table DTP 340 M<br \/>\nQualit\u00e9 \u00ab\u00a0Made in Germany<\/p>\n","protected":false},"excerpt":{"rendered":"<p>Machine de fermeture manuelle Renz WBS pour le liage par peigne m\u00e9tallique Le WBS 340 de Renz avec support de module peut \u00eatre raccord\u00e9 \u00e0 la d\u00e9coupeuse de table DTP 340 M \u00eatre accroch\u00e9 pour former un syst\u00e8me de poin\u00e7onnage et de reliure performant et peu encombrant. Caract\u00e9ristiques de performance avec support de module comme [&hellip;]<\/p>\n","protected":false},"featured_media":61784,"template":"","meta":[],"product_brand":[],"product_cat":[2852],"product_tag":[],"class_list":{"0":"post-89265","1":"product","2":"type-product","3":"status-publish","4":"has-post-thumbnail","6":"product_cat-machines-a-relier-par-fil","7":"pa_hersteller-renz","8":"pa_typ-wbs-340","10":"first","11":"instock","12":"taxable","13":"shipping-taxable","14":"product-type-simple"},"jetpack_sharing_enabled":true,"_links":{"self":[{"href":"https:\/\/www.3p-gmbh.de\/fr\/wp-json\/wp\/v2\/product\/89265","targetHints":{"allow":["GET"]}}],"collection":[{"href":"https:\/\/www.3p-gmbh.de\/fr\/wp-json\/wp\/v2\/product"}],"about":[{"href":"https:\/\/www.3p-gmbh.de\/fr\/wp-json\/wp\/v2\/types\/product"}],"wp:featuredmedia":[{"embeddable":true,"href":"https:\/\/www.3p-gmbh.de\/fr\/wp-json\/wp\/v2\/media\/61784"}],"wp:attachment":[{"href":"https:\/\/www.3p-gmbh.de\/fr\/wp-json\/wp\/v2\/media?parent=89265"}],"wp:term":[{"taxonomy":"product_brand","embeddable":true,"href":"https:\/\/www.3p-gmbh.de\/fr\/wp-json\/wp\/v2\/product_brand?post=89265"},{"taxonomy":"product_cat","embeddable":true,"href":"https:\/\/www.3p-gmbh.de\/fr\/wp-json\/wp\/v2\/product_cat?post=89265"},{"taxonomy":"product_tag","embeddable":true,"href":"https:\/\/www.3p-gmbh.de\/fr\/wp-json\/wp\/v2\/product_tag?post=89265"}],"curies":[{"name":"wp","href":"https:\/\/api.w.org\/{rel}","templated":true}]}}