{"id":89262,"date":"2023-02-07T10:42:23","date_gmt":"2023-02-07T10:42:23","guid":{"rendered":"https:\/\/www.3p-gmbh.de\/produkt\/encolleuse-a-colle-froide-prakma-20cm\/"},"modified":"2023-02-07T10:42:23","modified_gmt":"2023-02-07T10:42:23","slug":"colleuse-de-colle-froide-prakma-20-cm","status":"publish","type":"product","link":"https:\/\/www.3p-gmbh.de\/fr\/produkt\/colleuse-de-colle-froide-prakma-20-cm\/","title":{"rendered":"Encolleuse \u00e0 colle froide Prakma 20cm"},"content":{"rendered":"<p><strong>Prakma Encollage \u00e0 la colle froide &#8211; Machine \u00e0 encoller<\/strong><\/p>\n<p>largeur du rouleau 20cm<\/p>\n<p>220 volts<\/p>\n<p>r\u00e9vis\u00e9<\/p>\n","protected":false},"excerpt":{"rendered":"<p>Prakma Encollage \u00e0 la colle froide &#8211; Machine \u00e0 encoller largeur du rouleau 20cm 220 volts r\u00e9vis\u00e9<\/p>\n","protected":false},"featured_media":61820,"template":"","meta":[],"product_brand":[],"product_cat":[2890],"product_tag":[],"class_list":{"0":"post-89262","1":"product","2":"type-product","3":"status-publish","4":"has-post-thumbnail","6":"product_cat-reliure-dassortiment","7":"pa_hersteller-prakma","9":"first","10":"instock","11":"taxable","12":"shipping-taxable","13":"product-type-simple"},"jetpack_sharing_enabled":true,"_links":{"self":[{"href":"https:\/\/www.3p-gmbh.de\/fr\/wp-json\/wp\/v2\/product\/89262","targetHints":{"allow":["GET"]}}],"collection":[{"href":"https:\/\/www.3p-gmbh.de\/fr\/wp-json\/wp\/v2\/product"}],"about":[{"href":"https:\/\/www.3p-gmbh.de\/fr\/wp-json\/wp\/v2\/types\/product"}],"wp:featuredmedia":[{"embeddable":true,"href":"https:\/\/www.3p-gmbh.de\/fr\/wp-json\/wp\/v2\/media\/61820"}],"wp:attachment":[{"href":"https:\/\/www.3p-gmbh.de\/fr\/wp-json\/wp\/v2\/media?parent=89262"}],"wp:term":[{"taxonomy":"product_brand","embeddable":true,"href":"https:\/\/www.3p-gmbh.de\/fr\/wp-json\/wp\/v2\/product_brand?post=89262"},{"taxonomy":"product_cat","embeddable":true,"href":"https:\/\/www.3p-gmbh.de\/fr\/wp-json\/wp\/v2\/product_cat?post=89262"},{"taxonomy":"product_tag","embeddable":true,"href":"https:\/\/www.3p-gmbh.de\/fr\/wp-json\/wp\/v2\/product_tag?post=89262"}],"curies":[{"name":"wp","href":"https:\/\/api.w.org\/{rel}","templated":true}]}}