{"id":89246,"date":"2023-03-05T23:17:13","date_gmt":"2023-03-05T23:17:13","guid":{"rendered":"https:\/\/www.3p-gmbh.de\/produkt\/imprimante-professionnelle-24-epson-stylus-pro-7900\/"},"modified":"2023-03-05T23:17:13","modified_gmt":"2023-03-05T23:17:13","slug":"imprimante-professionnelle-24-epson-stylus-pro-7900","status":"publish","type":"product","link":"https:\/\/www.3p-gmbh.de\/fr\/produkt\/imprimante-professionnelle-24-epson-stylus-pro-7900\/","title":{"rendered":"imprimante professionnelle 24&Prime; &#8211; Epson Stylus Pro 7900"},"content":{"rendered":"<p><strong>imprimante professionnelle 24&Prime; &#8211; Epson Stylus Pro 7900<\/strong><\/p>\n<p><em>Caract\u00e9ristiques du produit<\/em><br \/>\nLe nouveau syst\u00e8me d&rsquo;encre \u00e0 dix couleurs produit une gamme de couleurs plus large pour des performances optimales<br \/>\nLa t\u00eate d&rsquo;impression Epson MicroPiezoTM TFP offre des performances am\u00e9lior\u00e9es et une plus grande durabilit\u00e9<br \/>\nLe syst\u00e8me d&rsquo;encre comprend d\u00e9sormais l&rsquo;orange et le vert comme nouvelles couleurs, ce qui permet d&rsquo;obtenir un spectre de couleurs plus large et une plus grande fid\u00e9lit\u00e9 des couleurs sur des supports d&rsquo;impression sp\u00e9ciaux.<\/p>\n<p><em>D\u00e9couvrez la fid\u00e9lit\u00e9 et la coh\u00e9rence des couleurs \u00e0 grande \u00e9chelle<\/em><br \/>\nHaute vitesse, facilit\u00e9 d&rsquo;utilisation et m\u00eame maintenance automatique.<br \/>\nIl n&rsquo;y a pas de limites \u00e0 votre productivit\u00e9, vous pouvez donc vous concentrer sur vos performances cr\u00e9atives.<\/p>\n<p><em>Pr\u00e9cision et reproductibilit\u00e9<\/em><br \/>\nR\u00e9sultats coh\u00e9rents, pr\u00e9cis et durables en couleur et en noir et blanc. L&rsquo;encre noire mate et l&rsquo;encre photo noire peuvent \u00eatre utilis\u00e9es simultan\u00e9ment. L&rsquo;imprimante alterne automatiquement entre les deux nuances de noir, ce qui permet d&rsquo;obtenir des r\u00e9sultats optimaux sur chaque support. Les impressions sont s\u00e8ches et durables en quelques minutes et r\u00e9sistent \u00e0 la lumi\u00e8re jusqu&rsquo;\u00e0 200 ans.<\/p>\n<p><em>\u00c9chelle de couleurs \u00e9tendue<\/em><br \/>\nGr\u00e2ce aux nouvelles encres verte et orange, la reproduction des couleurs est am\u00e9lior\u00e9e et les tons chair semblent nettement moins granuleux. Les trois encres noires contribuent \u00e0 r\u00e9duire les incoh\u00e9rences de couleur. Vos impressions sont parfaites, quelles que soient les conditions d&rsquo;\u00e9clairage.<\/p>\n<p><em>Syst\u00e8me de contr\u00f4le automatique des buses d&rsquo;encre<\/em><br \/>\nLes buses d&rsquo;encre sont automatiquement contr\u00f4l\u00e9es et nettoy\u00e9es si n\u00e9cessaire. L&rsquo;ensemble du processus de nettoyage ne dure que 15 secondes et peut \u00eatre effectu\u00e9 par s\u00e9curit\u00e9 entre deux travaux d&rsquo;impression sans surveillance.<\/p>\n","protected":false},"excerpt":{"rendered":"<p>imprimante professionnelle 24&Prime; &#8211; Epson Stylus Pro 7900 Caract\u00e9ristiques du produit Le nouveau syst\u00e8me d&rsquo;encre \u00e0 dix couleurs produit une gamme de couleurs plus large pour des performances optimales La t\u00eate d&rsquo;impression Epson MicroPiezoTM TFP offre des performances am\u00e9lior\u00e9es et une plus grande durabilit\u00e9 Le syst\u00e8me d&rsquo;encre comprend d\u00e9sormais l&rsquo;orange et le vert comme nouvelles [&hellip;]<\/p>\n","protected":false},"featured_media":61857,"template":"","meta":[],"product_brand":[],"product_cat":[2973],"product_tag":[],"class_list":{"0":"post-89246","1":"product","2":"type-product","3":"status-publish","4":"has-post-thumbnail","6":"product_cat-impression-numerique","7":"pa_hersteller-epson","8":"pa_typ-stylus-pro-7900","10":"first","11":"instock","12":"taxable","13":"shipping-taxable","14":"product-type-simple"},"jetpack_sharing_enabled":true,"_links":{"self":[{"href":"https:\/\/www.3p-gmbh.de\/fr\/wp-json\/wp\/v2\/product\/89246","targetHints":{"allow":["GET"]}}],"collection":[{"href":"https:\/\/www.3p-gmbh.de\/fr\/wp-json\/wp\/v2\/product"}],"about":[{"href":"https:\/\/www.3p-gmbh.de\/fr\/wp-json\/wp\/v2\/types\/product"}],"wp:featuredmedia":[{"embeddable":true,"href":"https:\/\/www.3p-gmbh.de\/fr\/wp-json\/wp\/v2\/media\/61857"}],"wp:attachment":[{"href":"https:\/\/www.3p-gmbh.de\/fr\/wp-json\/wp\/v2\/media?parent=89246"}],"wp:term":[{"taxonomy":"product_brand","embeddable":true,"href":"https:\/\/www.3p-gmbh.de\/fr\/wp-json\/wp\/v2\/product_brand?post=89246"},{"taxonomy":"product_cat","embeddable":true,"href":"https:\/\/www.3p-gmbh.de\/fr\/wp-json\/wp\/v2\/product_cat?post=89246"},{"taxonomy":"product_tag","embeddable":true,"href":"https:\/\/www.3p-gmbh.de\/fr\/wp-json\/wp\/v2\/product_tag?post=89246"}],"curies":[{"name":"wp","href":"https:\/\/api.w.org\/{rel}","templated":true}]}}