{"id":89245,"date":"2023-03-05T23:10:18","date_gmt":"2023-03-05T23:10:18","guid":{"rendered":"https:\/\/www.3p-gmbh.de\/produkt\/coupeuse-rapide-wohlenberg-wp-92-spm\/"},"modified":"2023-03-05T23:10:18","modified_gmt":"2023-03-05T23:10:18","slug":"coupe-rapide-wohlenberg-wp-92-spm","status":"publish","type":"product","link":"https:\/\/www.3p-gmbh.de\/fr\/produkt\/coupe-rapide-wohlenberg-wp-92-spm\/","title":{"rendered":"Coupeuse rapide Wohlenberg WP 92 SPM"},"content":{"rendered":"<p><strong>Coupeuse rapide Wohlenberg WP 92 SPM  <\/strong><br \/>\n<strong>SN 3486-009<\/strong><br \/>\n<strong>Machine des autorit\u00e9s de l&rsquo;ann\u00e9e 1991<\/strong><\/p>\n<p>Largeur de coupe 92 cm<br \/>\nhauteur de l&rsquo;insert 110mm<br \/>\nnombre de coupes 42\/min<br \/>\nSPM Programme automatique<br \/>\nBarri\u00e8res lumineuses<br \/>\nTable \u00e0 air<br \/>\n3 couteaux (1x acier su\u00e9dois et 2x HSS)<\/p>\n","protected":false},"excerpt":{"rendered":"<p>Coupeuse rapide Wohlenberg WP 92 SPM SN 3486-009 Machine des autorit\u00e9s de l&rsquo;ann\u00e9e 1991 Largeur de coupe 92 cm hauteur de l&rsquo;insert 110mm nombre de coupes 42\/min SPM Programme automatique Barri\u00e8res lumineuses Table \u00e0 air 3 couteaux (1x acier su\u00e9dois et 2x HSS)<\/p>\n","protected":false},"featured_media":61852,"template":"","meta":[],"product_brand":[],"product_cat":[3016],"product_tag":[],"class_list":{"0":"post-89245","1":"product","2":"type-product","3":"status-publish","4":"has-post-thumbnail","6":"product_cat-machines-de-decoupe","7":"pa_hersteller-wohlenberg","8":"pa_typ-wp-92-spm","10":"first","11":"instock","12":"taxable","13":"shipping-taxable","14":"product-type-simple"},"jetpack_sharing_enabled":true,"_links":{"self":[{"href":"https:\/\/www.3p-gmbh.de\/fr\/wp-json\/wp\/v2\/product\/89245","targetHints":{"allow":["GET"]}}],"collection":[{"href":"https:\/\/www.3p-gmbh.de\/fr\/wp-json\/wp\/v2\/product"}],"about":[{"href":"https:\/\/www.3p-gmbh.de\/fr\/wp-json\/wp\/v2\/types\/product"}],"wp:featuredmedia":[{"embeddable":true,"href":"https:\/\/www.3p-gmbh.de\/fr\/wp-json\/wp\/v2\/media\/61852"}],"wp:attachment":[{"href":"https:\/\/www.3p-gmbh.de\/fr\/wp-json\/wp\/v2\/media?parent=89245"}],"wp:term":[{"taxonomy":"product_brand","embeddable":true,"href":"https:\/\/www.3p-gmbh.de\/fr\/wp-json\/wp\/v2\/product_brand?post=89245"},{"taxonomy":"product_cat","embeddable":true,"href":"https:\/\/www.3p-gmbh.de\/fr\/wp-json\/wp\/v2\/product_cat?post=89245"},{"taxonomy":"product_tag","embeddable":true,"href":"https:\/\/www.3p-gmbh.de\/fr\/wp-json\/wp\/v2\/product_tag?post=89245"}],"curies":[{"name":"wp","href":"https:\/\/api.w.org\/{rel}","templated":true}]}}