{"id":89233,"date":"2023-03-06T00:15:23","date_gmt":"2023-03-06T00:15:23","guid":{"rendered":"https:\/\/www.3p-gmbh.de\/produkt\/2-station-plieuse-a-poches-mbo-t-780-6\/"},"modified":"2023-03-06T00:15:23","modified_gmt":"2023-03-06T00:15:23","slug":"2-station-taschenfalzwerk-mbo-t-780-6","status":"publish","type":"product","link":"https:\/\/www.3p-gmbh.de\/fr\/produkt\/2-station-taschenfalzwerk-mbo-t-780-6\/","title":{"rendered":"2.Station Plieuse \u00e0 poches MBO T 780-6"},"content":{"rendered":"<p><strong>2.Station Plieuse \u00e0 poches MBO T 780-6<\/strong><\/p>\n<div>6 poches de pliage 78cm d&rsquo;entr\u00e9e<\/div>\n<div>Guiedes \u00e0 grande vitesse<\/div>\n","protected":false},"excerpt":{"rendered":"<p>2.Station Plieuse \u00e0 poches MBO T 780-6 6 poches de pliage 78cm d&rsquo;entr\u00e9e Guiedes \u00e0 grande vitesse<\/p>\n","protected":false},"featured_media":61907,"template":"","meta":[],"product_brand":[],"product_cat":[2924],"product_tag":[],"class_list":{"0":"post-89233","1":"product","2":"type-product","3":"status-publish","4":"has-post-thumbnail","6":"product_cat-plieuses","7":"pa_hersteller-mbo","8":"pa_typ-t-780-6","10":"first","11":"instock","12":"taxable","13":"shipping-taxable","14":"product-type-simple"},"jetpack_sharing_enabled":true,"_links":{"self":[{"href":"https:\/\/www.3p-gmbh.de\/fr\/wp-json\/wp\/v2\/product\/89233","targetHints":{"allow":["GET"]}}],"collection":[{"href":"https:\/\/www.3p-gmbh.de\/fr\/wp-json\/wp\/v2\/product"}],"about":[{"href":"https:\/\/www.3p-gmbh.de\/fr\/wp-json\/wp\/v2\/types\/product"}],"wp:featuredmedia":[{"embeddable":true,"href":"https:\/\/www.3p-gmbh.de\/fr\/wp-json\/wp\/v2\/media\/61907"}],"wp:attachment":[{"href":"https:\/\/www.3p-gmbh.de\/fr\/wp-json\/wp\/v2\/media?parent=89233"}],"wp:term":[{"taxonomy":"product_brand","embeddable":true,"href":"https:\/\/www.3p-gmbh.de\/fr\/wp-json\/wp\/v2\/product_brand?post=89233"},{"taxonomy":"product_cat","embeddable":true,"href":"https:\/\/www.3p-gmbh.de\/fr\/wp-json\/wp\/v2\/product_cat?post=89233"},{"taxonomy":"product_tag","embeddable":true,"href":"https:\/\/www.3p-gmbh.de\/fr\/wp-json\/wp\/v2\/product_tag?post=89233"}],"curies":[{"name":"wp","href":"https:\/\/api.w.org\/{rel}","templated":true}]}}