{"id":89226,"date":"2023-03-06T00:13:10","date_gmt":"2023-03-06T00:13:10","guid":{"rendered":"https:\/\/www.3p-gmbh.de\/produkt\/2eme-plieuse-quatre-poches-mobile-et-reglable-en-hauteur-herzog-heymann-hh-m7-35-4\/"},"modified":"2023-03-06T00:13:10","modified_gmt":"2023-03-06T00:13:10","slug":"2-station-poche-plieuse-herzog-heymann-hh-m7-35-4","status":"publish","type":"product","link":"https:\/\/www.3p-gmbh.de\/fr\/produkt\/2-station-poche-plieuse-herzog-heymann-hh-m7-35-4\/","title":{"rendered":"2\u00e8me plieuse quatre poches mobile et r\u00e9glable en hauteur Herzog &amp; Heymann H&amp;H M7.35-4"},"content":{"rendered":"<p><strong>2\u00e8me plieuse quatre poches mobile et r\u00e9glable en hauteur Herzog &amp; Heymann H&amp;H M7.35-4<\/strong><br \/>\n<strong>de 2002  <\/strong><\/p>\n<p>Autocontr\u00f4le avec arr\u00eat d&rsquo;urgence<br \/>\nTable \u00e0 rouleaux avec entr\u00e9e lin\u00e9aire comme FW 2, HighSpeed Guides<br \/>\nTraverse pour le maintien des perforations de cadence ou des t\u00eates d&rsquo;encollage avant l&rsquo;entr\u00e9e<br \/>\nAxe de couteau simple en amont<br \/>\n4 poches de pliage 780cm<br \/>\nRouleaux de pliage segment\u00e9s de 35 mm de diam\u00e8tre<br \/>\nArbres porte-lames \u00e0 double roulement Axes enfichables<\/p>\n","protected":false},"excerpt":{"rendered":"<p>2\u00e8me plieuse quatre poches mobile et r\u00e9glable en hauteur Herzog &amp; Heymann H&amp;H M7.35-4 de 2002 Autocontr\u00f4le avec arr\u00eat d&rsquo;urgence Table \u00e0 rouleaux avec entr\u00e9e lin\u00e9aire comme FW 2, HighSpeed Guides Traverse pour le maintien des perforations de cadence ou des t\u00eates d&rsquo;encollage avant l&rsquo;entr\u00e9e Axe de couteau simple en amont 4 poches de pliage [&hellip;]<\/p>\n","protected":false},"featured_media":62105,"template":"","meta":[],"product_brand":[],"product_cat":[2924,2984],"product_tag":[],"class_list":{"0":"post-89226","1":"product","2":"type-product","3":"status-publish","4":"has-post-thumbnail","6":"product_cat-plieuses","7":"product_cat-plieuses-fr","8":"pa_hersteller-herzog-heymann","9":"pa_typ-m7-35-4","11":"first","12":"instock","13":"taxable","14":"shipping-taxable","15":"product-type-simple"},"jetpack_sharing_enabled":true,"_links":{"self":[{"href":"https:\/\/www.3p-gmbh.de\/fr\/wp-json\/wp\/v2\/product\/89226","targetHints":{"allow":["GET"]}}],"collection":[{"href":"https:\/\/www.3p-gmbh.de\/fr\/wp-json\/wp\/v2\/product"}],"about":[{"href":"https:\/\/www.3p-gmbh.de\/fr\/wp-json\/wp\/v2\/types\/product"}],"wp:featuredmedia":[{"embeddable":true,"href":"https:\/\/www.3p-gmbh.de\/fr\/wp-json\/wp\/v2\/media\/62105"}],"wp:attachment":[{"href":"https:\/\/www.3p-gmbh.de\/fr\/wp-json\/wp\/v2\/media?parent=89226"}],"wp:term":[{"taxonomy":"product_brand","embeddable":true,"href":"https:\/\/www.3p-gmbh.de\/fr\/wp-json\/wp\/v2\/product_brand?post=89226"},{"taxonomy":"product_cat","embeddable":true,"href":"https:\/\/www.3p-gmbh.de\/fr\/wp-json\/wp\/v2\/product_cat?post=89226"},{"taxonomy":"product_tag","embeddable":true,"href":"https:\/\/www.3p-gmbh.de\/fr\/wp-json\/wp\/v2\/product_tag?post=89226"}],"curies":[{"name":"wp","href":"https:\/\/api.w.org\/{rel}","templated":true}]}}