{"id":89217,"date":"2023-03-06T00:18:40","date_gmt":"2023-03-06T00:18:40","guid":{"rendered":"https:\/\/www.3p-gmbh.de\/produkt\/sortie-de-presse-a-ecailles-mbo-asp-66-2-me\/"},"modified":"2023-03-06T00:18:40","modified_gmt":"2023-03-06T00:18:40","slug":"sortie-de-presse-a-ecailles-mbo-asp-66-2-me","status":"publish","type":"product","link":"https:\/\/www.3p-gmbh.de\/fr\/produkt\/sortie-de-presse-a-ecailles-mbo-asp-66-2-me\/","title":{"rendered":"Sortie de presse \u00e0 \u00e9cailles MBO ASP 66-2 ME"},"content":{"rendered":"<p><strong>Sortie de presse \u00e0 \u00e9cailles MBO ASP 66-2ME<\/strong><br \/>\navec dispositif de marquage<\/p>\n","protected":false},"excerpt":{"rendered":"<p>Sortie de presse \u00e0 \u00e9cailles MBO ASP 66-2ME avec dispositif de marquage<\/p>\n","protected":false},"featured_media":61908,"template":"","meta":[],"product_brand":[],"product_cat":[2916],"product_tag":[],"class_list":{"0":"post-89217","1":"product","2":"type-product","3":"status-publish","4":"has-post-thumbnail","6":"product_cat-depenses","7":"pa_hersteller-mbo","8":"pa_typ-asp-66-2me","10":"first","11":"instock","12":"taxable","13":"shipping-taxable","14":"product-type-simple"},"jetpack_sharing_enabled":true,"_links":{"self":[{"href":"https:\/\/www.3p-gmbh.de\/fr\/wp-json\/wp\/v2\/product\/89217","targetHints":{"allow":["GET"]}}],"collection":[{"href":"https:\/\/www.3p-gmbh.de\/fr\/wp-json\/wp\/v2\/product"}],"about":[{"href":"https:\/\/www.3p-gmbh.de\/fr\/wp-json\/wp\/v2\/types\/product"}],"wp:featuredmedia":[{"embeddable":true,"href":"https:\/\/www.3p-gmbh.de\/fr\/wp-json\/wp\/v2\/media\/61908"}],"wp:attachment":[{"href":"https:\/\/www.3p-gmbh.de\/fr\/wp-json\/wp\/v2\/media?parent=89217"}],"wp:term":[{"taxonomy":"product_brand","embeddable":true,"href":"https:\/\/www.3p-gmbh.de\/fr\/wp-json\/wp\/v2\/product_brand?post=89217"},{"taxonomy":"product_cat","embeddable":true,"href":"https:\/\/www.3p-gmbh.de\/fr\/wp-json\/wp\/v2\/product_cat?post=89217"},{"taxonomy":"product_tag","embeddable":true,"href":"https:\/\/www.3p-gmbh.de\/fr\/wp-json\/wp\/v2\/product_tag?post=89217"}],"curies":[{"name":"wp","href":"https:\/\/api.w.org\/{rel}","templated":true}]}}