{"id":89206,"date":"2023-03-06T00:32:56","date_gmt":"2023-03-06T00:32:56","guid":{"rendered":"https:\/\/www.3p-gmbh.de\/produkt\/dainippon-screen-pt-r-serie-tetes-de-decoupe-autoplate-bacher-adaptees-a-manroland-et-koenig-bauer-kba-rapida-agfa-avalon-fuji-luxel\/"},"modified":"2023-03-06T00:32:56","modified_gmt":"2023-03-06T00:32:56","slug":"dainippon-screen-pt-r-serie-bacher-autoplate-poinconneurs-compatibles-avec-manroland-un-koenig-bauer-kba-rapida-agfa-avalon-fuji-luxel","status":"publish","type":"product","link":"https:\/\/www.3p-gmbh.de\/fr\/produkt\/dainippon-screen-pt-r-serie-bacher-autoplate-poinconneurs-compatibles-avec-manroland-un-koenig-bauer-kba-rapida-agfa-avalon-fuji-luxel\/","title":{"rendered":"Dainippon Screen PT-R Serie &#8211; T\u00eates de d\u00e9coupe Autoplate Bacher adapt\u00e9es \u00e0 MANROLAND et Koenig &amp; Bauer KBA Rapida &#8211; Agfa Avalon &#8211; Fuji Luxel"},"content":{"rendered":"<p><strong>Dainippon Screen PT-R Serie &#8211; T\u00eates de d\u00e9coupe Autoplate Bacher adapt\u00e9es \u00e0 MANROLAND et Koenig &amp; Bauer KBA Rapida &#8211; Agfa Avalon &#8211; Fuji Luxel<\/strong><\/p>\n","protected":false},"excerpt":{"rendered":"<p>Dainippon Screen PT-R Serie &#8211; T\u00eates de d\u00e9coupe Autoplate Bacher adapt\u00e9es \u00e0 MANROLAND et Koenig &amp; Bauer KBA Rapida &#8211; Agfa Avalon &#8211; Fuji Luxel<\/p>\n","protected":false},"featured_media":61923,"template":"","meta":[],"product_brand":[],"product_cat":[2864],"product_tag":[],"class_list":{"0":"post-89206","1":"product","2":"type-product","3":"status-publish","4":"has-post-thumbnail","6":"product_cat-systemes-computer-to-plate","8":"first","9":"instock","10":"taxable","11":"shipping-taxable","12":"product-type-simple"},"jetpack_sharing_enabled":true,"_links":{"self":[{"href":"https:\/\/www.3p-gmbh.de\/fr\/wp-json\/wp\/v2\/product\/89206","targetHints":{"allow":["GET"]}}],"collection":[{"href":"https:\/\/www.3p-gmbh.de\/fr\/wp-json\/wp\/v2\/product"}],"about":[{"href":"https:\/\/www.3p-gmbh.de\/fr\/wp-json\/wp\/v2\/types\/product"}],"wp:featuredmedia":[{"embeddable":true,"href":"https:\/\/www.3p-gmbh.de\/fr\/wp-json\/wp\/v2\/media\/61923"}],"wp:attachment":[{"href":"https:\/\/www.3p-gmbh.de\/fr\/wp-json\/wp\/v2\/media?parent=89206"}],"wp:term":[{"taxonomy":"product_brand","embeddable":true,"href":"https:\/\/www.3p-gmbh.de\/fr\/wp-json\/wp\/v2\/product_brand?post=89206"},{"taxonomy":"product_cat","embeddable":true,"href":"https:\/\/www.3p-gmbh.de\/fr\/wp-json\/wp\/v2\/product_cat?post=89206"},{"taxonomy":"product_tag","embeddable":true,"href":"https:\/\/www.3p-gmbh.de\/fr\/wp-json\/wp\/v2\/product_tag?post=89206"}],"curies":[{"name":"wp","href":"https:\/\/api.w.org\/{rel}","templated":true}]}}