{"id":89169,"date":"2023-03-19T19:37:22","date_gmt":"2023-03-19T19:37:22","guid":{"rendered":"https:\/\/www.3p-gmbh.de\/produkt\/destructeur-de-documents-ideal-2600-4-x-40mm\/"},"modified":"2023-03-19T19:37:22","modified_gmt":"2023-03-19T19:37:22","slug":"aktenvernichter-ideal-2600-4-x-40mm","status":"publish","type":"product","link":"https:\/\/www.3p-gmbh.de\/fr\/produkt\/aktenvernichter-ideal-2600-4-x-40mm\/","title":{"rendered":"Destructeur de documents IDEAL 2600 4 x 40mm"},"content":{"rendered":"<p><strong>Destructeur de documents IDEAL 2600 4 x 40mm<\/strong><\/p>\n<p>Broie : trombones, CD\/DVD, agrafes, cartes de cr\u00e9dit, papier<\/p>\n<p>Taille de coupe du papier : coupe en particules de 4x40mm<br \/>\nTaille de coupe du papier (filtre) : Coupe de particules<br \/>\nDIN 66399 Niveau de s\u00e9curit\u00e9 \/ papier : DIN P-4<br \/>\nCapacit\u00e9 en feuilles : 25 feuilles<br \/>\nCapacit\u00e9 en feuilles (filtres) : 20 feuilles +<br \/>\nDemande journali\u00e8re : 1000 feuilles<br \/>\nLargeur de remplissage : 260mm<br \/>\nLargeur de remplissage (filtre) : A4+<br \/>\nCapacit\u00e9 du bac de r\u00e9cup\u00e9ration : 100 litres<br \/>\nCapacit\u00e9 du bac de r\u00e9cup\u00e9ration (filtre) : 100 litres +<br \/>\nVitesse de coupe : 4,8 m\u00e8tres\/min<br \/>\nNiveau sonore : 68 dB<br \/>\nMoteur : 640 watts<br \/>\ntemps de fonctionnement continu : 24 heures<br \/>\nTemps de fonctionnement continu (filtre) : 24h de fonctionnement continu<br \/>\nTemps de refroidissement du moteur : sans objet<br \/>\nTension (V\/Hz) : 230\/50 V\/Hz<br \/>\nDimensions (L*H*P*) : 495*926*470*mm<br \/>\nPoids : 48kg<\/p>\n","protected":false},"excerpt":{"rendered":"<p>Destructeur de documents IDEAL 2600 4 x 40mm Broie : trombones, CD\/DVD, agrafes, cartes de cr\u00e9dit, papier Taille de coupe du papier : coupe en particules de 4x40mm Taille de coupe du papier (filtre) : Coupe de particules DIN 66399 Niveau de s\u00e9curit\u00e9 \/ papier : DIN P-4 Capacit\u00e9 en feuilles : 25 feuilles Capacit\u00e9 [&hellip;]<\/p>\n","protected":false},"featured_media":62007,"template":"","meta":[],"product_brand":[],"product_cat":[2890],"product_tag":[],"class_list":{"0":"post-89169","1":"product","2":"type-product","3":"status-publish","4":"has-post-thumbnail","6":"product_cat-reliure-dassortiment","7":"pa_hersteller-ideal","9":"first","10":"instock","11":"taxable","12":"shipping-taxable","13":"product-type-simple"},"jetpack_sharing_enabled":true,"_links":{"self":[{"href":"https:\/\/www.3p-gmbh.de\/fr\/wp-json\/wp\/v2\/product\/89169","targetHints":{"allow":["GET"]}}],"collection":[{"href":"https:\/\/www.3p-gmbh.de\/fr\/wp-json\/wp\/v2\/product"}],"about":[{"href":"https:\/\/www.3p-gmbh.de\/fr\/wp-json\/wp\/v2\/types\/product"}],"wp:featuredmedia":[{"embeddable":true,"href":"https:\/\/www.3p-gmbh.de\/fr\/wp-json\/wp\/v2\/media\/62007"}],"wp:attachment":[{"href":"https:\/\/www.3p-gmbh.de\/fr\/wp-json\/wp\/v2\/media?parent=89169"}],"wp:term":[{"taxonomy":"product_brand","embeddable":true,"href":"https:\/\/www.3p-gmbh.de\/fr\/wp-json\/wp\/v2\/product_brand?post=89169"},{"taxonomy":"product_cat","embeddable":true,"href":"https:\/\/www.3p-gmbh.de\/fr\/wp-json\/wp\/v2\/product_cat?post=89169"},{"taxonomy":"product_tag","embeddable":true,"href":"https:\/\/www.3p-gmbh.de\/fr\/wp-json\/wp\/v2\/product_tag?post=89169"}],"curies":[{"name":"wp","href":"https:\/\/api.w.org\/{rel}","templated":true}]}}