{"id":89161,"date":"2023-03-10T00:20:36","date_gmt":"2023-03-10T00:20:36","guid":{"rendered":"https:\/\/www.3p-gmbh.de\/produkt\/margeur-automatique-mobile-a-friction-bograma-fr-550-servo-c\/"},"modified":"2023-03-10T00:20:36","modified_gmt":"2023-03-10T00:20:36","slug":"margeur-friction-mobile-automatique-bograma-fr-550-servo-c-2","status":"publish","type":"product","link":"https:\/\/www.3p-gmbh.de\/fr\/produkt\/margeur-friction-mobile-automatique-bograma-fr-550-servo-c-2\/","title":{"rendered":"margeur automatique mobile \u00e0 friction Bograma FR 550 Servo C"},"content":{"rendered":"<p><strong>margeur automatique mobile \u00e0 friction Bograma FR 550 Servo C<\/strong><br \/>\n<strong>de l&rsquo;ann\u00e9e 2009<\/strong><\/p>\n<p>pour la cr\u00e9ation de brochures et de feuilles individuelles pour le fonctionnement hors ligne :<br \/>\ndes modules individuels Bograma, des installations de d\u00e9coupe Bograma, des agr\u00e9gats d&rsquo;autres marques, etc.<\/p>\n<p>Donn\u00e9es techniques<br \/>\nFormat min. 148 x 75 mm avec 2 rubans \u00e0 vide<br \/>\nFormat min. 75 x 75 mm avec 1 bande \u00e0 vide<br \/>\nFormat max. 550 x 320 mm<br \/>\n\u00c9paisseur max. du produit 5 mm<br \/>\nEpaisseur du produit min. 120 grammes \/ m2 de papier<br \/>\nTable empilable avec but\u00e9es lat\u00e9rales coulissantes<br \/>\nA\u00e9ration de la pile avec air de soufflage<br \/>\nPuissance max. selon le tableau des prestations<br \/>\nhauteur de sortie r\u00e9glable avec broche, 710 &#8211; 1050 mm<br \/>\nEncombrement L 700 mm x l 1600 mm<br \/>\npoids environ 300 kg<br \/>\nMobile avec roulettes<br \/>\nRallonge de sortie 250 mm<br \/>\nCouleur : BOGRAMA Standard bleu RAL 5023<br \/>\nDocumentation : Fran\u00e7ais<br \/>\nLangue d&rsquo;affichage : allemand<br \/>\n\u00c9quipement \u00e9lectrique<br \/>\nRaccordement 230V \/ N \/ PE 50\/60 Hz \/ 16A (standard)<br \/>\nProtection 16<\/p>\n<p>Tension de commande 24 VDC<br \/>\nCommande cadenc\u00e9e par cellule photo\u00e9lectrique<br \/>\nPuissance des entra\u00eenements 1,5 kW<br \/>\nPuissance totale 2,0 kW<br \/>\nEntra\u00eenements Servomoteur<br \/>\nEquipement \u00e9lectrique Commande SPS (marque Mitsubishi)<br \/>\nConnexion au circuit d&rsquo;arr\u00eat oui (par d\u00e9faut)<br \/>\nAir comprim\u00e9 6bar, c\u00f4t\u00e9 client<\/p>\n<p>Remarque :<br \/>\nPour les entra\u00eenements motoris\u00e9s r\u00e9glables avec convertisseur de fr\u00e9quence ou servo-r\u00e9gulateur<br \/>\nles disjoncteurs diff\u00e9rentiels ne sont utilisables que sous certaines conditions en raison des courants de fuite des filtres.<\/p>\n","protected":false},"excerpt":{"rendered":"<p>margeur automatique mobile \u00e0 friction Bograma FR 550 Servo C de l&rsquo;ann\u00e9e 2009 pour la cr\u00e9ation de brochures et de feuilles individuelles pour le fonctionnement hors ligne : des modules individuels Bograma, des installations de d\u00e9coupe Bograma, des agr\u00e9gats d&rsquo;autres marques, etc. Donn\u00e9es techniques Format min. 148 x 75 mm avec 2 rubans \u00e0 vide [&hellip;]<\/p>\n","protected":false},"featured_media":61978,"template":"","meta":[],"product_brand":[],"product_cat":[2947],"product_tag":[],"class_list":{"0":"post-89161","1":"product","2":"type-product","3":"status-publish","4":"has-post-thumbnail","6":"product_cat-systemes-de-fabrication-de-brochures","7":"pa_hersteller-bograma","8":"pa_typ-fr-550-servo-c","10":"first","11":"instock","12":"taxable","13":"shipping-taxable","14":"product-type-simple"},"jetpack_sharing_enabled":true,"_links":{"self":[{"href":"https:\/\/www.3p-gmbh.de\/fr\/wp-json\/wp\/v2\/product\/89161","targetHints":{"allow":["GET"]}}],"collection":[{"href":"https:\/\/www.3p-gmbh.de\/fr\/wp-json\/wp\/v2\/product"}],"about":[{"href":"https:\/\/www.3p-gmbh.de\/fr\/wp-json\/wp\/v2\/types\/product"}],"wp:featuredmedia":[{"embeddable":true,"href":"https:\/\/www.3p-gmbh.de\/fr\/wp-json\/wp\/v2\/media\/61978"}],"wp:attachment":[{"href":"https:\/\/www.3p-gmbh.de\/fr\/wp-json\/wp\/v2\/media?parent=89161"}],"wp:term":[{"taxonomy":"product_brand","embeddable":true,"href":"https:\/\/www.3p-gmbh.de\/fr\/wp-json\/wp\/v2\/product_brand?post=89161"},{"taxonomy":"product_cat","embeddable":true,"href":"https:\/\/www.3p-gmbh.de\/fr\/wp-json\/wp\/v2\/product_cat?post=89161"},{"taxonomy":"product_tag","embeddable":true,"href":"https:\/\/www.3p-gmbh.de\/fr\/wp-json\/wp\/v2\/product_tag?post=89161"}],"curies":[{"name":"wp","href":"https:\/\/api.w.org\/{rel}","templated":true}]}}