{"id":89158,"date":"2023-03-19T22:26:59","date_gmt":"2023-03-19T22:26:59","guid":{"rendered":"https:\/\/www.3p-gmbh.de\/produkt\/cisaille-a-levier-professionnelle-cutstream-profioffice-hq-361\/"},"modified":"2023-03-19T22:26:59","modified_gmt":"2023-03-19T22:26:59","slug":"cutter-professionnel-a-levier-cutstream-profioffice-hq-361","status":"publish","type":"product","link":"https:\/\/www.3p-gmbh.de\/fr\/produkt\/cutter-professionnel-a-levier-cutstream-profioffice-hq-361\/","title":{"rendered":"Cisaille \u00e0 levier professionnelle Cutstream ProfiOffice HQ 361"},"content":{"rendered":"<p><strong>Cisaille \u00e0 levier professionnelle Cutstream ProfiOffice HQ 361<\/strong><br \/>\n<strong>HQ est l&rsquo;abr\u00e9viation de High Quality<\/strong><\/p>\n<p>et se distingue par 3 caract\u00e9ristiques particuli\u00e8res :<br \/>\n-une lame carbonis\u00e9e extr\u00eamement dure,<br \/>\n-une lame sup\u00e9rieure et une lame inf\u00e9rieure aff\u00fbt\u00e9es et<br \/>\n-une poign\u00e9e ergonomique antichoc.<\/p>\n<p>Les lames en acier ne n\u00e9cessitent aucun entretien, car elles s&rsquo;aiguisent d&rsquo;elles-m\u00eames \u00e0 chaque coupe.<br \/>\nUne protection particuli\u00e8re est assur\u00e9e par une s\u00e9paration de protection entre la lame de coupe et le support.<br \/>\nEn plus de ses caract\u00e9ristiques particuli\u00e8res, le HQ 361 dispose \u00e9galement d&rsquo;une but\u00e9e lat\u00e9rale mobile pour une coupe droite et lisse,<br \/>\nune r\u00e8gle d&rsquo;orientation de 26,5 cm de large, un plan de travail avec des inscriptions et 4 pieds antid\u00e9rapants.<br \/>\nBien entendu, la cisaille \u00e0 levier poss\u00e8de le sceau GS, synonyme de s\u00e9curit\u00e9 contr\u00f4l\u00e9e.<\/p>\n<p>Donn\u00e9es techniques :<br \/>\nLongueur de coupe (mm) 360<br \/>\nLargeur de coupe (mm) 265<br \/>\nformats DIN appropri\u00e9s A5\/A4<br \/>\nCapacit\u00e9 de coupe (80g\/feuille) 25 feuilles<br \/>\nPression manuelle des feuilles<br \/>\nbut\u00e9e lat\u00e9rale r\u00e9glable oui<br \/>\nR\u00e8gle suppl\u00e9mentaire &#8211;<br \/>\nBouclier de protection oui<br \/>\nCouteau interchangeable oui<br \/>\nDimensions (mm) 310 x 610 x 420<br \/>\nPoids (kg) 4,5<br \/>\nCouleur gris clair\/bleu royal<br \/>\nParticularit\u00e9 Poign\u00e9e anti-choc<\/p>\n","protected":false},"excerpt":{"rendered":"<p>Cisaille \u00e0 levier professionnelle Cutstream ProfiOffice HQ 361 HQ est l&rsquo;abr\u00e9viation de High Quality et se distingue par 3 caract\u00e9ristiques particuli\u00e8res : -une lame carbonis\u00e9e extr\u00eamement dure, -une lame sup\u00e9rieure et une lame inf\u00e9rieure aff\u00fbt\u00e9es et -une poign\u00e9e ergonomique antichoc. Les lames en acier ne n\u00e9cessitent aucun entretien, car elles s&rsquo;aiguisent d&rsquo;elles-m\u00eames \u00e0 chaque coupe. [&hellip;]<\/p>\n","protected":false},"featured_media":62010,"template":"","meta":[],"product_brand":[],"product_cat":[3016],"product_tag":[],"class_list":{"0":"post-89158","1":"product","2":"type-product","3":"status-publish","4":"has-post-thumbnail","6":"product_cat-machines-de-decoupe","8":"first","9":"instock","10":"taxable","11":"shipping-taxable","12":"product-type-simple"},"jetpack_sharing_enabled":true,"_links":{"self":[{"href":"https:\/\/www.3p-gmbh.de\/fr\/wp-json\/wp\/v2\/product\/89158","targetHints":{"allow":["GET"]}}],"collection":[{"href":"https:\/\/www.3p-gmbh.de\/fr\/wp-json\/wp\/v2\/product"}],"about":[{"href":"https:\/\/www.3p-gmbh.de\/fr\/wp-json\/wp\/v2\/types\/product"}],"wp:featuredmedia":[{"embeddable":true,"href":"https:\/\/www.3p-gmbh.de\/fr\/wp-json\/wp\/v2\/media\/62010"}],"wp:attachment":[{"href":"https:\/\/www.3p-gmbh.de\/fr\/wp-json\/wp\/v2\/media?parent=89158"}],"wp:term":[{"taxonomy":"product_brand","embeddable":true,"href":"https:\/\/www.3p-gmbh.de\/fr\/wp-json\/wp\/v2\/product_brand?post=89158"},{"taxonomy":"product_cat","embeddable":true,"href":"https:\/\/www.3p-gmbh.de\/fr\/wp-json\/wp\/v2\/product_cat?post=89158"},{"taxonomy":"product_tag","embeddable":true,"href":"https:\/\/www.3p-gmbh.de\/fr\/wp-json\/wp\/v2\/product_tag?post=89158"}],"curies":[{"name":"wp","href":"https:\/\/api.w.org\/{rel}","templated":true}]}}