{"id":89109,"date":"2023-03-19T23:30:38","date_gmt":"2023-03-19T23:30:38","guid":{"rendered":"https:\/\/www.3p-gmbh.de\/produkt\/palamides-delta-fin-de-serie-env-264-rouleaux-de-papier-a-bander-ats-48mmx300m-brun\/"},"modified":"2023-03-19T23:30:38","modified_gmt":"2023-03-19T23:30:38","slug":"palamides-delta-reste-ca-264-rouleaux-ats-banderolage-papier-48mmx300m-marron","status":"publish","type":"product","link":"https:\/\/www.3p-gmbh.de\/fr\/produkt\/palamides-delta-reste-ca-264-rouleaux-ats-banderolage-papier-48mmx300m-marron\/","title":{"rendered":"Palamides delta &#8211; Fin de s\u00e9rie env. 264 rouleaux de papier \u00e0 bander ATS 48mmx300m brun"},"content":{"rendered":"<div><strong>Fin de s\u00e9ries<\/strong><\/div>\n<div>env. 264 rouleaux de papier ATS 48mmx300m brun pour Palamides delta<\/div>\n","protected":false},"excerpt":{"rendered":"<p>Fin de s\u00e9ries env. 264 rouleaux de papier ATS 48mmx300m brun pour Palamides delta<\/p>\n","protected":false},"featured_media":62036,"template":"","meta":[],"product_brand":[],"product_cat":[2886,2981],"product_tag":[],"class_list":{"0":"post-89109","1":"product","2":"type-product","3":"status-publish","4":"has-post-thumbnail","6":"product_cat-accessoires-pour-plieuses","7":"product_cat-stocks-et-reliquats","8":"pa_hersteller-palamides","10":"first","11":"instock","12":"taxable","13":"shipping-taxable","14":"product-type-simple"},"jetpack_sharing_enabled":true,"_links":{"self":[{"href":"https:\/\/www.3p-gmbh.de\/fr\/wp-json\/wp\/v2\/product\/89109","targetHints":{"allow":["GET"]}}],"collection":[{"href":"https:\/\/www.3p-gmbh.de\/fr\/wp-json\/wp\/v2\/product"}],"about":[{"href":"https:\/\/www.3p-gmbh.de\/fr\/wp-json\/wp\/v2\/types\/product"}],"wp:featuredmedia":[{"embeddable":true,"href":"https:\/\/www.3p-gmbh.de\/fr\/wp-json\/wp\/v2\/media\/62036"}],"wp:attachment":[{"href":"https:\/\/www.3p-gmbh.de\/fr\/wp-json\/wp\/v2\/media?parent=89109"}],"wp:term":[{"taxonomy":"product_brand","embeddable":true,"href":"https:\/\/www.3p-gmbh.de\/fr\/wp-json\/wp\/v2\/product_brand?post=89109"},{"taxonomy":"product_cat","embeddable":true,"href":"https:\/\/www.3p-gmbh.de\/fr\/wp-json\/wp\/v2\/product_cat?post=89109"},{"taxonomy":"product_tag","embeddable":true,"href":"https:\/\/www.3p-gmbh.de\/fr\/wp-json\/wp\/v2\/product_tag?post=89109"}],"curies":[{"name":"wp","href":"https:\/\/api.w.org\/{rel}","templated":true}]}}