{"id":89060,"date":"2023-03-19T23:51:24","date_gmt":"2023-03-19T23:51:24","guid":{"rendered":"https:\/\/www.3p-gmbh.de\/produkt\/laveuse-de-plaques-dimpression-grand-format-techno-grafica-pwk-1450-pour-travaux-repetitifs\/"},"modified":"2023-03-19T23:51:24","modified_gmt":"2023-03-19T23:51:24","slug":"machine-de-lavage-de-plaques-dimpression-grand-format-techno-grafica-pwk-1450-pour-travaux-repetitifs","status":"publish","type":"product","link":"https:\/\/www.3p-gmbh.de\/fr\/produkt\/machine-de-lavage-de-plaques-dimpression-grand-format-techno-grafica-pwk-1450-pour-travaux-repetitifs\/","title":{"rendered":"Laveuse de plaques d&rsquo;impression grand format Techno-Grafica PWK 1450 pour travaux r\u00e9p\u00e9titifs"},"content":{"rendered":"<div><strong>Machine \u00e0 laver les plaques d&rsquo;impression Techno-Grafica PWK 145 pour les travaux r\u00e9p\u00e9titifs<\/strong><br \/>\n<strong>Ann\u00e9e de construction 2008<\/p>\n<p><\/strong><\/div>\n<div>Largeur d&rsquo;entr\u00e9e 1450cm<\/div>\n<div><\/div>\n<div><a href=\"https:\/\/www.3p-gmbh.de\/wp-content\/uploads\/2023\/03\/Techno-Grafica-PWK-145-1.pdf\">Techno-Grafica PWK 145 (1)<\/a><\/div>\n","protected":false},"excerpt":{"rendered":"<p>Machine \u00e0 laver les plaques d&rsquo;impression Techno-Grafica PWK 145 pour les travaux r\u00e9p\u00e9titifs Ann\u00e9e de construction 2008 Largeur d&rsquo;entr\u00e9e 1450cm Techno-Grafica PWK 145 (1)<\/p>\n","protected":false},"featured_media":62050,"template":"","meta":[],"product_brand":[],"product_cat":[2995],"product_tag":[],"class_list":{"0":"post-89060","1":"product","2":"type-product","3":"status-publish","4":"has-post-thumbnail","6":"product_cat-traitement-des-plaques-dimpression-fr","7":"pa_hersteller-techno-grafica","8":"pa_typ-pwk-145","10":"first","11":"instock","12":"taxable","13":"shipping-taxable","14":"product-type-simple"},"jetpack_sharing_enabled":true,"_links":{"self":[{"href":"https:\/\/www.3p-gmbh.de\/fr\/wp-json\/wp\/v2\/product\/89060","targetHints":{"allow":["GET"]}}],"collection":[{"href":"https:\/\/www.3p-gmbh.de\/fr\/wp-json\/wp\/v2\/product"}],"about":[{"href":"https:\/\/www.3p-gmbh.de\/fr\/wp-json\/wp\/v2\/types\/product"}],"wp:featuredmedia":[{"embeddable":true,"href":"https:\/\/www.3p-gmbh.de\/fr\/wp-json\/wp\/v2\/media\/62050"}],"wp:attachment":[{"href":"https:\/\/www.3p-gmbh.de\/fr\/wp-json\/wp\/v2\/media?parent=89060"}],"wp:term":[{"taxonomy":"product_brand","embeddable":true,"href":"https:\/\/www.3p-gmbh.de\/fr\/wp-json\/wp\/v2\/product_brand?post=89060"},{"taxonomy":"product_cat","embeddable":true,"href":"https:\/\/www.3p-gmbh.de\/fr\/wp-json\/wp\/v2\/product_cat?post=89060"},{"taxonomy":"product_tag","embeddable":true,"href":"https:\/\/www.3p-gmbh.de\/fr\/wp-json\/wp\/v2\/product_tag?post=89060"}],"curies":[{"name":"wp","href":"https:\/\/api.w.org\/{rel}","templated":true}]}}