{"id":89048,"date":"2023-03-20T00:07:19","date_gmt":"2023-03-20T00:07:19","guid":{"rendered":"https:\/\/www.3p-gmbh.de\/produkt\/planche-elevatrice-perfecta-wohlenberg-baumann-nu-sp-3-avec-4-planches-aujourdhui-modele-baumann-bll\/"},"modified":"2023-03-20T00:07:19","modified_gmt":"2023-03-20T00:07:19","slug":"brettlift-perfecta-wohlenberg-baumann-nu-sp-3-avec-4-planches-aujourdhui-modele-baumann-bll","status":"publish","type":"product","link":"https:\/\/www.3p-gmbh.de\/fr\/produkt\/brettlift-perfecta-wohlenberg-baumann-nu-sp-3-avec-4-planches-aujourdhui-modele-baumann-bll\/","title":{"rendered":"Planche \u00e9l\u00e9vatrice Perfecta Wohlenberg Baumann NU SP-3 avec 4 planches ( aujourd&rsquo;hui mod\u00e8le Baumann BLL )"},"content":{"rendered":"<p><strong>Planche \u00e9l\u00e9vatrice Perfecta Wohlenberg Baumann NU SP-3 avec 4 planches ( aujourd&rsquo;hui mod\u00e8le Baumann BLL )<\/strong><br \/>\n<strong>de l&rsquo;ann\u00e9e 2010<\/strong><\/p>\n<p>Format max. 770 x 1070mm<\/p>\n<p>pour tamponner les rames taqu\u00e9es, l&rsquo;installation sert alors \u00e0 compenser les diff\u00e9rences de temps de coupe et de taquage.<br \/>\nLes planches s\u00e9parent alors les diff\u00e9rentes couches et servent en m\u00eame temps d&rsquo;\u00e9l\u00e9ment de transport pour acheminer la couche.<br \/>\nLes planches sont pos\u00e9es ou retir\u00e9es par l&rsquo;op\u00e9rateur.<\/p>\n<p><em>Modes de fonctionnement<br \/>\n<\/em>-Cr\u00e9ation de piles<br \/>\n-d\u00e9pilage<br \/>\n-changement de pile<\/p>\n<p><em>Comment sont utilis\u00e9s les t\u00e9l\u00e9skis pour planches ?<\/em><\/p>\n<p>&#8211; comme solution en ligne<br \/>\nLes appareils se trouvent entre la taqueuse et la coupeuse.<br \/>\nLes rames peuvent \u00eatre pr\u00e9-secou\u00e9es avant d&rsquo;\u00eatre achemin\u00e9es vers le massicot.<br \/>\nIl est \u00e9galement possible d&rsquo;introduire des piles pr\u00e9-secourues, de les d\u00e9piler et de les amener au massicot.<\/p>\n<p>&#8211; comme solution hors ligne<br \/>\nApr\u00e8s avoir \u00e9t\u00e9 secou\u00e9es, les couches sont tamponn\u00e9es et empil\u00e9es \u00e0 l&rsquo;aide des \u00e9l\u00e9vateurs \u00e0 planches.<br \/>\nLes piles sont achemin\u00e9es vers le massicot par les \u00e9l\u00e9vateurs \u00e0 planches.<br \/>\nCela peut se faire de mani\u00e8re automatis\u00e9e via la table arri\u00e8re ou manuellement via la table avant.<\/p>\n","protected":false},"excerpt":{"rendered":"<p>Planche \u00e9l\u00e9vatrice Perfecta Wohlenberg Baumann NU SP-3 avec 4 planches ( aujourd&rsquo;hui mod\u00e8le Baumann BLL ) de l&rsquo;ann\u00e9e 2010 Format max. 770 x 1070mm pour tamponner les rames taqu\u00e9es, l&rsquo;installation sert alors \u00e0 compenser les diff\u00e9rences de temps de coupe et de taquage. Les planches s\u00e9parent alors les diff\u00e9rentes couches et servent en m\u00eame temps [&hellip;]<\/p>\n","protected":false},"featured_media":62065,"template":"","meta":[],"product_brand":[],"product_cat":[2977],"product_tag":[],"class_list":{"0":"post-89048","1":"product","2":"type-product","3":"status-publish","4":"has-post-thumbnail","6":"product_cat-elevateurs-de-piles-et-gerbeurs","7":"pa_hersteller-baumann","8":"pa_hersteller-perfecta","9":"pa_hersteller-wohlenberg","10":"pa_typ-nu-sp-3","12":"first","13":"instock","14":"taxable","15":"shipping-taxable","16":"product-type-simple"},"jetpack_sharing_enabled":true,"_links":{"self":[{"href":"https:\/\/www.3p-gmbh.de\/fr\/wp-json\/wp\/v2\/product\/89048","targetHints":{"allow":["GET"]}}],"collection":[{"href":"https:\/\/www.3p-gmbh.de\/fr\/wp-json\/wp\/v2\/product"}],"about":[{"href":"https:\/\/www.3p-gmbh.de\/fr\/wp-json\/wp\/v2\/types\/product"}],"wp:featuredmedia":[{"embeddable":true,"href":"https:\/\/www.3p-gmbh.de\/fr\/wp-json\/wp\/v2\/media\/62065"}],"wp:attachment":[{"href":"https:\/\/www.3p-gmbh.de\/fr\/wp-json\/wp\/v2\/media?parent=89048"}],"wp:term":[{"taxonomy":"product_brand","embeddable":true,"href":"https:\/\/www.3p-gmbh.de\/fr\/wp-json\/wp\/v2\/product_brand?post=89048"},{"taxonomy":"product_cat","embeddable":true,"href":"https:\/\/www.3p-gmbh.de\/fr\/wp-json\/wp\/v2\/product_cat?post=89048"},{"taxonomy":"product_tag","embeddable":true,"href":"https:\/\/www.3p-gmbh.de\/fr\/wp-json\/wp\/v2\/product_tag?post=89048"}],"curies":[{"name":"wp","href":"https:\/\/api.w.org\/{rel}","templated":true}]}}