{"id":89014,"date":"2023-04-10T22:34:41","date_gmt":"2023-04-10T22:34:41","guid":{"rendered":"https:\/\/www.3p-gmbh.de\/produkt\/elevateur-de-piles-polar-mohr-polar-lw-450\/"},"modified":"2023-04-10T22:34:41","modified_gmt":"2023-04-10T22:34:41","slug":"polar-mohr-stapellift-polar-lw-450","status":"publish","type":"product","link":"https:\/\/www.3p-gmbh.de\/fr\/produkt\/polar-mohr-stapellift-polar-lw-450\/","title":{"rendered":"El\u00e9vateur de piles Polar Mohr Polar LW 450"},"content":{"rendered":"<p><strong>El\u00e9vateur de piles Polar Mohr Polar LW 450<\/strong><br \/>\n<strong>de 1994<\/strong><\/p>\n<p>Le soul\u00e8vement automatique du mat\u00e9riau \u00e0 couper permet \u00e0 l&rsquo;op\u00e9rateur de travailler dans une position qui lui convient.<br \/>\nde travail ergonomique, le mat\u00e9riau est plac\u00e9 dans la machine \u00e0 secouer ou directement dans le bac \u00e0 sable.<br \/>\ncharger la machine \u00e0 d\u00e9couper.<br \/>\nL&rsquo;\u00e9l\u00e9vateur de pile peut \u00e9galement \u00eatre utilis\u00e9 pour empiler des produits \u00e0 d\u00e9couper.<\/p>\n<p>Les \u00e9l\u00e9vateurs empilables ne doivent pas \u00eatre ancr\u00e9s au sol et peuvent donc \u00eatre d\u00e9plac\u00e9s facilement en roulant.<br \/>\nIls sont \u00e9quip\u00e9s de barri\u00e8res photo\u00e9lectriques r\u00e9flexes r\u00e9glables en continu pour une mont\u00e9e ou une descente automatique.<\/p>\n<p>Donn\u00e9es techniques<br \/>\nBaignoire (dimensions int\u00e9rieures) cm 62 x 90<br \/>\nCourse jusqu&rsquo;\u00e0 cm 85<br \/>\nHauteur (\u00e0 la course max.) cm 150 (196)<br \/>\nCapacit\u00e9 de charge max. kg 450<\/p>\n","protected":false},"excerpt":{"rendered":"<p>El\u00e9vateur de piles Polar Mohr Polar LW 450 de 1994 Le soul\u00e8vement automatique du mat\u00e9riau \u00e0 couper permet \u00e0 l&rsquo;op\u00e9rateur de travailler dans une position qui lui convient. de travail ergonomique, le mat\u00e9riau est plac\u00e9 dans la machine \u00e0 secouer ou directement dans le bac \u00e0 sable. charger la machine \u00e0 d\u00e9couper. L&rsquo;\u00e9l\u00e9vateur de pile [&hellip;]<\/p>\n","protected":false},"featured_media":62158,"template":"","meta":[],"product_brand":[],"product_cat":[2977],"product_tag":[],"class_list":{"0":"post-89014","1":"product","2":"type-product","3":"status-publish","4":"has-post-thumbnail","6":"product_cat-elevateurs-de-piles-et-gerbeurs","7":"pa_hersteller-polar-mohr","8":"pa_typ-lw-450","10":"first","11":"instock","12":"taxable","13":"shipping-taxable","14":"product-type-simple"},"jetpack_sharing_enabled":true,"_links":{"self":[{"href":"https:\/\/www.3p-gmbh.de\/fr\/wp-json\/wp\/v2\/product\/89014","targetHints":{"allow":["GET"]}}],"collection":[{"href":"https:\/\/www.3p-gmbh.de\/fr\/wp-json\/wp\/v2\/product"}],"about":[{"href":"https:\/\/www.3p-gmbh.de\/fr\/wp-json\/wp\/v2\/types\/product"}],"wp:featuredmedia":[{"embeddable":true,"href":"https:\/\/www.3p-gmbh.de\/fr\/wp-json\/wp\/v2\/media\/62158"}],"wp:attachment":[{"href":"https:\/\/www.3p-gmbh.de\/fr\/wp-json\/wp\/v2\/media?parent=89014"}],"wp:term":[{"taxonomy":"product_brand","embeddable":true,"href":"https:\/\/www.3p-gmbh.de\/fr\/wp-json\/wp\/v2\/product_brand?post=89014"},{"taxonomy":"product_cat","embeddable":true,"href":"https:\/\/www.3p-gmbh.de\/fr\/wp-json\/wp\/v2\/product_cat?post=89014"},{"taxonomy":"product_tag","embeddable":true,"href":"https:\/\/www.3p-gmbh.de\/fr\/wp-json\/wp\/v2\/product_tag?post=89014"}],"curies":[{"name":"wp","href":"https:\/\/api.w.org\/{rel}","templated":true}]}}