{"id":89005,"date":"2023-04-14T14:07:00","date_gmt":"2023-04-14T14:07:00","guid":{"rendered":"https:\/\/www.3p-gmbh.de\/produkt\/machine-dencartage-avec-installation-de-film-buhrs-bb-1000\/"},"modified":"2023-04-14T14:07:00","modified_gmt":"2023-04-14T14:07:00","slug":"machine-enfileuse-buhrs-bb-1000","status":"publish","type":"product","link":"https:\/\/www.3p-gmbh.de\/fr\/produkt\/machine-enfileuse-buhrs-bb-1000\/","title":{"rendered":"Machine d&rsquo;encartage avec installation de film Buhrs BB 1000"},"content":{"rendered":"<p><strong>Machine \u00e0 encarter avec film Buhrs BB 1000<\/strong><br \/>\n<strong>Ann\u00e9e de construction 2009, seulement 7-8 millions de cycles \u00e0 ce jour<\/strong><\/p>\n<p>Cadence jusqu&rsquo;\u00e0 13000 heures<\/p>\n<p><em><strong>\u00c9quipement :<\/strong><\/em><br \/>\n-Margeur principal (margeur coulissant \u00e0 aspiration)<br \/>\n-1 x ouvreur de premi\u00e8re feuille<br \/>\n-Vacuum &#8211; ouvreur d&rsquo;\u00e9p\u00e9e (pour deux positions d&rsquo;ouverture \u00e0 ins\u00e9rer)<br \/>\n-4 x margeurs rotatifs<br \/>\n-Unit\u00e9 de soudage<br \/>\n-Tapis de course<\/p>\n","protected":false},"excerpt":{"rendered":"<p>Machine \u00e0 encarter avec film Buhrs BB 1000 Ann\u00e9e de construction 2009, seulement 7-8 millions de cycles \u00e0 ce jour Cadence jusqu&rsquo;\u00e0 13000 heures \u00c9quipement : -Margeur principal (margeur coulissant \u00e0 aspiration) -1 x ouvreur de premi\u00e8re feuille -Vacuum &#8211; ouvreur d&rsquo;\u00e9p\u00e9e (pour deux positions d&rsquo;ouverture \u00e0 ins\u00e9rer) -4 x margeurs rotatifs -Unit\u00e9 de soudage [&hellip;]<\/p>\n","protected":false},"featured_media":62256,"template":"","meta":[],"product_brand":[],"product_cat":[2967],"product_tag":[],"class_list":{"0":"post-89005","1":"product","2":"type-product","3":"status-publish","4":"has-post-thumbnail","6":"product_cat-systemes-dadressage-et-de-mise-sous-pli","7":"pa_hersteller-buhrs","8":"pa_typ-bb-1000","10":"first","11":"instock","12":"taxable","13":"shipping-taxable","14":"product-type-simple"},"jetpack_sharing_enabled":true,"_links":{"self":[{"href":"https:\/\/www.3p-gmbh.de\/fr\/wp-json\/wp\/v2\/product\/89005","targetHints":{"allow":["GET"]}}],"collection":[{"href":"https:\/\/www.3p-gmbh.de\/fr\/wp-json\/wp\/v2\/product"}],"about":[{"href":"https:\/\/www.3p-gmbh.de\/fr\/wp-json\/wp\/v2\/types\/product"}],"wp:featuredmedia":[{"embeddable":true,"href":"https:\/\/www.3p-gmbh.de\/fr\/wp-json\/wp\/v2\/media\/62256"}],"wp:attachment":[{"href":"https:\/\/www.3p-gmbh.de\/fr\/wp-json\/wp\/v2\/media?parent=89005"}],"wp:term":[{"taxonomy":"product_brand","embeddable":true,"href":"https:\/\/www.3p-gmbh.de\/fr\/wp-json\/wp\/v2\/product_brand?post=89005"},{"taxonomy":"product_cat","embeddable":true,"href":"https:\/\/www.3p-gmbh.de\/fr\/wp-json\/wp\/v2\/product_cat?post=89005"},{"taxonomy":"product_tag","embeddable":true,"href":"https:\/\/www.3p-gmbh.de\/fr\/wp-json\/wp\/v2\/product_tag?post=89005"}],"curies":[{"name":"wp","href":"https:\/\/api.w.org\/{rel}","templated":true}]}}