{"id":88996,"date":"2023-04-10T21:38:41","date_gmt":"2023-04-10T21:38:41","guid":{"rendered":"https:\/\/www.3p-gmbh.de\/produkt\/kit-de-pieces-de-rechange-pour-machine-a-developper-les-plaques-glunz-jensen-gearbox-dev-drg-kit\/"},"modified":"2023-04-10T21:38:41","modified_gmt":"2023-04-10T21:38:41","slug":"paquet-de-remplacement-pour-machine-de-developpement-de-plaques-glunz-jensen-gearbox-dev-drg-kit","status":"publish","type":"product","link":"https:\/\/www.3p-gmbh.de\/fr\/produkt\/paquet-de-remplacement-pour-machine-de-developpement-de-plaques-glunz-jensen-gearbox-dev-drg-kit\/","title":{"rendered":"Kit de pi\u00e8ces de rechange pour machine \u00e0 d\u00e9velopper les plaques Glunz &amp; Jensen Gearbox Dev DRG KIT"},"content":{"rendered":"<p><strong>Kit de pi\u00e8ces de rechange pour machine \u00e0 d\u00e9velopper les plaques d&rsquo;impression Section de d\u00e9veloppement<\/strong><\/p>\n<p>Glunz &amp; Jensen Gearbox Dev DRG KIT<\/p>\n<p>G &amp; J Part. NO. 22029980<\/p>\n<p>Partie client. No. DW + 9029980<\/p>\n","protected":false},"excerpt":{"rendered":"<p>Kit de pi\u00e8ces de rechange pour machine \u00e0 d\u00e9velopper les plaques d&rsquo;impression Section de d\u00e9veloppement Glunz &amp; Jensen Gearbox Dev DRG KIT G &amp; J Part. NO. 22029980 Partie client. No. DW + 9029980<\/p>\n","protected":false},"featured_media":62145,"template":"","meta":[],"product_brand":[],"product_cat":[2876],"product_tag":[],"class_list":{"0":"post-88996","1":"product","2":"type-product","3":"status-publish","4":"has-post-thumbnail","6":"product_cat-equipement-datelier","8":"first","9":"instock","10":"taxable","11":"shipping-taxable","12":"product-type-simple"},"jetpack_sharing_enabled":true,"_links":{"self":[{"href":"https:\/\/www.3p-gmbh.de\/fr\/wp-json\/wp\/v2\/product\/88996","targetHints":{"allow":["GET"]}}],"collection":[{"href":"https:\/\/www.3p-gmbh.de\/fr\/wp-json\/wp\/v2\/product"}],"about":[{"href":"https:\/\/www.3p-gmbh.de\/fr\/wp-json\/wp\/v2\/types\/product"}],"wp:featuredmedia":[{"embeddable":true,"href":"https:\/\/www.3p-gmbh.de\/fr\/wp-json\/wp\/v2\/media\/62145"}],"wp:attachment":[{"href":"https:\/\/www.3p-gmbh.de\/fr\/wp-json\/wp\/v2\/media?parent=88996"}],"wp:term":[{"taxonomy":"product_brand","embeddable":true,"href":"https:\/\/www.3p-gmbh.de\/fr\/wp-json\/wp\/v2\/product_brand?post=88996"},{"taxonomy":"product_cat","embeddable":true,"href":"https:\/\/www.3p-gmbh.de\/fr\/wp-json\/wp\/v2\/product_cat?post=88996"},{"taxonomy":"product_tag","embeddable":true,"href":"https:\/\/www.3p-gmbh.de\/fr\/wp-json\/wp\/v2\/product_tag?post=88996"}],"curies":[{"name":"wp","href":"https:\/\/api.w.org\/{rel}","templated":true}]}}