{"id":88987,"date":"2023-04-24T09:22:14","date_gmt":"2023-04-24T09:22:14","guid":{"rendered":"https:\/\/www.3p-gmbh.de\/produkt\/convac-vac-3000-cq-aspirateur-de-toner\/"},"modified":"2023-12-20T13:49:07","modified_gmt":"2023-12-20T13:49:07","slug":"convac-vac-3000-cq-aspirateur-de-toner","status":"publish","type":"product","link":"https:\/\/www.3p-gmbh.de\/fr\/produkt\/convac-vac-3000-cq-aspirateur-de-toner\/","title":{"rendered":"Convac VAC 3000 CQ Aspirateur de toner"},"content":{"rendered":"<p><strong>Convac VAC 3000 CQ Aspirateur de toner<\/strong><\/p>\n<p><em><strong>Contenu de la livraison<\/strong><\/em><br \/>\nAppareil d&rsquo;occasion avec prise europ\u00e9enne<br \/>\nTige de tuba courb\u00e9e, brosse \u00e0 poussi\u00e8re plate et insert de filtre \u00e0 poussi\u00e8re<br \/>\nL&rsquo;aspirateur \u00e0 main portable Convac pour petites particules a une capacit\u00e9 de s\u00e9chage de 4,6 l et une plage de tension d&rsquo;alimentation de 220 V ac \u00e0 240 V ac.<br \/>\nCe nettoyant est principalement utilis\u00e9 pour des applications domestiques.<br \/>\nLe syst\u00e8me de filtration de haute qualit\u00e9 dispose de mat\u00e9riaux conducteurs qui rendent l&rsquo;appareil s\u00fbr et facile \u00e0 utiliser.<br \/>\nElle comprend une tige de tuba courb\u00e9e, une brosse \u00e0 poussi\u00e8re plate, une grande brosse \u00e0 poussi\u00e8re et une tige de tuba \u00e0 brosse souple.<\/p>\n<p><em><br \/>\n  <strong>Caract\u00e9ristiques et avantages<br \/>\n<\/strong><br \/>\n<\/em>La puissance nominale est de 800 W<br \/>\nConnecteur europ\u00e9en de type C<\/p>\n<p><em><br \/>\n  <strong>Applications<br \/>\n<\/strong><br \/>\n<\/em>Circuits imprim\u00e9s<br \/>\nClaviers<br \/>\nCopieurs<br \/>\nImprimante<\/p>\n<p><em><br \/>\n  <strong>Certifications<br \/>\n<\/strong><br \/>\n<\/em>ANSI\/ESD S20.20:2014<br \/>\nBS EN 61340-5-1:2007<\/p>\n<p><em><strong>Donn\u00e9es techniques<\/strong><\/em><br \/>\nApplication pour les petites particules<br \/>\nTension d&rsquo;alimentation 220 \u2192 240V ac<br \/>\nAvec\/sans sac : Sans sac<br \/>\nHumide\/sec : Sec<br \/>\nCapacit\u00e9 de s\u00e9chage : 4.6 L Hepa cartridge<br \/>\nPuissance : 800W<\/p>\n","protected":false},"excerpt":{"rendered":"<p>Convac VAC 3000 CQ Aspirateur de toner Contenu de la livraison Appareil d&rsquo;occasion avec prise europ\u00e9enne Tige de tuba courb\u00e9e, brosse \u00e0 poussi\u00e8re plate et insert de filtre \u00e0 poussi\u00e8re L&rsquo;aspirateur \u00e0 main portable Convac pour petites particules a une capacit\u00e9 de s\u00e9chage de 4,6 l et une plage de tension d&rsquo;alimentation de 220 V [&hellip;]<\/p>\n","protected":false},"featured_media":62332,"template":"","meta":[],"product_brand":[],"product_cat":[2876,2973],"product_tag":[],"class_list":{"0":"post-88987","1":"product","2":"type-product","3":"status-publish","4":"has-post-thumbnail","6":"product_cat-equipement-datelier","7":"product_cat-impression-numerique","8":"pa_hersteller-convac","9":"pa_typ-vac-3000-cq","11":"first","12":"instock","13":"taxable","14":"shipping-taxable","15":"product-type-simple"},"jetpack_sharing_enabled":true,"_links":{"self":[{"href":"https:\/\/www.3p-gmbh.de\/fr\/wp-json\/wp\/v2\/product\/88987","targetHints":{"allow":["GET"]}}],"collection":[{"href":"https:\/\/www.3p-gmbh.de\/fr\/wp-json\/wp\/v2\/product"}],"about":[{"href":"https:\/\/www.3p-gmbh.de\/fr\/wp-json\/wp\/v2\/types\/product"}],"wp:featuredmedia":[{"embeddable":true,"href":"https:\/\/www.3p-gmbh.de\/fr\/wp-json\/wp\/v2\/media\/62332"}],"wp:attachment":[{"href":"https:\/\/www.3p-gmbh.de\/fr\/wp-json\/wp\/v2\/media?parent=88987"}],"wp:term":[{"taxonomy":"product_brand","embeddable":true,"href":"https:\/\/www.3p-gmbh.de\/fr\/wp-json\/wp\/v2\/product_brand?post=88987"},{"taxonomy":"product_cat","embeddable":true,"href":"https:\/\/www.3p-gmbh.de\/fr\/wp-json\/wp\/v2\/product_cat?post=88987"},{"taxonomy":"product_tag","embeddable":true,"href":"https:\/\/www.3p-gmbh.de\/fr\/wp-json\/wp\/v2\/product_tag?post=88987"}],"curies":[{"name":"wp","href":"https:\/\/api.w.org\/{rel}","templated":true}]}}