{"id":88981,"date":"2023-06-13T23:07:24","date_gmt":"2023-06-13T23:07:24","guid":{"rendered":"https:\/\/www.3p-gmbh.de\/produkt\/plieuse-mobile-a-quatre-plis-heidelberg-stahlfolder-vf-66\/"},"modified":"2023-12-20T13:48:46","modified_gmt":"2023-12-20T13:48:46","slug":"plieuse-mobile-a-quatre-ruptures-heidelberg-stahlfolder-vf-66","status":"publish","type":"product","link":"https:\/\/www.3p-gmbh.de\/fr\/produkt\/plieuse-mobile-a-quatre-ruptures-heidelberg-stahlfolder-vf-66\/","title":{"rendered":"Plieuse mobile \u00e0 quatre plis Heidelberg Stahlfolder VF-66"},"content":{"rendered":"<p><strong>Plieuse mobile \u00e0 quatre plis Heidelberg Stahlfolder VF-66<\/strong><br \/>\n<strong>Ann\u00e9e de construction vers 2008<br \/>\n<\/strong><br \/>\nCommande MCT<br \/>\nLongueur du guide 660 mm<br \/>\nPosition de la d\u00e9rive en haut<br \/>\nhauteur d&rsquo;entr\u00e9e 5095cm<br \/>\nmax. format l 560x L 660cm<br \/>\nmin. format L 15x L 10 cm<br \/>\nIl est fr\u00e9quent qu&rsquo;une station de pliage suppl\u00e9mentaire soit n\u00e9cessaire dans les ateliers de reliure,<br \/>\npour effectuer une rupture suppl\u00e9mentaire de la croix.<br \/>\nLa plieuse \u00e0 quatre plis VF 66 est id\u00e9ale pour cela.<br \/>\nEn effet, son propre entra\u00eenement et son r\u00e9glage en hauteur le rendent mobile et flexible d&rsquo;utilisation.<br \/>\nVous pouvez \u00e9galement transformer des feuilles encoll\u00e9es et pli\u00e9es ou scell\u00e9es en produits finis avec le VF 66.<br \/>\nLes arbres \u00e0 lames en aval (en option)<br \/>\nvous permettent \u00e9galement d&rsquo;effectuer un rognage de t\u00eate et de pied.<\/p>\n","protected":false},"excerpt":{"rendered":"<p>Plieuse mobile \u00e0 quatre plis Heidelberg Stahlfolder VF-66 Ann\u00e9e de construction vers 2008 Commande MCT Longueur du guide 660 mm Position de la d\u00e9rive en haut hauteur d&rsquo;entr\u00e9e 5095cm max. format l 560x L 660cm min. format L 15x L 10 cm Il est fr\u00e9quent qu&rsquo;une station de pliage suppl\u00e9mentaire soit n\u00e9cessaire dans les ateliers [&hellip;]<\/p>\n","protected":false},"featured_media":62363,"template":"","meta":[],"product_brand":[],"product_cat":[2924],"product_tag":[],"class_list":{"0":"post-88981","1":"product","2":"type-product","3":"status-publish","4":"has-post-thumbnail","6":"product_cat-plieuses","7":"pa_hersteller-heidelberg","8":"pa_typ-vf-66","10":"first","11":"instock","12":"taxable","13":"shipping-taxable","14":"product-type-simple"},"jetpack_sharing_enabled":true,"_links":{"self":[{"href":"https:\/\/www.3p-gmbh.de\/fr\/wp-json\/wp\/v2\/product\/88981","targetHints":{"allow":["GET"]}}],"collection":[{"href":"https:\/\/www.3p-gmbh.de\/fr\/wp-json\/wp\/v2\/product"}],"about":[{"href":"https:\/\/www.3p-gmbh.de\/fr\/wp-json\/wp\/v2\/types\/product"}],"wp:featuredmedia":[{"embeddable":true,"href":"https:\/\/www.3p-gmbh.de\/fr\/wp-json\/wp\/v2\/media\/62363"}],"wp:attachment":[{"href":"https:\/\/www.3p-gmbh.de\/fr\/wp-json\/wp\/v2\/media?parent=88981"}],"wp:term":[{"taxonomy":"product_brand","embeddable":true,"href":"https:\/\/www.3p-gmbh.de\/fr\/wp-json\/wp\/v2\/product_brand?post=88981"},{"taxonomy":"product_cat","embeddable":true,"href":"https:\/\/www.3p-gmbh.de\/fr\/wp-json\/wp\/v2\/product_cat?post=88981"},{"taxonomy":"product_tag","embeddable":true,"href":"https:\/\/www.3p-gmbh.de\/fr\/wp-json\/wp\/v2\/product_tag?post=88981"}],"curies":[{"name":"wp","href":"https:\/\/api.w.org\/{rel}","templated":true}]}}