{"id":88919,"date":"2023-04-19T09:39:37","date_gmt":"2023-04-19T09:39:37","guid":{"rendered":"https:\/\/www.3p-gmbh.de\/produkt\/ernst-nagel-digi-rillnak-modele-de-table\/"},"modified":"2023-12-20T13:48:17","modified_gmt":"2023-12-20T13:48:17","slug":"modele-de-table-ernst-nagel-digi-rillnak","status":"publish","type":"product","link":"https:\/\/www.3p-gmbh.de\/fr\/produkt\/modele-de-table-ernst-nagel-digi-rillnak\/","title":{"rendered":"Ernst NAGEL Digi Rillnak &#8211; Mod\u00e8le de table"},"content":{"rendered":"<p><strong>Ernst NAGEL Digi-Rillnak<\/strong><br \/>\n<strong>Intervalles de rainage programmables avec installation manuelle<\/strong><\/p>\n<p>Le Digi-Rillnak raine les m\u00eames formats que le c\u00e9l\u00e8bre Auto-Rillnak, mais il est \u00ab\u00a0aliment\u00e9\u00a0\u00bb \u00e0 la main.<br \/>\nComme tous les mod\u00e8les de Rillnak, le Digi-Rillnak traite le mat\u00e9riau &lsquo;avec la technologie \u00e9prouv\u00e9e de la barre de rainurage contre la rainure.<br \/>\nLe mat\u00e9riau est comprim\u00e9 en douceur lors du rainage, ce qui emp\u00eache l&rsquo;\u00e9caillage de l&rsquo;encre ou le d\u00e9chirement du mat\u00e9riau lors du pliage.<br \/>\nLe Digi-Rillnak est polyvalent, dispose en standard d&rsquo;un outil de perforation et peut \u00eatre utilis\u00e9 facilement et tr\u00e8s rapidement gr\u00e2ce \u00e0 un joystick et un \u00e9cran clair.<\/p>\n<p><em><strong>Donn\u00e9es techniques<\/strong><\/em><br \/>\npoids de papier recommand\u00e9 : 70 &#8211; 350 g\/m<br \/>\nM\u00e9moire de programme : 9<br \/>\nRainures par feuille : max. 9<br \/>\nFormat de papier : max. 630 x 330, min. 140 x 140 mm<br \/>\nVitesse (feuilles\/heure) : jusqu&rsquo;\u00e0 4.000<br \/>\nMin. Espacement des rainures 4 mm (du bord avant de la feuille 25 mm, du bord arri\u00e8re de la feuille 20 mm)<br \/>\nAccessoires pour lames de perforation<br \/>\nen option : perforateur 96\/56\/28\/20 dents<br \/>\nen option : support<br \/>\nL x H x l (mm) 800 x 500 x 500<br \/>\nPoids net\/emball\u00e9 (kg) : 55\/80<br \/>\nalimentation \u00e9lectrique : 240 V\/ 50 Hz<\/p>\n","protected":false},"excerpt":{"rendered":"<p>Ernst NAGEL Digi-Rillnak Intervalles de rainage programmables avec installation manuelle Le Digi-Rillnak raine les m\u00eames formats que le c\u00e9l\u00e8bre Auto-Rillnak, mais il est \u00ab\u00a0aliment\u00e9\u00a0\u00bb \u00e0 la main. Comme tous les mod\u00e8les de Rillnak, le Digi-Rillnak traite le mat\u00e9riau &lsquo;avec la technologie \u00e9prouv\u00e9e de la barre de rainurage contre la rainure. Le mat\u00e9riau est comprim\u00e9 en [&hellip;]<\/p>\n","protected":false},"featured_media":62303,"template":"","meta":[],"product_brand":[],"product_cat":[2961],"product_tag":[],"class_list":{"0":"post-88919","1":"product","2":"type-product","3":"status-publish","4":"has-post-thumbnail","6":"product_cat-machines-a-rainurer-et-a-perforer","7":"pa_hersteller-ernst-nagel","8":"pa_typ-digi-rillnak","10":"first","11":"instock","12":"taxable","13":"shipping-taxable","14":"product-type-simple"},"jetpack_sharing_enabled":true,"_links":{"self":[{"href":"https:\/\/www.3p-gmbh.de\/fr\/wp-json\/wp\/v2\/product\/88919","targetHints":{"allow":["GET"]}}],"collection":[{"href":"https:\/\/www.3p-gmbh.de\/fr\/wp-json\/wp\/v2\/product"}],"about":[{"href":"https:\/\/www.3p-gmbh.de\/fr\/wp-json\/wp\/v2\/types\/product"}],"wp:featuredmedia":[{"embeddable":true,"href":"https:\/\/www.3p-gmbh.de\/fr\/wp-json\/wp\/v2\/media\/62303"}],"wp:attachment":[{"href":"https:\/\/www.3p-gmbh.de\/fr\/wp-json\/wp\/v2\/media?parent=88919"}],"wp:term":[{"taxonomy":"product_brand","embeddable":true,"href":"https:\/\/www.3p-gmbh.de\/fr\/wp-json\/wp\/v2\/product_brand?post=88919"},{"taxonomy":"product_cat","embeddable":true,"href":"https:\/\/www.3p-gmbh.de\/fr\/wp-json\/wp\/v2\/product_cat?post=88919"},{"taxonomy":"product_tag","embeddable":true,"href":"https:\/\/www.3p-gmbh.de\/fr\/wp-json\/wp\/v2\/product_tag?post=88919"}],"curies":[{"name":"wp","href":"https:\/\/api.w.org\/{rel}","templated":true}]}}