{"id":88874,"date":"2022-02-10T10:12:11","date_gmt":"2022-02-10T10:12:11","guid":{"rendered":"https:\/\/www.3p-gmbh.de\/produkt\/matrix-530-thermo-contreuse-pour-film-opp-jusqua-50-microns-din-a2-largeur-de-travail-max-500-mm\/"},"modified":"2022-02-10T10:12:11","modified_gmt":"2022-02-10T10:12:11","slug":"matrix-530-thermo-contre-colleuse-pour-opp-film-jusqua-50-micron-din-a2-max-500-mm-largeur-de-travail","status":"publish","type":"product","link":"https:\/\/www.3p-gmbh.de\/fr\/produkt\/matrix-530-thermo-contre-colleuse-pour-opp-film-jusqua-50-micron-din-a2-max-500-mm-largeur-de-travail\/","title":{"rendered":"Matrix 530 &#8211; Thermo-contreuse pour film OPP jusqu&rsquo;\u00e0 50 microns DIN A2 (largeur de travail max. 500 mm)"},"content":{"rendered":"<p><strong>Matrice 530<\/strong><br \/>\n<strong>Ligne de laminage thermique pour film OPP jusqu&rsquo;\u00e0 50 microns<\/strong><br \/>\n<strong>DIN A2 (largeur de travail max. 500 mm)<\/strong><\/p>\n<p>La Matrix 530 est parfaitement adapt\u00e9e au secteur de l&rsquo;imprimerie, o\u00f9 les exigences de qualit\u00e9 sont \u00e9lev\u00e9es. Les bobines de film sont faciles et simples \u00e0 changer &#8211; il est \u00e9galement possible d&rsquo;utiliser des bobines de film OPP de 1 000 m\u00e8tres. Le Matrix 530 est conforme \u00e0 la norme europ\u00e9enne CE relative \u00e0 la s\u00e9curit\u00e9 des produits.<\/p>\n<p>Vitesse variable (- 10 m\/min.)<br \/>\net r\u00e9glage de la temp\u00e9rature (0 &#8211; 140\u00b0 C).<br \/>\nTemps de chauffe court (env. 15-20 min)<br \/>\nThermolamination sur une face avec un film OPP de 23-50 microns<br \/>\n1 000 m de rouleaux de film OPP utilisables<br \/>\n\u00e9paisseur du papier sur 1 face : 135-500 g\/qm, sur 2 faces (2 \u00e9tapes de travail) \u00e0 partir de 70 g\/qm<br \/>\nBarre anti-vagues pour une plan\u00e9it\u00e9 parfaite en cas de thermocollage sur 1 face<br \/>\nP\u00e9dale<br \/>\nFonction de retour en arri\u00e8re<br \/>\n\u00c9cran num\u00e9rique<br \/>\nalimentation en papier semi-automatique avec alignement, alimentation en feuilles d&rsquo;impression et chevauchement automatiques<br \/>\nFonction de s\u00e9paration du papier : perforation et s\u00e9paration automatique<br \/>\nbac de r\u00e9ception r\u00e9glable pour les impressions termin\u00e9es<br \/>\ncontact d&rsquo;arr\u00eat de s\u00e9curit\u00e9 dans le capot de protection<br \/>\nBouton d&rsquo;arr\u00eat d&rsquo;urgence<br \/>\nCouverture anti-poussi\u00e8re<br \/>\nincl. stable et espace de rangement<br \/>\nEn option : bras de d\u00e9coupe (pour la d\u00e9coupe individuelle de la largeur du film OPP)<\/p>\n<p>Donn\u00e9es techniques :<br \/>\nDiam\u00e8tre du noyau du rouleau : 57 + 76 mm<br \/>\ntemp\u00e9rature de travail : 0-140 \u00b0C<br \/>\n\u00c9paisseur du film : 23-50 microns de film OPP<\/p>\n<p>&nbsp;<\/p>\n<table width=\"500\">\n<tbody>\n<tr>\n<td>\n<table width=\"500\">\n<tbody>\n<tr>\n<td colspan=\"2\"><strong>Caract\u00e9ristiques de l&rsquo;article :<\/strong><\/td>\n<\/tr>\n<tr>\n<td>Max. Largeur de travail<\/td>\n<td>500 mm<\/td>\n<\/tr>\n<tr>\n<td>Pelliculage thermique<\/td>\n<td>23-50 microns de film OPP<\/td>\n<\/tr>\n<tr>\n<td>Vitesse<\/td>\n<td>variable &#8211; 10 m\/min.<\/td>\n<\/tr>\n<tr>\n<td>Marche arri\u00e8re<\/td>\n<td>Oui<\/td>\n<\/tr>\n<tr>\n<td>\u00c9cran num\u00e9rique<\/td>\n<td>Oui<\/td>\n<\/tr>\n<tr>\n<td>Temps de chauffe<\/td>\n<td>env. 15 &#8211; 20 min<\/td>\n<\/tr>\n<tr>\n<td>Lamination \u00e0 froid<\/td>\n<td>Non<\/td>\n<\/tr>\n<tr>\n<td>Montages<\/td>\n<td>Non<\/td>\n<\/tr>\n<\/tbody>\n<\/table>\n<\/td>\n<\/tr>\n<\/tbody>\n<\/table>\n","protected":false},"excerpt":{"rendered":"<p>Matrice 530 Ligne de laminage thermique pour film OPP jusqu&rsquo;\u00e0 50 microns DIN A2 (largeur de travail max. 500 mm) La Matrix 530 est parfaitement adapt\u00e9e au secteur de l&rsquo;imprimerie, o\u00f9 les exigences de qualit\u00e9 sont \u00e9lev\u00e9es. Les bobines de film sont faciles et simples \u00e0 changer &#8211; il est \u00e9galement possible d&rsquo;utiliser des bobines [&hellip;]<\/p>\n","protected":false},"featured_media":61049,"template":"","meta":[],"product_brand":[],"product_cat":[2945],"product_tag":[],"class_list":{"0":"post-88874","1":"product","2":"type-product","3":"status-publish","4":"has-post-thumbnail","6":"product_cat-machines-a-contrecoller","7":"pa_hersteller-matrix","8":"pa_typ-2360","10":"first","11":"instock","12":"taxable","13":"shipping-taxable","14":"product-type-simple"},"jetpack_sharing_enabled":true,"_links":{"self":[{"href":"https:\/\/www.3p-gmbh.de\/fr\/wp-json\/wp\/v2\/product\/88874","targetHints":{"allow":["GET"]}}],"collection":[{"href":"https:\/\/www.3p-gmbh.de\/fr\/wp-json\/wp\/v2\/product"}],"about":[{"href":"https:\/\/www.3p-gmbh.de\/fr\/wp-json\/wp\/v2\/types\/product"}],"wp:featuredmedia":[{"embeddable":true,"href":"https:\/\/www.3p-gmbh.de\/fr\/wp-json\/wp\/v2\/media\/61049"}],"wp:attachment":[{"href":"https:\/\/www.3p-gmbh.de\/fr\/wp-json\/wp\/v2\/media?parent=88874"}],"wp:term":[{"taxonomy":"product_brand","embeddable":true,"href":"https:\/\/www.3p-gmbh.de\/fr\/wp-json\/wp\/v2\/product_brand?post=88874"},{"taxonomy":"product_cat","embeddable":true,"href":"https:\/\/www.3p-gmbh.de\/fr\/wp-json\/wp\/v2\/product_cat?post=88874"},{"taxonomy":"product_tag","embeddable":true,"href":"https:\/\/www.3p-gmbh.de\/fr\/wp-json\/wp\/v2\/product_tag?post=88874"}],"curies":[{"name":"wp","href":"https:\/\/api.w.org\/{rel}","templated":true}]}}