{"id":88872,"date":"2022-02-10T15:19:18","date_gmt":"2022-02-10T15:19:18","guid":{"rendered":"https:\/\/www.3p-gmbh.de\/produkt\/stockage-de-produits-dangereux-denios-pse-4-450-litres\/"},"modified":"2022-02-10T15:19:18","modified_gmt":"2022-02-10T15:19:18","slug":"stockage-de-produits-dangereux-denios-pse-4-450-litres","status":"publish","type":"product","link":"https:\/\/www.3p-gmbh.de\/fr\/produkt\/stockage-de-produits-dangereux-denios-pse-4-450-litres\/","title":{"rendered":"Stockage de produits dangereux Denios PSE-4 450 litres"},"content":{"rendered":"<p><strong>Stockage de produits dangereux Denios PSE-4 450 litres<\/strong><\/p>\n<p>surface de rangement int\u00e9gr\u00e9e<br \/>\nVolume de r\u00e9tention 450 l<br \/>\nMat\u00e9riau Poly\u00e9thyl\u00e8ne (PE)<br \/>\nCapacit\u00e9 KTC\/IBC1<br \/>\nSurface de rangement Mat\u00e9riau Poly\u00e9thyl\u00e8ne (PE)<br \/>\nCh\u00e2ssis avec pieds d&rsquo;appui D\u00e9pla\u00e7able par chariot \u00e9l\u00e9vateur<br \/>\ncapacit\u00e9 de charge 1250 kg<\/p>\n<p>Agr\u00e9ments Agr\u00e9ment technique de construction (DIBt)<br \/>\nClassification des liquides dangereux pour la nappe phr\u00e9atique aigu\u00eb, chronique GHS 1, chronique GHS 2, chronique GHS 3, chronique GHS 4<br \/>\nClassification selon GefStoffV\/BetrSichVA Corrosif pour les m\u00e9taux, corrosif pour la peau, provoque de graves l\u00e9sions oculaires<br \/>\ncouleur bleue<\/p>\n","protected":false},"excerpt":{"rendered":"<p>Stockage de produits dangereux Denios PSE-4 450 litres surface de rangement int\u00e9gr\u00e9e Volume de r\u00e9tention 450 l Mat\u00e9riau Poly\u00e9thyl\u00e8ne (PE) Capacit\u00e9 KTC\/IBC1 Surface de rangement Mat\u00e9riau Poly\u00e9thyl\u00e8ne (PE) Ch\u00e2ssis avec pieds d&rsquo;appui D\u00e9pla\u00e7able par chariot \u00e9l\u00e9vateur capacit\u00e9 de charge 1250 kg Agr\u00e9ments Agr\u00e9ment technique de construction (DIBt) Classification des liquides dangereux pour la nappe phr\u00e9atique [&hellip;]<\/p>\n","protected":false},"featured_media":61051,"template":"","meta":[],"product_brand":[],"product_cat":[2941],"product_tag":[],"class_list":{"0":"post-88872","1":"product","2":"type-product","3":"status-publish","4":"has-post-thumbnail","6":"product_cat-autres-machines-et-installations","7":"pa_hersteller-denios","9":"first","10":"instock","11":"taxable","12":"shipping-taxable","13":"product-type-simple"},"jetpack_sharing_enabled":true,"_links":{"self":[{"href":"https:\/\/www.3p-gmbh.de\/fr\/wp-json\/wp\/v2\/product\/88872","targetHints":{"allow":["GET"]}}],"collection":[{"href":"https:\/\/www.3p-gmbh.de\/fr\/wp-json\/wp\/v2\/product"}],"about":[{"href":"https:\/\/www.3p-gmbh.de\/fr\/wp-json\/wp\/v2\/types\/product"}],"wp:featuredmedia":[{"embeddable":true,"href":"https:\/\/www.3p-gmbh.de\/fr\/wp-json\/wp\/v2\/media\/61051"}],"wp:attachment":[{"href":"https:\/\/www.3p-gmbh.de\/fr\/wp-json\/wp\/v2\/media?parent=88872"}],"wp:term":[{"taxonomy":"product_brand","embeddable":true,"href":"https:\/\/www.3p-gmbh.de\/fr\/wp-json\/wp\/v2\/product_brand?post=88872"},{"taxonomy":"product_cat","embeddable":true,"href":"https:\/\/www.3p-gmbh.de\/fr\/wp-json\/wp\/v2\/product_cat?post=88872"},{"taxonomy":"product_tag","embeddable":true,"href":"https:\/\/www.3p-gmbh.de\/fr\/wp-json\/wp\/v2\/product_tag?post=88872"}],"curies":[{"name":"wp","href":"https:\/\/api.w.org\/{rel}","templated":true}]}}