{"id":88866,"date":"2022-02-10T14:59:04","date_gmt":"2022-02-10T14:59:04","guid":{"rendered":"https:\/\/www.3p-gmbh.de\/produkt\/stockage-de-produits-dangereux-denios-ibc-station-1000-litres\/"},"modified":"2022-02-10T14:59:04","modified_gmt":"2022-02-10T14:59:04","slug":"stockage-de-produits-dangereux-denios-ibc-station-1000-litres","status":"publish","type":"product","link":"https:\/\/www.3p-gmbh.de\/fr\/produkt\/stockage-de-produits-dangereux-denios-ibc-station-1000-litres\/","title":{"rendered":"Stockage de produits dangereux Denios IBC Station 1000 litres"},"content":{"rendered":"<p><strong>Denios IBC Station pour 1000 Lite<\/strong><\/p>\n<p>Denios IBC-Station S en PE &#8211; pour le stockage optimal de liquides dangereux<br \/>\nid\u00e9al pour d\u00e9poser des conteneurs de 1.000 litres ou des r\u00e9cipients plus petits,<br \/>\npour le stockage optimal de divers acides et bases ainsi que pour les huiles<br \/>\net produits chimiques de nettoyage ininflammables<\/p>\n<p>surface de rangement int\u00e9gr\u00e9e<br \/>\nVolume de r\u00e9tention 1000 l<br \/>\nLieu de stockage sous abri<br \/>\nhauteur 860 mm<br \/>\nlargeur 1280 mm<br \/>\nlongueur 1660 mm<br \/>\nMat\u00e9riau Poly\u00e9thyl\u00e8ne (PE)<br \/>\nCapacit\u00e9 KTC\/IBC1<br \/>\nSurface de rangement Mat\u00e9riau Poly\u00e9thyl\u00e8ne (PE)<br \/>\nCh\u00e2ssis avec pieds d&rsquo;appui D\u00e9pla\u00e7able par chariot \u00e9l\u00e9vateur<br \/>\ncapacit\u00e9 de charge 2000 kg<\/p>\n<p>Agr\u00e9ments Agr\u00e9ment technique de construction (DIBt)<br \/>\nClassification des liquides dangereux pour la nappe phr\u00e9atique aigu\u00eb, chronique GHS 1, chronique GHS 2, chronique GHS 3, chronique GHS 4<br \/>\nClassification selon GefStoffV\/BetrSichVA Corrosif pour les m\u00e9taux, corrosif pour la peau, provoque de graves l\u00e9sions oculaires<br \/>\ncouleur bleue<\/p>\n","protected":false},"excerpt":{"rendered":"<p>Denios IBC Station pour 1000 Lite Denios IBC-Station S en PE &#8211; pour le stockage optimal de liquides dangereux id\u00e9al pour d\u00e9poser des conteneurs de 1.000 litres ou des r\u00e9cipients plus petits, pour le stockage optimal de divers acides et bases ainsi que pour les huiles et produits chimiques de nettoyage ininflammables surface de rangement [&hellip;]<\/p>\n","protected":false},"featured_media":61051,"template":"","meta":[],"product_brand":[],"product_cat":[2941],"product_tag":[],"class_list":{"0":"post-88866","1":"product","2":"type-product","3":"status-publish","4":"has-post-thumbnail","6":"product_cat-autres-machines-et-installations","7":"pa_hersteller-denios","9":"first","10":"instock","11":"taxable","12":"shipping-taxable","13":"product-type-simple"},"jetpack_sharing_enabled":true,"_links":{"self":[{"href":"https:\/\/www.3p-gmbh.de\/fr\/wp-json\/wp\/v2\/product\/88866","targetHints":{"allow":["GET"]}}],"collection":[{"href":"https:\/\/www.3p-gmbh.de\/fr\/wp-json\/wp\/v2\/product"}],"about":[{"href":"https:\/\/www.3p-gmbh.de\/fr\/wp-json\/wp\/v2\/types\/product"}],"wp:featuredmedia":[{"embeddable":true,"href":"https:\/\/www.3p-gmbh.de\/fr\/wp-json\/wp\/v2\/media\/61051"}],"wp:attachment":[{"href":"https:\/\/www.3p-gmbh.de\/fr\/wp-json\/wp\/v2\/media?parent=88866"}],"wp:term":[{"taxonomy":"product_brand","embeddable":true,"href":"https:\/\/www.3p-gmbh.de\/fr\/wp-json\/wp\/v2\/product_brand?post=88866"},{"taxonomy":"product_cat","embeddable":true,"href":"https:\/\/www.3p-gmbh.de\/fr\/wp-json\/wp\/v2\/product_cat?post=88866"},{"taxonomy":"product_tag","embeddable":true,"href":"https:\/\/www.3p-gmbh.de\/fr\/wp-json\/wp\/v2\/product_tag?post=88866"}],"curies":[{"name":"wp","href":"https:\/\/api.w.org\/{rel}","templated":true}]}}