{"id":88854,"date":"2022-04-30T22:23:33","date_gmt":"2022-04-30T22:23:33","guid":{"rendered":"https:\/\/www.3p-gmbh.de\/produkt\/pompe-a-vide-a-palettes-becker-kvt-3-140\/"},"modified":"2022-04-30T22:23:33","modified_gmt":"2022-04-30T22:23:33","slug":"vanne-rotative-pompe-a-vide-becker-kvt-3-140","status":"publish","type":"product","link":"https:\/\/www.3p-gmbh.de\/fr\/produkt\/vanne-rotative-pompe-a-vide-becker-kvt-3-140\/","title":{"rendered":"Pompe \u00e0 vide \u00e0 palettes Becker KVT 3.140"},"content":{"rendered":"<p><strong>Pompe \u00e0 vide \u00e0 palettes fonctionnant \u00e0 sec Becker KVT 3.140<\/strong><br \/>\n<strong>Bj. 2006 peu couru<\/strong><br \/>\ntechnique. Donn\u00e9es sur la plaque signal\u00e9tique<\/p>\n","protected":false},"excerpt":{"rendered":"<p>Pompe \u00e0 vide \u00e0 palettes fonctionnant \u00e0 sec Becker KVT 3.140 Bj. 2006 peu couru technique. Donn\u00e9es sur la plaque signal\u00e9tique<\/p>\n","protected":false},"featured_media":61111,"template":"","meta":[],"product_brand":[],"product_cat":[2934],"product_tag":[],"class_list":{"0":"post-88854","1":"product","2":"type-product","3":"status-publish","4":"has-post-thumbnail","6":"product_cat-compresseurs-pompes-a-vide","7":"pa_hersteller-becker","8":"pa_typ-kvt-3-140","10":"first","11":"instock","12":"taxable","13":"shipping-taxable","14":"product-type-simple"},"jetpack_sharing_enabled":true,"_links":{"self":[{"href":"https:\/\/www.3p-gmbh.de\/fr\/wp-json\/wp\/v2\/product\/88854","targetHints":{"allow":["GET"]}}],"collection":[{"href":"https:\/\/www.3p-gmbh.de\/fr\/wp-json\/wp\/v2\/product"}],"about":[{"href":"https:\/\/www.3p-gmbh.de\/fr\/wp-json\/wp\/v2\/types\/product"}],"wp:featuredmedia":[{"embeddable":true,"href":"https:\/\/www.3p-gmbh.de\/fr\/wp-json\/wp\/v2\/media\/61111"}],"wp:attachment":[{"href":"https:\/\/www.3p-gmbh.de\/fr\/wp-json\/wp\/v2\/media?parent=88854"}],"wp:term":[{"taxonomy":"product_brand","embeddable":true,"href":"https:\/\/www.3p-gmbh.de\/fr\/wp-json\/wp\/v2\/product_brand?post=88854"},{"taxonomy":"product_cat","embeddable":true,"href":"https:\/\/www.3p-gmbh.de\/fr\/wp-json\/wp\/v2\/product_cat?post=88854"},{"taxonomy":"product_tag","embeddable":true,"href":"https:\/\/www.3p-gmbh.de\/fr\/wp-json\/wp\/v2\/product_tag?post=88854"}],"curies":[{"name":"wp","href":"https:\/\/api.w.org\/{rel}","templated":true}]}}