{"id":88831,"date":"2022-05-28T17:02:18","date_gmt":"2022-05-28T17:02:18","guid":{"rendered":"https:\/\/www.3p-gmbh.de\/produkt\/plieuse-de-sabres-mobile-mathias-baeuerle-ms-45\/"},"modified":"2022-05-28T17:02:18","modified_gmt":"2022-05-28T17:02:18","slug":"plieuse-lourde-mobile-mathias-baeuerle-ms-45","status":"publish","type":"product","link":"https:\/\/www.3p-gmbh.de\/fr\/produkt\/plieuse-lourde-mobile-mathias-baeuerle-ms-45\/","title":{"rendered":"Plieuse de sabres mobile Mathias B\u00e4uerle MS 45"},"content":{"rendered":"<p><strong>Plieuse de sabres mobile Mathias B\u00e4uerle MS 45<\/strong><br \/>\n<strong>Ann\u00e9e de construction 2006<br \/>\n<\/strong><br \/>\npour le pliage de croisillons<br \/>\n&#8211; pivotant \u00e0 180\u00b0, ce qui permet de plier par le haut ou par le bas<br \/>\n&#8211; mobile et r\u00e9glable en hauteur en continu<br \/>\nConvient pour l&rsquo;accouplement avec le premier ou le deuxi\u00e8me groupe de pliage \u00e0 poches d&rsquo;une plieuse CAS<br \/>\nLargeur d&rsquo;entr\u00e9e max. 45 cm min. 12 cm<br \/>\nLongueur d&rsquo;entr\u00e9e max. 33 cm min. 10 cm<\/p>\n","protected":false},"excerpt":{"rendered":"<p>Plieuse de sabres mobile Mathias B\u00e4uerle MS 45 Ann\u00e9e de construction 2006 pour le pliage de croisillons &#8211; pivotant \u00e0 180\u00b0, ce qui permet de plier par le haut ou par le bas &#8211; mobile et r\u00e9glable en hauteur en continu Convient pour l&rsquo;accouplement avec le premier ou le deuxi\u00e8me groupe de pliage \u00e0 poches [&hellip;]<\/p>\n","protected":false},"featured_media":61165,"template":"","meta":[],"product_brand":[],"product_cat":[2924],"product_tag":[],"class_list":{"0":"post-88831","1":"product","2":"type-product","3":"status-publish","4":"has-post-thumbnail","6":"product_cat-plieuses","7":"pa_hersteller-mathias-baeuerle","8":"pa_typ-ms-45","10":"first","11":"instock","12":"taxable","13":"shipping-taxable","14":"product-type-simple"},"jetpack_sharing_enabled":true,"_links":{"self":[{"href":"https:\/\/www.3p-gmbh.de\/fr\/wp-json\/wp\/v2\/product\/88831","targetHints":{"allow":["GET"]}}],"collection":[{"href":"https:\/\/www.3p-gmbh.de\/fr\/wp-json\/wp\/v2\/product"}],"about":[{"href":"https:\/\/www.3p-gmbh.de\/fr\/wp-json\/wp\/v2\/types\/product"}],"wp:featuredmedia":[{"embeddable":true,"href":"https:\/\/www.3p-gmbh.de\/fr\/wp-json\/wp\/v2\/media\/61165"}],"wp:attachment":[{"href":"https:\/\/www.3p-gmbh.de\/fr\/wp-json\/wp\/v2\/media?parent=88831"}],"wp:term":[{"taxonomy":"product_brand","embeddable":true,"href":"https:\/\/www.3p-gmbh.de\/fr\/wp-json\/wp\/v2\/product_brand?post=88831"},{"taxonomy":"product_cat","embeddable":true,"href":"https:\/\/www.3p-gmbh.de\/fr\/wp-json\/wp\/v2\/product_cat?post=88831"},{"taxonomy":"product_tag","embeddable":true,"href":"https:\/\/www.3p-gmbh.de\/fr\/wp-json\/wp\/v2\/product_tag?post=88831"}],"curies":[{"name":"wp","href":"https:\/\/api.w.org\/{rel}","templated":true}]}}