{"id":88826,"date":"2022-05-28T16:48:06","date_gmt":"2022-05-28T16:48:06","guid":{"rendered":"https:\/\/www.3p-gmbh.de\/produkt\/stockage-de-produits-dangereux-poste-de-securite-galvanise-a-chaud-stw-2vb\/"},"modified":"2022-05-28T16:48:06","modified_gmt":"2022-05-28T16:48:06","slug":"stockage-de-produits-dangereux-station-de-stockage-de-produits-dangereux-zingue-a-chaud-stw-2vb","status":"publish","type":"product","link":"https:\/\/www.3p-gmbh.de\/fr\/produkt\/stockage-de-produits-dangereux-station-de-stockage-de-produits-dangereux-zingue-a-chaud-stw-2vb\/","title":{"rendered":"Stockage de produits dangereux &#8211; poste de s\u00e9curit\u00e9, galvanis\u00e9 \u00e0 chaud STW-2VB"},"content":{"rendered":"<p><strong>Stockage de produits dangereux &#8211; poste de s\u00e9curit\u00e9, galvanis\u00e9 \u00e0 chaud STW-2VB<\/strong><\/p>\n<p>Stockage conforme \u00e0 la loi sur le r\u00e9gime des eaux (WHG) Autoris\u00e9 pour le stockage de liquides inflammables.<br \/>\nParois lat\u00e9rales et arri\u00e8re ferm\u00e9es (t\u00f4le pleine).<br \/>\nEmpilable sur 3 niveaux.<br \/>\ncapacit\u00e9 de charge : 850 kg\/m<\/p>\n<p>Dimensions HxLxP 1440x1390x905<br \/>\nCapacit\u00e9 de 2&#215;200 l de f\u00fbts<br \/>\nVolume de r\u00e9tention 225l<br \/>\nPoids 150<br \/>\nCapacit\u00e9 de charge 1000kg<\/p>\n","protected":false},"excerpt":{"rendered":"<p>Stockage de produits dangereux &#8211; poste de s\u00e9curit\u00e9, galvanis\u00e9 \u00e0 chaud STW-2VB Stockage conforme \u00e0 la loi sur le r\u00e9gime des eaux (WHG) Autoris\u00e9 pour le stockage de liquides inflammables. Parois lat\u00e9rales et arri\u00e8re ferm\u00e9es (t\u00f4le pleine). Empilable sur 3 niveaux. capacit\u00e9 de charge : 850 kg\/m Dimensions HxLxP 1440x1390x905 Capacit\u00e9 de 2&#215;200 l de [&hellip;]<\/p>\n","protected":false},"featured_media":61150,"template":"","meta":[],"product_brand":[],"product_cat":[2920],"product_tag":[],"class_list":{"0":"post-88826","1":"product","2":"type-product","3":"status-publish","4":"has-post-thumbnail","6":"product_cat-technique-de-stockage","7":"pa_typ-stw-2vb","9":"first","10":"instock","11":"taxable","12":"shipping-taxable","13":"product-type-simple"},"jetpack_sharing_enabled":true,"_links":{"self":[{"href":"https:\/\/www.3p-gmbh.de\/fr\/wp-json\/wp\/v2\/product\/88826","targetHints":{"allow":["GET"]}}],"collection":[{"href":"https:\/\/www.3p-gmbh.de\/fr\/wp-json\/wp\/v2\/product"}],"about":[{"href":"https:\/\/www.3p-gmbh.de\/fr\/wp-json\/wp\/v2\/types\/product"}],"wp:featuredmedia":[{"embeddable":true,"href":"https:\/\/www.3p-gmbh.de\/fr\/wp-json\/wp\/v2\/media\/61150"}],"wp:attachment":[{"href":"https:\/\/www.3p-gmbh.de\/fr\/wp-json\/wp\/v2\/media?parent=88826"}],"wp:term":[{"taxonomy":"product_brand","embeddable":true,"href":"https:\/\/www.3p-gmbh.de\/fr\/wp-json\/wp\/v2\/product_brand?post=88826"},{"taxonomy":"product_cat","embeddable":true,"href":"https:\/\/www.3p-gmbh.de\/fr\/wp-json\/wp\/v2\/product_cat?post=88826"},{"taxonomy":"product_tag","embeddable":true,"href":"https:\/\/www.3p-gmbh.de\/fr\/wp-json\/wp\/v2\/product_tag?post=88826"}],"curies":[{"name":"wp","href":"https:\/\/api.w.org\/{rel}","templated":true}]}}