{"id":88819,"date":"2022-06-15T18:30:26","date_gmt":"2022-06-15T18:30:26","guid":{"rendered":"https:\/\/www.3p-gmbh.de\/produkt\/table-mobile-a-roulettes-reglable-en-hauteur-et-pivotante-en-continu-guk-rt-35\/"},"modified":"2022-06-15T18:30:26","modified_gmt":"2022-06-15T18:30:26","slug":"table-a-roulettes-mobile-reglable-en-extension-et-rotative-guk-rt-35","status":"publish","type":"product","link":"https:\/\/www.3p-gmbh.de\/fr\/produkt\/table-a-roulettes-mobile-reglable-en-extension-et-rotative-guk-rt-35\/","title":{"rendered":"table mobile \u00e0 roulettes, r\u00e9glable en hauteur et pivotante en continu GUK RT-35"},"content":{"rendered":"<p><strong>Grieser &amp; Kunzmann Wellendingen<br \/>\n<\/strong><strong>table mobile \u00e0 roulettes, r\u00e9glable en hauteur et pivotante en continu GUK RT-35 <\/strong><br \/>\n<strong>Bj. 1993 &#8211; obsol\u00e8te<\/strong><\/p>\n<p>-R\u00e8gle \u00e0 rouleaux inclin\u00e9s pour l&rsquo;alignement des feuilles<br \/>\n-vitesse r\u00e9glable<br \/>\n-largeur d&rsquo;entr\u00e9e 350mm<br \/>\n-Alimentation \u00e9lectrique 220V<\/p>\n","protected":false},"excerpt":{"rendered":"<p>Grieser &amp; Kunzmann Wellendingen table mobile \u00e0 roulettes, r\u00e9glable en hauteur et pivotante en continu GUK RT-35 Bj. 1993 &#8211; obsol\u00e8te -R\u00e8gle \u00e0 rouleaux inclin\u00e9s pour l&rsquo;alignement des feuilles -vitesse r\u00e9glable -largeur d&rsquo;entr\u00e9e 350mm -Alimentation \u00e9lectrique 220V<\/p>\n","protected":false},"featured_media":61188,"template":"","meta":[],"product_brand":[],"product_cat":[2916],"product_tag":[],"class_list":{"0":"post-88819","1":"product","2":"type-product","3":"status-publish","4":"has-post-thumbnail","6":"product_cat-depenses","7":"pa_hersteller-grieser-kunzmann-guk","8":"pa_typ-rt-35","10":"first","11":"instock","12":"taxable","13":"shipping-taxable","14":"product-type-simple"},"jetpack_sharing_enabled":true,"_links":{"self":[{"href":"https:\/\/www.3p-gmbh.de\/fr\/wp-json\/wp\/v2\/product\/88819","targetHints":{"allow":["GET"]}}],"collection":[{"href":"https:\/\/www.3p-gmbh.de\/fr\/wp-json\/wp\/v2\/product"}],"about":[{"href":"https:\/\/www.3p-gmbh.de\/fr\/wp-json\/wp\/v2\/types\/product"}],"wp:featuredmedia":[{"embeddable":true,"href":"https:\/\/www.3p-gmbh.de\/fr\/wp-json\/wp\/v2\/media\/61188"}],"wp:attachment":[{"href":"https:\/\/www.3p-gmbh.de\/fr\/wp-json\/wp\/v2\/media?parent=88819"}],"wp:term":[{"taxonomy":"product_brand","embeddable":true,"href":"https:\/\/www.3p-gmbh.de\/fr\/wp-json\/wp\/v2\/product_brand?post=88819"},{"taxonomy":"product_cat","embeddable":true,"href":"https:\/\/www.3p-gmbh.de\/fr\/wp-json\/wp\/v2\/product_cat?post=88819"},{"taxonomy":"product_tag","embeddable":true,"href":"https:\/\/www.3p-gmbh.de\/fr\/wp-json\/wp\/v2\/product_tag?post=88819"}],"curies":[{"name":"wp","href":"https:\/\/api.w.org\/{rel}","templated":true}]}}