{"id":88812,"date":"2022-05-28T20:56:09","date_gmt":"2022-05-28T20:56:09","guid":{"rendered":"https:\/\/www.3p-gmbh.de\/produkt\/cisaille-a-double-nez-pour-la-decoupe-de-rainures-de-canaux-cito-et-gnu\/"},"modified":"2022-05-28T20:56:09","modified_gmt":"2022-05-28T20:56:09","slug":"ciseaux-nez-doubles-pour-couper-des-rainures-de-cito-et-gnu-canal","status":"publish","type":"product","link":"https:\/\/www.3p-gmbh.de\/fr\/produkt\/ciseaux-nez-doubles-pour-couper-des-rainures-de-cito-et-gnu-canal\/","title":{"rendered":"Cisaille \u00e0 double nez pour la d\u00e9coupe de rainures de canaux Cito et GNU"},"content":{"rendered":"<p><strong>Cisaille \u00e0 double nez pour la d\u00e9coupe de rainures de canaux Cito et GNU<br \/>\n<\/strong><br \/>\npour la coupe rationnelle de surplombs et pour le tron\u00e7onnage droit de lignes jusqu&rsquo;\u00e0 40 x 1,42 mm en construction tout acier.<\/p>\n<p>La cisaille coupe 2 nez en m\u00eame temps, la ligne \u00e9tant maintenue sans d\u00e9formation par un serre-flan automatique pendant la coupe.<br \/>\nGr\u00e2ce \u00e0 des couteaux aff\u00fbt\u00e9s en cons\u00e9quence, la ligne est coup\u00e9e de mani\u00e8re conique, ce qui garantit une bonne adaptation des points de raccordement.<br \/>\nLa genouill\u00e8re permet une bonne transmission de la force ; le r\u00e9glage fin permet un tron\u00e7onnage pr\u00e9cis.<\/p>\n","protected":false},"excerpt":{"rendered":"<p>Cisaille \u00e0 double nez pour la d\u00e9coupe de rainures de canaux Cito et GNU pour la coupe rationnelle de surplombs et pour le tron\u00e7onnage droit de lignes jusqu&rsquo;\u00e0 40 x 1,42 mm en construction tout acier. La cisaille coupe 2 nez en m\u00eame temps, la ligne \u00e9tant maintenue sans d\u00e9formation par un serre-flan automatique pendant [&hellip;]<\/p>\n","protected":false},"featured_media":61169,"template":"","meta":[],"product_brand":[],"product_cat":[2881],"product_tag":[],"class_list":{"0":"post-88812","1":"product","2":"type-product","3":"status-publish","4":"has-post-thumbnail","6":"product_cat-impression-de-livres","8":"first","9":"instock","10":"taxable","11":"shipping-taxable","12":"product-type-simple"},"jetpack_sharing_enabled":true,"_links":{"self":[{"href":"https:\/\/www.3p-gmbh.de\/fr\/wp-json\/wp\/v2\/product\/88812","targetHints":{"allow":["GET"]}}],"collection":[{"href":"https:\/\/www.3p-gmbh.de\/fr\/wp-json\/wp\/v2\/product"}],"about":[{"href":"https:\/\/www.3p-gmbh.de\/fr\/wp-json\/wp\/v2\/types\/product"}],"wp:featuredmedia":[{"embeddable":true,"href":"https:\/\/www.3p-gmbh.de\/fr\/wp-json\/wp\/v2\/media\/61169"}],"wp:attachment":[{"href":"https:\/\/www.3p-gmbh.de\/fr\/wp-json\/wp\/v2\/media?parent=88812"}],"wp:term":[{"taxonomy":"product_brand","embeddable":true,"href":"https:\/\/www.3p-gmbh.de\/fr\/wp-json\/wp\/v2\/product_brand?post=88812"},{"taxonomy":"product_cat","embeddable":true,"href":"https:\/\/www.3p-gmbh.de\/fr\/wp-json\/wp\/v2\/product_cat?post=88812"},{"taxonomy":"product_tag","embeddable":true,"href":"https:\/\/www.3p-gmbh.de\/fr\/wp-json\/wp\/v2\/product_tag?post=88812"}],"curies":[{"name":"wp","href":"https:\/\/api.w.org\/{rel}","templated":true}]}}