{"id":88803,"date":"2023-07-04T09:40:30","date_gmt":"2023-07-04T09:40:30","guid":{"rendered":"https:\/\/www.3p-gmbh.de\/produkt\/rarete-2x-mueller-martini-hk-75-tetes-dagrafage-a-anneaux-08mm-pour-encarteuse-piqueuse\/"},"modified":"2023-12-20T13:47:52","modified_gmt":"2023-12-20T13:47:52","slug":"raritaet-2x-mueller-martini-hk-75-ringoesenheepfe-08mm-pour-classeur","status":"publish","type":"product","link":"https:\/\/www.3p-gmbh.de\/fr\/produkt\/raritaet-2x-mueller-martini-hk-75-ringoesenheepfe-08mm-pour-classeur\/","title":{"rendered":"Raret\u00e9 2x M\u00fcller Martini HK 75 t\u00eates d&rsquo;agrafage \u00e0 anneaux 0,8mm pour encarteuse-piqueuse"},"content":{"rendered":"<p><strong>Raret\u00e9 2x M\u00fcller Martini HK 75 t\u00eates d&rsquo;agrafage \u00e0 anneaux 0,8mm pour encarteuse-piqueuse<\/strong><\/p>\n<p>pour s\u00e9rie Primera , Prima , Bravo , Valore<br \/>\nMM N\u00b0 de pi\u00e8ce 0249.0050<\/p>\n<p>&nbsp;<\/p>\n","protected":false},"excerpt":{"rendered":"<p>Raret\u00e9 2x M\u00fcller Martini HK 75 t\u00eates d&rsquo;agrafage \u00e0 anneaux 0,8mm pour encarteuse-piqueuse pour s\u00e9rie Primera , Prima , Bravo , Valore MM N\u00b0 de pi\u00e8ce 0249.0050 &nbsp;<\/p>\n","protected":false},"featured_media":87322,"template":"","meta":[],"product_brand":[],"product_cat":[2848,2907],"product_tag":[],"class_list":{"0":"post-88803","1":"product","2":"type-product","3":"status-publish","4":"has-post-thumbnail","6":"product_cat-accessoires","7":"product_cat-encarteuse-piqueuse","8":"pa_hersteller-mueller-martini","9":"pa_typ-hk-75","11":"first","12":"instock","13":"taxable","14":"shipping-taxable","15":"product-type-simple"},"jetpack_sharing_enabled":true,"_links":{"self":[{"href":"https:\/\/www.3p-gmbh.de\/fr\/wp-json\/wp\/v2\/product\/88803","targetHints":{"allow":["GET"]}}],"collection":[{"href":"https:\/\/www.3p-gmbh.de\/fr\/wp-json\/wp\/v2\/product"}],"about":[{"href":"https:\/\/www.3p-gmbh.de\/fr\/wp-json\/wp\/v2\/types\/product"}],"wp:featuredmedia":[{"embeddable":true,"href":"https:\/\/www.3p-gmbh.de\/fr\/wp-json\/wp\/v2\/media\/87322"}],"wp:attachment":[{"href":"https:\/\/www.3p-gmbh.de\/fr\/wp-json\/wp\/v2\/media?parent=88803"}],"wp:term":[{"taxonomy":"product_brand","embeddable":true,"href":"https:\/\/www.3p-gmbh.de\/fr\/wp-json\/wp\/v2\/product_brand?post=88803"},{"taxonomy":"product_cat","embeddable":true,"href":"https:\/\/www.3p-gmbh.de\/fr\/wp-json\/wp\/v2\/product_cat?post=88803"},{"taxonomy":"product_tag","embeddable":true,"href":"https:\/\/www.3p-gmbh.de\/fr\/wp-json\/wp\/v2\/product_tag?post=88803"}],"curies":[{"name":"wp","href":"https:\/\/api.w.org\/{rel}","templated":true}]}}