{"id":88772,"date":"2023-07-09T10:07:38","date_gmt":"2023-07-09T10:07:38","guid":{"rendered":"https:\/\/www.3p-gmbh.de\/produkt\/retourneur-de-palettes-hotung-pw-1\/"},"modified":"2023-12-20T13:47:50","modified_gmt":"2023-12-20T13:47:50","slug":"retourneur-de-palettes-hotung-pw-1","status":"publish","type":"product","link":"https:\/\/www.3p-gmbh.de\/fr\/produkt\/retourneur-de-palettes-hotung-pw-1\/","title":{"rendered":"Retourneur de palettes Hotung PW 1"},"content":{"rendered":"<p><strong>Hotung Retourneur de piles PW 1<\/strong><br \/>\n<strong>Ann\u00e9e de construction 2000<br \/>\nSN 218-PW1  <\/strong><\/p>\n<p>Plate-forme int\u00e9rieure 127 x 83 cm<br \/>\nTous les chariots de machines et toutes les tailles de palettes jusqu&rsquo;\u00e0<br \/>\nformat euro-palette : 120 x 80 cm<br \/>\nen longueur : 142 x 102 cm<br \/>\nHauteur d&rsquo;entr\u00e9e pour la pile : 133 cm<br \/>\nHauteur d&rsquo;entr\u00e9e pour les roulettes : 100 cm<br \/>\nPile minimale : 61 cm<br \/>\nCapacit\u00e9 de levage : 1000 kg<br \/>\nTemps de virage : 2 x 40 sec<br \/>\npoids propre : 860 kg<br \/>\nPuissance requise : 1,5 KW\/16A<br \/>\nSurface au sol au repos : 150 x 170 cm<br \/>\nrotation\/max. Diam\u00e8tre de braquage \u00d8 195 cm<br \/>\nSurface au sol en fonctionnement : 210 x 170 cm<br \/>\nHauteur totale avec la pile : 176 cm<\/p>\n<p><em><strong>enti\u00e8rement nettoy\u00e9 et test\u00e9 en atelier<\/strong><\/em><\/p>\n","protected":false},"excerpt":{"rendered":"<p>Hotung Retourneur de piles PW 1 Ann\u00e9e de construction 2000 SN 218-PW1 Plate-forme int\u00e9rieure 127 x 83 cm Tous les chariots de machines et toutes les tailles de palettes jusqu&rsquo;\u00e0 format euro-palette : 120 x 80 cm en longueur : 142 x 102 cm Hauteur d&rsquo;entr\u00e9e pour la pile : 133 cm Hauteur d&rsquo;entr\u00e9e pour [&hellip;]<\/p>\n","protected":false},"featured_media":87822,"template":"","meta":[],"product_brand":[],"product_cat":[2896],"product_tag":[],"class_list":{"0":"post-88772","1":"product","2":"type-product","3":"status-publish","4":"has-post-thumbnail","6":"product_cat-retourneur-de-piles","7":"pa_hersteller-hotung","8":"pa_typ-pw1","10":"first","11":"instock","12":"taxable","13":"shipping-taxable","14":"product-type-simple"},"jetpack_sharing_enabled":true,"_links":{"self":[{"href":"https:\/\/www.3p-gmbh.de\/fr\/wp-json\/wp\/v2\/product\/88772","targetHints":{"allow":["GET"]}}],"collection":[{"href":"https:\/\/www.3p-gmbh.de\/fr\/wp-json\/wp\/v2\/product"}],"about":[{"href":"https:\/\/www.3p-gmbh.de\/fr\/wp-json\/wp\/v2\/types\/product"}],"wp:featuredmedia":[{"embeddable":true,"href":"https:\/\/www.3p-gmbh.de\/fr\/wp-json\/wp\/v2\/media\/87822"}],"wp:attachment":[{"href":"https:\/\/www.3p-gmbh.de\/fr\/wp-json\/wp\/v2\/media?parent=88772"}],"wp:term":[{"taxonomy":"product_brand","embeddable":true,"href":"https:\/\/www.3p-gmbh.de\/fr\/wp-json\/wp\/v2\/product_brand?post=88772"},{"taxonomy":"product_cat","embeddable":true,"href":"https:\/\/www.3p-gmbh.de\/fr\/wp-json\/wp\/v2\/product_cat?post=88772"},{"taxonomy":"product_tag","embeddable":true,"href":"https:\/\/www.3p-gmbh.de\/fr\/wp-json\/wp\/v2\/product_tag?post=88772"}],"curies":[{"name":"wp","href":"https:\/\/api.w.org\/{rel}","templated":true}]}}