{"id":88763,"date":"2023-07-09T10:10:47","date_gmt":"2023-07-09T10:10:47","guid":{"rendered":"https:\/\/www.3p-gmbh.de\/produkt\/heidelberg-acier-chaine-a-rouleaux-pour-encarteuse-piqueuse-st-350\/"},"modified":"2023-07-09T10:10:47","modified_gmt":"2023-07-09T10:10:47","slug":"heidelberg-acier-chaine-a-galets-pour-agrafeuse-st-350","status":"publish","type":"product","link":"https:\/\/www.3p-gmbh.de\/fr\/produkt\/heidelberg-acier-chaine-a-galets-pour-agrafeuse-st-350\/","title":{"rendered":"Heidelberg acier Cha\u00eene \u00e0 rouleaux pour encarteuse-piqueuse ST 350"},"content":{"rendered":"<p><strong>Heidelberg acier Cha\u00eene \u00e0 rouleaux pour encarteuse-piqueuse ST 350<\/strong><\/p>\n<p>Pi\u00e8ce 08B-1X124E-SYNO<\/p>\n","protected":false},"excerpt":{"rendered":"<p>Heidelberg acier Cha\u00eene \u00e0 rouleaux pour encarteuse-piqueuse ST 350 Pi\u00e8ce 08B-1X124E-SYNO<\/p>\n","protected":false},"featured_media":87839,"template":"","meta":[],"product_brand":[],"product_cat":[2848],"product_tag":[],"class_list":{"0":"post-88763","1":"product","2":"type-product","3":"status-publish","4":"has-post-thumbnail","6":"product_cat-accessoires","7":"pa_hersteller-heidelberg","8":"pa_typ-st-350","10":"first","11":"instock","12":"taxable","13":"shipping-taxable","14":"product-type-simple"},"jetpack_sharing_enabled":true,"_links":{"self":[{"href":"https:\/\/www.3p-gmbh.de\/fr\/wp-json\/wp\/v2\/product\/88763","targetHints":{"allow":["GET"]}}],"collection":[{"href":"https:\/\/www.3p-gmbh.de\/fr\/wp-json\/wp\/v2\/product"}],"about":[{"href":"https:\/\/www.3p-gmbh.de\/fr\/wp-json\/wp\/v2\/types\/product"}],"wp:featuredmedia":[{"embeddable":true,"href":"https:\/\/www.3p-gmbh.de\/fr\/wp-json\/wp\/v2\/media\/87839"}],"wp:attachment":[{"href":"https:\/\/www.3p-gmbh.de\/fr\/wp-json\/wp\/v2\/media?parent=88763"}],"wp:term":[{"taxonomy":"product_brand","embeddable":true,"href":"https:\/\/www.3p-gmbh.de\/fr\/wp-json\/wp\/v2\/product_brand?post=88763"},{"taxonomy":"product_cat","embeddable":true,"href":"https:\/\/www.3p-gmbh.de\/fr\/wp-json\/wp\/v2\/product_cat?post=88763"},{"taxonomy":"product_tag","embeddable":true,"href":"https:\/\/www.3p-gmbh.de\/fr\/wp-json\/wp\/v2\/product_tag?post=88763"}],"curies":[{"name":"wp","href":"https:\/\/api.w.org\/{rel}","templated":true}]}}