{"id":88758,"date":"2023-07-09T10:34:40","date_gmt":"2023-07-09T10:34:40","guid":{"rendered":"https:\/\/www.3p-gmbh.de\/produkt\/pese-papier-numerique-de-surface-pce-avec-coupeur-de-reference\/"},"modified":"2023-07-09T10:34:40","modified_gmt":"2023-07-09T10:34:40","slug":"balance-papier-plate-digitale-pce-avec-coupe-reference","status":"publish","type":"product","link":"https:\/\/www.3p-gmbh.de\/fr\/produkt\/balance-papier-plate-digitale-pce-avec-coupe-reference\/","title":{"rendered":"P\u00e8se-papier num\u00e9rique de surface PCE avec coupeur de r\u00e9f\u00e9rence"},"content":{"rendered":"<p><strong>P\u00e8se-papier num\u00e9rique de surface PCE avec coupeur de r\u00e9f\u00e9rence<\/strong><\/p>\n","protected":false},"excerpt":{"rendered":"<p>P\u00e8se-papier num\u00e9rique de surface PCE avec coupeur de r\u00e9f\u00e9rence<\/p>\n","protected":false},"featured_media":87873,"template":"","meta":[],"product_brand":[],"product_cat":[2889,2890],"product_tag":[],"class_list":{"0":"post-88758","1":"product","2":"type-product","3":"status-publish","4":"has-post-thumbnail","6":"product_cat-autre-transformation-du-papier","7":"product_cat-reliure-dassortiment","9":"first","10":"instock","11":"taxable","12":"shipping-taxable","13":"product-type-simple"},"jetpack_sharing_enabled":true,"_links":{"self":[{"href":"https:\/\/www.3p-gmbh.de\/fr\/wp-json\/wp\/v2\/product\/88758","targetHints":{"allow":["GET"]}}],"collection":[{"href":"https:\/\/www.3p-gmbh.de\/fr\/wp-json\/wp\/v2\/product"}],"about":[{"href":"https:\/\/www.3p-gmbh.de\/fr\/wp-json\/wp\/v2\/types\/product"}],"wp:featuredmedia":[{"embeddable":true,"href":"https:\/\/www.3p-gmbh.de\/fr\/wp-json\/wp\/v2\/media\/87873"}],"wp:attachment":[{"href":"https:\/\/www.3p-gmbh.de\/fr\/wp-json\/wp\/v2\/media?parent=88758"}],"wp:term":[{"taxonomy":"product_brand","embeddable":true,"href":"https:\/\/www.3p-gmbh.de\/fr\/wp-json\/wp\/v2\/product_brand?post=88758"},{"taxonomy":"product_cat","embeddable":true,"href":"https:\/\/www.3p-gmbh.de\/fr\/wp-json\/wp\/v2\/product_cat?post=88758"},{"taxonomy":"product_tag","embeddable":true,"href":"https:\/\/www.3p-gmbh.de\/fr\/wp-json\/wp\/v2\/product_tag?post=88758"}],"curies":[{"name":"wp","href":"https:\/\/api.w.org\/{rel}","templated":true}]}}