{"id":88689,"date":"2023-07-26T22:02:25","date_gmt":"2023-07-26T22:02:25","guid":{"rendered":"https:\/\/www.3p-gmbh.de\/produkt\/chariot-elevateur-a-haute-levee-hs-1029\/"},"modified":"2023-07-26T22:02:25","modified_gmt":"2023-07-26T22:02:25","slug":"hoch-hubstapler-hs-1029","status":"publish","type":"product","link":"https:\/\/www.3p-gmbh.de\/fr\/produkt\/hoch-hubstapler-hs-1029\/","title":{"rendered":"Chariot \u00e9l\u00e9vateur \u00e0 haute lev\u00e9e HS 1029"},"content":{"rendered":"<p><strong>Chariot \u00e9l\u00e9vateur \u00e0 haute lev\u00e9e HS 1029<\/strong><br \/>\n<strong>de 2010<\/strong><\/p>\n<p>Ce gerbeur hydraulique est constitu\u00e9 d&rsquo;une structure en acier solide et durable, solidement soud\u00e9e.<br \/>\nL&rsquo;appareil soul\u00e8ve des charges jusqu&rsquo;\u00e0 1000 kg et une hauteur de levage de 2780 mm .<br \/>\nLe gerbeur facilite le travail avec des palettes et des conteneurs et assure une m\u00e9thode de travail ergonomique.<br \/>\nLa commande se fait par un timon de s\u00e9curit\u00e9 \u00e0 une main.<\/p>\n<p>Autres caract\u00e9ristiques :<br \/>\n&#8211; Construction solide en acier soud\u00e9<br \/>\n&#8211; Rev\u00eatement par poudre robuste en RAL 1028<br \/>\n&#8211; Roues avec pneus en polyur\u00e9thane<br \/>\n&#8211; Les deux roues pivotantes sont \u00e9quip\u00e9es de freins<\/p>\n<p>Dimensions L x l x H : 1705 x 755 x 2080 mm<br \/>\nType d&rsquo;entra\u00eenement : manuel<br \/>\nType de construction : gerbeur<br \/>\nhauteur de construction : 2080 mm<br \/>\npoids propre : 230 kg<br \/>\nLongueur des fourches : 1150 mm<br \/>\nHauteur de levage : 2780mm<br \/>\nCentre de gravit\u00e9 de la charge : 600 mm<br \/>\nRoues pivotantes : 150 x 40 mm<br \/>\ncapacit\u00e9 de charge : 1000 kg<br \/>\nRayon de braquage : 1380 mm<\/p>\n","protected":false},"excerpt":{"rendered":"<p>Chariot \u00e9l\u00e9vateur \u00e0 haute lev\u00e9e HS 1029 de 2010 Ce gerbeur hydraulique est constitu\u00e9 d&rsquo;une structure en acier solide et durable, solidement soud\u00e9e. L&rsquo;appareil soul\u00e8ve des charges jusqu&rsquo;\u00e0 1000 kg et une hauteur de levage de 2780 mm . Le gerbeur facilite le travail avec des palettes et des conteneurs et assure une m\u00e9thode de [&hellip;]<\/p>\n","protected":false},"featured_media":88460,"template":"","meta":[],"product_brand":[],"product_cat":[2857],"product_tag":[],"class_list":{"0":"post-88689","1":"product","2":"type-product","3":"status-publish","4":"has-post-thumbnail","6":"product_cat-chariots-de-manutention","7":"pa_bezeichnung_typ-hs-1029","9":"first","10":"instock","11":"taxable","12":"shipping-taxable","13":"product-type-simple"},"jetpack_sharing_enabled":true,"_links":{"self":[{"href":"https:\/\/www.3p-gmbh.de\/fr\/wp-json\/wp\/v2\/product\/88689","targetHints":{"allow":["GET"]}}],"collection":[{"href":"https:\/\/www.3p-gmbh.de\/fr\/wp-json\/wp\/v2\/product"}],"about":[{"href":"https:\/\/www.3p-gmbh.de\/fr\/wp-json\/wp\/v2\/types\/product"}],"wp:featuredmedia":[{"embeddable":true,"href":"https:\/\/www.3p-gmbh.de\/fr\/wp-json\/wp\/v2\/media\/88460"}],"wp:attachment":[{"href":"https:\/\/www.3p-gmbh.de\/fr\/wp-json\/wp\/v2\/media?parent=88689"}],"wp:term":[{"taxonomy":"product_brand","embeddable":true,"href":"https:\/\/www.3p-gmbh.de\/fr\/wp-json\/wp\/v2\/product_brand?post=88689"},{"taxonomy":"product_cat","embeddable":true,"href":"https:\/\/www.3p-gmbh.de\/fr\/wp-json\/wp\/v2\/product_cat?post=88689"},{"taxonomy":"product_tag","embeddable":true,"href":"https:\/\/www.3p-gmbh.de\/fr\/wp-json\/wp\/v2\/product_tag?post=88689"}],"curies":[{"name":"wp","href":"https:\/\/api.w.org\/{rel}","templated":true}]}}