{"id":88686,"date":"2023-07-26T21:57:34","date_gmt":"2023-07-26T21:57:34","guid":{"rendered":"https:\/\/www.3p-gmbh.de\/produkt\/table-dassemblage-busch-tb-24-ii\/"},"modified":"2023-07-26T21:57:34","modified_gmt":"2023-07-26T21:57:34","slug":"table-busch-tb-24-ii","status":"publish","type":"product","link":"https:\/\/www.3p-gmbh.de\/fr\/produkt\/table-busch-tb-24-ii\/","title":{"rendered":"Table d&rsquo;assemblage Busch TB 24-II"},"content":{"rendered":"<p><strong>Table d&rsquo;assemblage Busch TB 24-II<br \/>\nde 2000  <\/strong><br \/>\n<strong>nettoy\u00e9 et \u00e9tat contr\u00f4l\u00e9 en atelier (pi\u00e8ces d&rsquo;usure remplac\u00e9es)<\/strong><\/p>\n<p>Le mat\u00e9riau des liasses est du papier kraft couch\u00e9 (brun ou blanc) ou du film de polypropyl\u00e8ne transparent.<br \/>\n\u00c9quipement avec \u00e9cran num\u00e9rique, affichage des erreurs et r\u00e9gulation \u00e9lectronique de la temp\u00e9rature.<\/p>\n<p>Possibilit\u00e9s de commande :<br \/>\n&#8211; D\u00e9clenchement individuel par bouton-poussoir<br \/>\n&#8211; D\u00e9clenchement individuel par p\u00e9dale <em>(en option)<\/em><br \/>\n&#8211; d\u00e9clenchement automatique par capteur<\/p>\n<p>Mat\u00e9riau des liasses : papier kraft couch\u00e9, film polypropyl\u00e8ne (PP)<br \/>\nLargeurs de bande : <strong>40 et 50 mm<\/strong><br \/>\nLongueur des rouleaux de papier kraft 150 \/ film 200 m<br \/>\nCapacit\u00e9 de la machine 20 &#8211; 25 cycles\/min<br \/>\nMax. Dimensions du ballot : 240 mm de large pour le ballottage de papier et 180 mm pour le ballottage de film, hauteur 150 mm , longueur illimit\u00e9e<\/p>\n","protected":false},"excerpt":{"rendered":"<p>Table d&rsquo;assemblage Busch TB 24-II de 2000 nettoy\u00e9 et \u00e9tat contr\u00f4l\u00e9 en atelier (pi\u00e8ces d&rsquo;usure remplac\u00e9es) Le mat\u00e9riau des liasses est du papier kraft couch\u00e9 (brun ou blanc) ou du film de polypropyl\u00e8ne transparent. \u00c9quipement avec \u00e9cran num\u00e9rique, affichage des erreurs et r\u00e9gulation \u00e9lectronique de la temp\u00e9rature. Possibilit\u00e9s de commande : &#8211; D\u00e9clenchement individuel par [&hellip;]<\/p>\n","protected":false},"featured_media":88419,"template":"","meta":[],"product_brand":[],"product_cat":[2855],"product_tag":[],"class_list":{"0":"post-88686","1":"product","2":"type-product","3":"status-publish","4":"has-post-thumbnail","6":"product_cat-banderoleuses","7":"pa_bezeichnung_typ-tb-24-ii","8":"pa_hersteller-busch","10":"first","11":"instock","12":"taxable","13":"shipping-taxable","14":"product-type-simple"},"jetpack_sharing_enabled":true,"_links":{"self":[{"href":"https:\/\/www.3p-gmbh.de\/fr\/wp-json\/wp\/v2\/product\/88686","targetHints":{"allow":["GET"]}}],"collection":[{"href":"https:\/\/www.3p-gmbh.de\/fr\/wp-json\/wp\/v2\/product"}],"about":[{"href":"https:\/\/www.3p-gmbh.de\/fr\/wp-json\/wp\/v2\/types\/product"}],"wp:featuredmedia":[{"embeddable":true,"href":"https:\/\/www.3p-gmbh.de\/fr\/wp-json\/wp\/v2\/media\/88419"}],"wp:attachment":[{"href":"https:\/\/www.3p-gmbh.de\/fr\/wp-json\/wp\/v2\/media?parent=88686"}],"wp:term":[{"taxonomy":"product_brand","embeddable":true,"href":"https:\/\/www.3p-gmbh.de\/fr\/wp-json\/wp\/v2\/product_brand?post=88686"},{"taxonomy":"product_cat","embeddable":true,"href":"https:\/\/www.3p-gmbh.de\/fr\/wp-json\/wp\/v2\/product_cat?post=88686"},{"taxonomy":"product_tag","embeddable":true,"href":"https:\/\/www.3p-gmbh.de\/fr\/wp-json\/wp\/v2\/product_tag?post=88686"}],"curies":[{"name":"wp","href":"https:\/\/api.w.org\/{rel}","templated":true}]}}