{"id":125266,"date":"2026-04-09T06:21:47","date_gmt":"2026-04-09T06:21:47","guid":{"rendered":"https:\/\/www.3p-gmbh.de\/?post_type=product&#038;p=125266"},"modified":"2026-04-09T06:21:47","modified_gmt":"2026-04-09T06:21:47","slug":"fks-duplo-printbind-heissleim-klebebindeautomat-kb-2000","status":"publish","type":"product","link":"https:\/\/www.3p-gmbh.de\/fr\/produkt\/fks-duplo-printbind-heissleim-klebebindeautomat-kb-2000\/","title":{"rendered":"FKS Duplo Printbind Hei\u00dfleim Klebebindeautomat KB-2000"},"content":{"rendered":"<p>FKS Duplo Printbind Hei\u00dfleim Klebebindeautomat KB-2000<br \/>\naus 2006<\/p>\n<div id=\"tobit_rforig2fcf\">\n<div><span style=\"font-family: Arial;\">Buchgr\u00f6\u00dfe: 60 \u00d7 120 mm (min.)<br \/>\nBuchgr\u00f6\u00dfe: 305 \u00d7 320 mm (max.)<br \/>\nBuchst\u00e4rke: 3 Bogen 80 g\/m\u00b2 (min.)<br \/>\nBuchst\u00e4rke: 60 mm (max.)<br \/>\nUmschlaggr\u00f6\u00dfe: 320 \u00d7 780 mm (max.)<br \/>\nUmschlaggewicht: ca. 250 g\/m\u00b2<br \/>\nGeschwindigkeit: Bis zu 240 Bindungen\/Stunde<br \/>\nLeim Vorw\u00e4rmzeit: ca. 30 Minuten<br \/>\nLeimauftragssystem: 2 Leimauftragswalzen, 1 Egalisierwalze<\/span><\/div>\n<\/div>\n<div id=\"tobit_rforig2fcf\">\n<div><\/div>\n<div><span style=\"font-family: Arial;\">Eigenschaften:<br \/>\nBuch- oder Blockbindung<br \/>\nAutomat. Vorspanneinrichtung<br \/>\nZentrales LCD-Display<br \/>\nAuflagenz\u00e4hler (4 stellig)<br \/>\nKompressor<br \/>\nDunstabsaugung<br \/>\nR\u00fccken Schlitzen (an\/aus)<br \/>\nProgrammierbare Presszeit<br \/>\nStandby<br \/>\nUnterschrank integriert<\/span><\/div>\n<div><\/div>\n<\/div>\n<div id=\"tobit_rforig2fcf\">\n<div><span style=\"font-family: Arial;\">Stromversorgung: 230 V, 50 Hz, 16 A<br \/>\nAbmessungen (L \u00d7 B \u00d7 H): 1.320 mm \u00d7 670 mm \u00d7 1.380 mm<br \/>\nGewicht: 185 kg<\/span><\/div>\n<\/div>\n","protected":false},"excerpt":{"rendered":"<p>FKS Duplo Printbind Hei\u00dfleim Klebebindeautomat KB-2000 aus 2006 Buchgr\u00f6\u00dfe: 60 \u00d7 120 mm (min.) Buchgr\u00f6\u00dfe: 305 \u00d7 320 mm (max.) Buchst\u00e4rke: 3 Bogen 80 g\/m\u00b2 (min.) Buchst\u00e4rke: 60 mm (max.) Umschlaggr\u00f6\u00dfe: 320 \u00d7 780 mm (max.) Umschlaggewicht: ca. 250 g\/m\u00b2 Geschwindigkeit: Bis zu 240 Bindungen\/Stunde Leim Vorw\u00e4rmzeit: ca. 30 Minuten Leimauftragssystem: 2 Leimauftragswalzen, 1 Egalisierwalze [&hellip;]<\/p>\n","protected":false},"featured_media":125267,"template":"","meta":[],"product_brand":[],"product_cat":[1751],"product_tag":[],"class_list":{"0":"post-125266","1":"product","2":"type-product","3":"status-publish","4":"has-post-thumbnail","6":"product_cat-klebebinder","7":"pa_baujahr-127","8":"pa_bezeichnung_typ-kb-2000","9":"pa_hersteller-fks-duplo","11":"first","12":"instock","13":"taxable","14":"shipping-taxable","15":"product-type-simple"},"jetpack_sharing_enabled":true,"_links":{"self":[{"href":"https:\/\/www.3p-gmbh.de\/fr\/wp-json\/wp\/v2\/product\/125266","targetHints":{"allow":["GET"]}}],"collection":[{"href":"https:\/\/www.3p-gmbh.de\/fr\/wp-json\/wp\/v2\/product"}],"about":[{"href":"https:\/\/www.3p-gmbh.de\/fr\/wp-json\/wp\/v2\/types\/product"}],"wp:featuredmedia":[{"embeddable":true,"href":"https:\/\/www.3p-gmbh.de\/fr\/wp-json\/wp\/v2\/media\/125267"}],"wp:attachment":[{"href":"https:\/\/www.3p-gmbh.de\/fr\/wp-json\/wp\/v2\/media?parent=125266"}],"wp:term":[{"taxonomy":"product_brand","embeddable":true,"href":"https:\/\/www.3p-gmbh.de\/fr\/wp-json\/wp\/v2\/product_brand?post=125266"},{"taxonomy":"product_cat","embeddable":true,"href":"https:\/\/www.3p-gmbh.de\/fr\/wp-json\/wp\/v2\/product_cat?post=125266"},{"taxonomy":"product_tag","embeddable":true,"href":"https:\/\/www.3p-gmbh.de\/fr\/wp-json\/wp\/v2\/product_tag?post=125266"}],"curies":[{"name":"wp","href":"https:\/\/api.w.org\/{rel}","templated":true}]}}