{"id":124274,"date":"2025-03-10T10:35:37","date_gmt":"2025-03-10T10:35:37","guid":{"rendered":"https:\/\/www.3p-gmbh.de\/produkt\/nyloprint-combinaison-dappareils-basf-flint-modele-cartomac-eko-35-avec-flasheuse-uv-a-tube-ay-315\/"},"modified":"2025-03-10T10:35:37","modified_gmt":"2025-03-10T10:35:37","slug":"nyloprint-combinaison-dappareils-basf-flint-modele-cartomac-eko-35-avec-flasheuse-uv-a-tube-ay-315","status":"publish","type":"product","link":"https:\/\/www.3p-gmbh.de\/fr\/produkt\/nyloprint-combinaison-dappareils-basf-flint-modele-cartomac-eko-35-avec-flasheuse-uv-a-tube-ay-315\/","title":{"rendered":"Nyloprint combinaison d&rsquo;appareils BASF\/Flint mod\u00e8le Cartomac Eko 35 avec flasheuse UV \u00e0 tube AY 315"},"content":{"rendered":"<div><span style=\"font-family: Arial;\"><span style=\"color: #0000ff;\"><strong>Nyloprint combinaison d&rsquo;appareils BASF\/Flint mod\u00e8le Cartomac Eko 35 avec flasheuse UV \u00e0 tube AY 315<br \/>\n<\/strong><\/span><\/span><\/div>\n<div><span style=\"font-family: Arial;\">&#8211; avec laveur \u00e0 plat<br \/>\n&#8211; avec r\u00e9glage de la temp\u00e9rature de l&rsquo;eau de 20- 40\u00b0 C,<br \/>\n&#8211; laveur osscilant avec une plaque magn\u00e9tique pour clich\u00e9s avec dos en acier<br \/>\n&#8211; syst\u00e8me de d\u00e9bit d&rsquo;eau<\/span><\/div>\n<div><\/div>\n<div><span style=\"color: #0000ff; font-family: Arial;\"><strong>2 tiroirs de s\u00e9chage<\/strong><\/span><\/div>\n<div><\/div>\n<div><span style=\"color: #0000ff; font-family: Arial;\"><strong>Syst\u00e8me d&rsquo;exposition UV \u00e0 tube AY 315<\/strong><\/span><\/div>\n","protected":false},"excerpt":{"rendered":"<p>Nyloprint combinaison d&rsquo;appareils BASF\/Flint mod\u00e8le Cartomac Eko 35 avec flasheuse UV \u00e0 tube AY 315 &#8211; avec laveur \u00e0 plat &#8211; avec r\u00e9glage de la temp\u00e9rature de l&rsquo;eau de 20- 40\u00b0 C, &#8211; laveur osscilant avec une plaque magn\u00e9tique pour clich\u00e9s avec dos en acier &#8211; syst\u00e8me de d\u00e9bit d&rsquo;eau 2 tiroirs de s\u00e9chage Syst\u00e8me [&hellip;]<\/p>\n","protected":false},"featured_media":124143,"template":"","meta":[],"product_brand":[],"product_cat":[2866,2941],"product_tag":[],"class_list":{"0":"post-124274","1":"product","2":"type-product","3":"status-publish","4":"has-post-thumbnail","6":"product_cat-autre-traitement-ulterieur","7":"product_cat-autres-machines-et-installations","9":"first","10":"instock","11":"taxable","12":"shipping-taxable","13":"product-type-simple"},"jetpack_sharing_enabled":true,"_links":{"self":[{"href":"https:\/\/www.3p-gmbh.de\/fr\/wp-json\/wp\/v2\/product\/124274","targetHints":{"allow":["GET"]}}],"collection":[{"href":"https:\/\/www.3p-gmbh.de\/fr\/wp-json\/wp\/v2\/product"}],"about":[{"href":"https:\/\/www.3p-gmbh.de\/fr\/wp-json\/wp\/v2\/types\/product"}],"wp:featuredmedia":[{"embeddable":true,"href":"https:\/\/www.3p-gmbh.de\/fr\/wp-json\/wp\/v2\/media\/124143"}],"wp:attachment":[{"href":"https:\/\/www.3p-gmbh.de\/fr\/wp-json\/wp\/v2\/media?parent=124274"}],"wp:term":[{"taxonomy":"product_brand","embeddable":true,"href":"https:\/\/www.3p-gmbh.de\/fr\/wp-json\/wp\/v2\/product_brand?post=124274"},{"taxonomy":"product_cat","embeddable":true,"href":"https:\/\/www.3p-gmbh.de\/fr\/wp-json\/wp\/v2\/product_cat?post=124274"},{"taxonomy":"product_tag","embeddable":true,"href":"https:\/\/www.3p-gmbh.de\/fr\/wp-json\/wp\/v2\/product_tag?post=124274"}],"curies":[{"name":"wp","href":"https:\/\/api.w.org\/{rel}","templated":true}]}}